{"id":6208,"date":"2020-11-17T14:40:22","date_gmt":"2020-11-17T14:40:22","guid":{"rendered":"https:\/\/tipandtrips.es\/condiciones-de-uso\/"},"modified":"2021-03-11T18:54:41","modified_gmt":"2021-03-11T18:54:41","slug":"condiciones-de-uso","status":"publish","type":"page","link":"https:\/\/tipandtrips.es\/es\/condiciones-de-uso\/","title":{"rendered":"Condiciones de uso"},"content":{"rendered":"\t\t<div data-elementor-type=\"wp-page\" data-elementor-id=\"6208\" class=\"elementor elementor-6208 elementor-4965\" data-elementor-settings=\"[]\">\n\t\t\t\t\t\t<div class=\"elementor-inner\">\n\t\t\t\t\t\t\t<div class=\"elementor-section-wrap\">\n\t\t\t\t\t\t\t<section class=\"elementor-section elementor-top-section elementor-element elementor-element-c64ed75 elementor-section-column-vertical-align-middle elementor-section-boxed elementor-section-gap-beside-yes elementor-section-height-default elementor-section-height-default\" data-id=\"c64ed75\" data-element_type=\"section\" data-settings=\"{&quot;background_background&quot;:&quot;classic&quot;}\">\n\t\t\t\t\t\t<div class=\"elementor-container elementor-column-gap-extended\">\n\t\t\t\t\t\t\t<div class=\"elementor-row\">\n\t\t\t\t\t<div class=\"elementor-column elementor-col-50 elementor-top-column elementor-element elementor-element-37e512a\" data-id=\"37e512a\" data-element_type=\"column\">\n\t\t\t<div class=\"elementor-column-wrap elementor-element-populated\">\n\t\t\t\t\t\t\t<div class=\"elementor-widget-wrap\">\n\t\t\t\t\t\t<div class=\"elementor-element elementor-element-447bf44 elementor-widget elementor-widget-heading\" data-id=\"447bf44\" data-element_type=\"widget\" data-widget_type=\"heading.default\">\n\t\t\t\t<div class=\"elementor-widget-container\">\n\t\t\t<h1 class=\"elementor-heading-title elementor-size-xl\">Condiciones de uso<\/h1>\t\t<\/div>\n\t\t\t\t<\/div>\n\t\t\t\t\t\t<\/div>\n\t\t\t\t\t<\/div>\n\t\t<\/div>\n\t\t\t\t<div class=\"elementor-column elementor-col-50 elementor-top-column elementor-element elementor-element-2dc4306 elementor-hidden-phone\" data-id=\"2dc4306\" data-element_type=\"column\">\n\t\t\t<div class=\"elementor-column-wrap elementor-element-populated\">\n\t\t\t\t\t\t\t<div class=\"elementor-widget-wrap\">\n\t\t\t\t\t\t<div class=\"elementor-element elementor-element-5e2de75 elementor-widget elementor-widget-image\" data-id=\"5e2de75\" data-element_type=\"widget\" data-widget_type=\"image.default\">\n\t\t\t\t<div class=\"elementor-widget-container\">\n\t\t\t\t\t\t\t\t<div class=\"elementor-image\">\n\t\t\t\t\t\t\t\t\t\t\t\t\t<a href=\"https:\/\/tipandtrips.es\/es\/\">\n\t\t\t\t\t\t\t<img width=\"768\" height=\"151\" src=\"https:\/\/tipandtrips.es\/wp-content\/uploads\/2020\/11\/Logo-Captura-e1604933694189.jpg\" class=\"attachment-medium_large size-medium_large\" alt=\"\" loading=\"lazy\" \/>\t\t\t\t\t\t\t\t<\/a>\n\t\t\t\t\t\t\t\t\t\t\t\t\t\t<\/div>\n\t\t\t\t\t\t<\/div>\n\t\t\t\t<\/div>\n\t\t\t\t\t\t<\/div>\n\t\t\t\t\t<\/div>\n\t\t<\/div>\n\t\t\t\t\t\t\t\t<\/div>\n\t\t\t\t\t<\/div>\n\t\t<\/section>\n\t\t\t\t<section class=\"elementor-section elementor-top-section elementor-element elementor-element-491cd69 elementor-section-boxed elementor-section-gap-beside-yes elementor-section-height-default elementor-section-height-default elementor-section-content-align-center elementor-section-column-vertical-align-stretch\" data-id=\"491cd69\" data-element_type=\"section\">\n\t\t\t\t\t\t<div class=\"elementor-container elementor-column-gap-extended\">\n\t\t\t\t\t\t\t<div class=\"elementor-row\">\n\t\t\t\t\t<div class=\"elementor-column elementor-col-100 elementor-top-column elementor-element elementor-element-52ab444\" data-id=\"52ab444\" data-element_type=\"column\">\n\t\t\t<div class=\"elementor-column-wrap elementor-element-populated\">\n\t\t\t\t\t\t\t<div class=\"elementor-widget-wrap\">\n\t\t\t\t\t\t<div class=\"elementor-element elementor-element-59b5979 elementor-widget elementor-widget-heading\" data-id=\"59b5979\" data-element_type=\"widget\" data-widget_type=\"heading.default\">\n\t\t\t\t<div class=\"elementor-widget-container\">\n\t\t\t<h2 class=\"elementor-heading-title elementor-size-default\">Condiciones de uso<\/h2>\t\t<\/div>\n\t\t\t\t<\/div>\n\t\t\t\t<div class=\"elementor-element elementor-element-701c4f8 elementor-widget elementor-widget-text-editor\" data-id=\"701c4f8\" data-element_type=\"widget\" data-widget_type=\"text-editor.default\">\n\t\t\t\t<div class=\"elementor-widget-container\">\n\t\t\t\t\t\t\t\t<div class=\"elementor-text-editor elementor-clearfix\">\n\t\t\t\t<p><span style=\"font-weight: 400;\">Este sitio web (incluidos los subsitios y el texto, las im\u00e1genes, los v\u00eddeos, el software, los productos, los servicios y cualquier otra informaci\u00f3n contenida o presentada en el sitio web; en conjunto, el \u00absitio web\u00bb) es proporcionado por:<\/span><\/p>\n<p>&nbsp;<\/p>\n<p><span style=\"font-weight: 400;\">Tip and Trips S.L.,<\/span><\/p>\n<p>&nbsp;<\/p>\n<p><span style=\"font-weight: 400;\">Calle Pintor Jose Aguiar, 2,<\/span><\/p>\n<p>&nbsp;<\/p>\n<p><span style=\"font-weight: 400;\">38001 Santa Cruz de Tenerife, Espa\u00f1a.<\/span><\/p>\n<p>&nbsp;<\/p>\n<p><span style=\"font-weight: 400;\">Puede contactar con nosotros por correo electr\u00f3nico (info@tipandtrips.com).<\/span><\/p>\n<p>&nbsp;<\/p>\n<p><span style=\"font-weight: 400;\">Las reservas a trav\u00e9s de la plataforma est\u00e1n sujetas a nuestras Condiciones Generales as\u00ed como a las condiciones adicionales de los proveedores. <\/span><\/p>\n\t\t\t\t\t<\/div>\n\t\t\t\t\t\t<\/div>\n\t\t\t\t<\/div>\n\t\t\t\t<div class=\"elementor-element elementor-element-9532d03 elementor-widget elementor-widget-heading\" data-id=\"9532d03\" data-element_type=\"widget\" data-widget_type=\"heading.default\">\n\t\t\t\t<div class=\"elementor-widget-container\">\n\t\t\t<h3 class=\"elementor-heading-title elementor-size-medium\">Aplicaci\u00f3n de estas condiciones de uso<\/h3>\t\t<\/div>\n\t\t\t\t<\/div>\n\t\t\t\t<div class=\"elementor-element elementor-element-643d472 elementor-widget elementor-widget-text-editor\" data-id=\"643d472\" data-element_type=\"widget\" data-widget_type=\"text-editor.default\">\n\t\t\t\t<div class=\"elementor-widget-container\">\n\t\t\t\t\t\t\t\t<div class=\"elementor-text-editor elementor-clearfix\">\n\t\t\t\t<p><span style=\"font-weight: 400;\">Estas condiciones de uso (las \u00abCondiciones de Uso\u00bb), junto con nuestra pol\u00edtica de privacidad, se aplican a cualquier uso del Sitio Web. Los visitantes del Sitio Web (\u00abUsuario\u00bb o \u00abusted\u00bb) pueden utilizar el Sitio Web s\u00f3lo a condici\u00f3n de que acepten las Condiciones de Uso y lean y comprendan la Pol\u00edtica de Privacidad. Cualquier uso posterior del Sitio Web o de cualquier parte del mismo significa que usted ha le\u00eddo y comprende las Condiciones de Uso y la Pol\u00edtica de Privacidad, y acepta quedar obligado por todas las partes de las Condiciones de Uso.<\/span><\/p>\n\t\t\t\t\t<\/div>\n\t\t\t\t\t\t<\/div>\n\t\t\t\t<\/div>\n\t\t\t\t<div class=\"elementor-element elementor-element-de384e5 elementor-widget elementor-widget-heading\" data-id=\"de384e5\" data-element_type=\"widget\" data-widget_type=\"heading.default\">\n\t\t\t\t<div class=\"elementor-widget-container\">\n\t\t\t<h3 class=\"elementor-heading-title elementor-size-medium\">Ninguna oferta<\/h3>\t\t<\/div>\n\t\t\t\t<\/div>\n\t\t\t\t<div class=\"elementor-element elementor-element-1bdbe69 elementor-widget elementor-widget-text-editor\" data-id=\"1bdbe69\" data-element_type=\"widget\" data-widget_type=\"text-editor.default\">\n\t\t\t\t<div class=\"elementor-widget-container\">\n\t\t\t\t\t\t\t\t<div class=\"elementor-text-editor elementor-clearfix\">\n\t\t\t\t<p><span style=\"font-weight: 400;\">La informaci\u00f3n contenida en este sitio web tiene \u00fanicamente fines informativos generales. La informaci\u00f3n de este sitio web no constituye una oferta vinculante para nosotros. Los acuerdos vinculantes con los proveedores de actividades disponibles en el sitio web requieren una solicitud de reserva a trav\u00e9s de la plataforma y la aceptaci\u00f3n de la solicitud de reserva por parte del proveedor de acuerdo con las Condiciones Generales.<\/span><\/p>\n\t\t\t\t\t<\/div>\n\t\t\t\t\t\t<\/div>\n\t\t\t\t<\/div>\n\t\t\t\t<div class=\"elementor-element elementor-element-61a8460 elementor-widget elementor-widget-heading\" data-id=\"61a8460\" data-element_type=\"widget\" data-widget_type=\"heading.default\">\n\t\t\t\t<div class=\"elementor-widget-container\">\n\t\t\t<h3 class=\"elementor-heading-title elementor-size-medium\">No se ofrece ninguna garant\u00eda<\/h3>\t\t<\/div>\n\t\t\t\t<\/div>\n\t\t\t\t<div class=\"elementor-element elementor-element-d84c5ce elementor-widget elementor-widget-text-editor\" data-id=\"d84c5ce\" data-element_type=\"widget\" data-widget_type=\"text-editor.default\">\n\t\t\t\t<div class=\"elementor-widget-container\">\n\t\t\t\t\t\t\t\t<div class=\"elementor-text-editor elementor-clearfix\">\n\t\t\t\t<p><span style=\"font-weight: 400;\">Aunque tratamos de asegurar que la informaci\u00f3n en o a trav\u00e9s del Sitio Web es precisa, no ofrecemos ninguna garant\u00eda, expresa o impl\u00edcita, en relaci\u00f3n con su correcci\u00f3n, integridad, actualidad, fiabilidad, idoneidad para cualquier prop\u00f3sito o de otro tipo (incluyendo cualquier informaci\u00f3n proporcionada por terceros). Podemos cambiar, a\u00f1adir o eliminar informaci\u00f3n en el Sitio Web y su estructura y funciones en cualquier momento a nuestra entera discreci\u00f3n, sin informar espec\u00edficamente de tal cambio, y sin eliminar informaci\u00f3n obsoleta o caracterizarla como tal.<\/span><\/p>\n<p><span style=\"font-weight: 400;\">Tambi\u00e9n podemos bloquear el acceso de los Usuarios al Sitio Web o a partes del mismo, o exigir el cumplimiento de determinadas condiciones para dicho acceso. No ofrecemos ninguna garant\u00eda, expresa o impl\u00edcita, en relaci\u00f3n con la disponibilidad del Sitio Web o sus funciones, que el Sitio Web est\u00e9 libre de defectos, o que el Sitio Web y la infraestructura en la que se ejecuta est\u00e9 libre de virus y otro software da\u00f1ino. Adem\u00e1s, no garantizamos que la informaci\u00f3n disponible en el Sitio Web no haya sido alterada por defectos t\u00e9cnicos o por terceros no autorizados.<\/span><\/p>\n\t\t\t\t\t<\/div>\n\t\t\t\t\t\t<\/div>\n\t\t\t\t<\/div>\n\t\t\t\t<div class=\"elementor-element elementor-element-61f99b0 elementor-widget elementor-widget-heading\" data-id=\"61f99b0\" data-element_type=\"widget\" data-widget_type=\"heading.default\">\n\t\t\t\t<div class=\"elementor-widget-container\">\n\t\t\t<h3 class=\"elementor-heading-title elementor-size-medium\">Limitaci\u00f3n de la responsabilidad<\/h3>\t\t<\/div>\n\t\t\t\t<\/div>\n\t\t\t\t<div class=\"elementor-element elementor-element-02ec4f2 elementor-widget elementor-widget-text-editor\" data-id=\"02ec4f2\" data-element_type=\"widget\" data-widget_type=\"text-editor.default\">\n\t\t\t\t<div class=\"elementor-widget-container\">\n\t\t\t\t\t\t\t\t<div class=\"elementor-text-editor elementor-clearfix\">\n\t\t\t\t<p><span style=\"font-weight: 400;\">Excluimos nuestra responsabilidad y la de nuestros agentes y contratistas independientes, as\u00ed como la de nuestros empleados y directivos y la de los suyos, por los da\u00f1os relacionados con su acceso (o imposibilidad de acceso) al Sitio Web, o con cualquier error u omisi\u00f3n, o con los resultados obtenidos del uso del Sitio Web, cualquiera que sea la base legal de dicha responsabilidad, excepto la responsabilidad por los da\u00f1os causados intencionadamente o por negligencia grave, y s\u00f3lo en la medida permitida por la legislaci\u00f3n aplicable.<\/span><\/p>\n\t\t\t\t\t<\/div>\n\t\t\t\t\t\t<\/div>\n\t\t\t\t<\/div>\n\t\t\t\t<div class=\"elementor-element elementor-element-1c41216 elementor-widget elementor-widget-heading\" data-id=\"1c41216\" data-element_type=\"widget\" data-widget_type=\"heading.default\">\n\t\t\t\t<div class=\"elementor-widget-container\">\n\t\t\t<h3 class=\"elementor-heading-title elementor-size-medium\">Contenido de terceros, enlaces a otros sitios web<\/h3>\t\t<\/div>\n\t\t\t\t<\/div>\n\t\t\t\t<div class=\"elementor-element elementor-element-196fc7a elementor-widget elementor-widget-text-editor\" data-id=\"196fc7a\" data-element_type=\"widget\" data-widget_type=\"text-editor.default\">\n\t\t\t\t<div class=\"elementor-widget-container\">\n\t\t\t\t\t\t\t\t<div class=\"elementor-text-editor elementor-clearfix\">\n\t\t\t\t<p>No asumimos ninguna responsabilidad por los contenidos de terceros (incluidas las actividades disponibles para las solicitudes de reserva y la informaci\u00f3n relativa a dichas actividades) que puedan estar disponibles a trav\u00e9s del sitio web, ni por los contenidos vinculados al sitio web o a los que se haga referencia desde \u00e9l. No recomendamos ni avalamos dichos contenidos, y no tendremos ninguna responsabilidad en relaci\u00f3n con ellos. En los casos en los que se incluyan enlaces a sitios web de terceros, el usuario utilizar\u00e1 dichos sitios bajo su propia responsabilidad. Le recomendamos que lea las pol\u00edticas de estos sitios web y que revise c\u00f3mo estos sitios web pueden procesar los datos de identificaci\u00f3n personal relacionados con usted. Si cree que tenemos contenido il\u00edcito en el sitio web, env\u00ede un correo electr\u00f3nico a info@tipandtrips.com<\/p>\n\t\t\t\t\t<\/div>\n\t\t\t\t\t\t<\/div>\n\t\t\t\t<\/div>\n\t\t\t\t<div class=\"elementor-element elementor-element-c4daa49 elementor-widget elementor-widget-heading\" data-id=\"c4daa49\" data-element_type=\"widget\" data-widget_type=\"heading.default\">\n\t\t\t\t<div class=\"elementor-widget-container\">\n\t\t\t<h3 class=\"elementor-heading-title elementor-size-medium\">Derechos de propiedad intelectual<\/h3>\t\t<\/div>\n\t\t\t\t<\/div>\n\t\t\t\t<div class=\"elementor-element elementor-element-5a6c0eb elementor-widget elementor-widget-text-editor\" data-id=\"5a6c0eb\" data-element_type=\"widget\" data-widget_type=\"text-editor.default\">\n\t\t\t\t<div class=\"elementor-widget-container\">\n\t\t\t\t\t\t\t\t<div class=\"elementor-text-editor elementor-clearfix\">\n\t\t\t\t<p>En lo que respecta a usted y a nosotros, el Sitio Web est\u00e1 y sigue estando protegido por derechos de autor y\/o cualquier otro derecho de propiedad intelectual (incluida la protecci\u00f3n otorgada por la ley de competencia desleal). Usted no adquiere ning\u00fan derecho sobre el Sitio Web, ni sobre los nombres, nombres comerciales y signos distintivos de cualquier naturaleza (incluidas las marcas comerciales) publicados en el Sitio Web.<\/p>\n<p><span style=\"font-weight: 400;\">Puede acceder y ver el Sitio Web, pero no incorporarlo a otros sitios web, y no copiarlo, presentarlo, concederle una licencia, publicarlo, descargarlo, cargarlo, enviarlo o hacerlo perceptible de cualquier otra forma sin nuestro consentimiento previo por escrito.<\/span><\/p>\n\t\t\t\t\t<\/div>\n\t\t\t\t\t\t<\/div>\n\t\t\t\t<\/div>\n\t\t\t\t<div class=\"elementor-element elementor-element-b4dbb49 elementor-widget elementor-widget-heading\" data-id=\"b4dbb49\" data-element_type=\"widget\" data-widget_type=\"heading.default\">\n\t\t\t\t<div class=\"elementor-widget-container\">\n\t\t\t<h3 class=\"elementor-heading-title elementor-size-medium\">Modificaciones de las condiciones de uso<\/h3>\t\t<\/div>\n\t\t\t\t<\/div>\n\t\t\t\t<div class=\"elementor-element elementor-element-1b32f54 elementor-widget elementor-widget-text-editor\" data-id=\"1b32f54\" data-element_type=\"widget\" data-widget_type=\"text-editor.default\">\n\t\t\t\t<div class=\"elementor-widget-container\">\n\t\t\t\t\t\t\t\t<div class=\"elementor-text-editor elementor-clearfix\">\n\t\t\t\t<p><span style=\"font-weight: 400;\">Podemos modificar estas Condiciones de Uso en cualquier momento y con efecto inmediato. Si realizamos modificaciones, \u00e9stas se aplicar\u00e1n a partir de la fecha de su publicaci\u00f3n en el sitio web. Esperamos que consulte regularmente esta secci\u00f3n para asegurarse de que est\u00e1 familiarizado con las Condiciones de Uso aplicables. Cualquier uso del sitio web despu\u00e9s de dichas modificaciones significa que usted acepta la modificaci\u00f3n.<\/span><\/p>\n\t\t\t\t\t<\/div>\n\t\t\t\t\t\t<\/div>\n\t\t\t\t<\/div>\n\t\t\t\t<div class=\"elementor-element elementor-element-7d0023f elementor-widget elementor-widget-heading\" data-id=\"7d0023f\" data-element_type=\"widget\" data-widget_type=\"heading.default\">\n\t\t\t\t<div class=\"elementor-widget-container\">\n\t\t\t<h3 class=\"elementor-heading-title elementor-size-medium\">Legislaci\u00f3n y jurisdicci\u00f3n aplicables<\/h3>\t\t<\/div>\n\t\t\t\t<\/div>\n\t\t\t\t<div class=\"elementor-element elementor-element-ef31b21 elementor-widget elementor-widget-text-editor\" data-id=\"ef31b21\" data-element_type=\"widget\" data-widget_type=\"text-editor.default\">\n\t\t\t\t<div class=\"elementor-widget-container\">\n\t\t\t\t\t\t\t\t<div class=\"elementor-text-editor elementor-clearfix\">\n\t\t\t\t<p><span style=\"font-weight: 400;\">Estas Condiciones de Uso y cualquier disputa que surja de o en relaci\u00f3n con las mismas est\u00e1n sujetas a las leyes sustantivas de Espa\u00f1a, y estar\u00e1n sujetas a la jurisdicci\u00f3n exclusiva de los tribunales de nuestra sede, siempre que podamos interponer acciones contra los usuarios por infracci\u00f3n de los derechos de propiedad intelectual ante cualquier tribunal competente, y con sujeci\u00f3n al derecho imperativo.<\/span><\/p>\n\t\t\t\t\t<\/div>\n\t\t\t\t\t\t<\/div>\n\t\t\t\t<\/div>\n\t\t\t\t<div class=\"elementor-element elementor-element-e8ce36d elementor-widget elementor-widget-text-editor\" data-id=\"e8ce36d\" data-element_type=\"widget\" data-widget_type=\"text-editor.default\">\n\t\t\t\t<div class=\"elementor-widget-container\">\n\t\t\t\t\t\t\t\t<div class=\"elementor-text-editor elementor-clearfix\">\n\t\t\t\t<p><span style=\"font-weight: 400;\">Tip and Trips, S.L.<\/span><\/p>\n<p><span style=\"font-weight: 400;\">CIF: B76823160<\/span><\/p>\n<p><span style=\"font-weight: 400;\">Calle Pintor Jos\u00e9 Aguiar, 2 <\/span><span style=\"font-weight: 400;\">38001 Santa Cruz de Tenerife, Espa\u00f1a<\/span><\/p>\n<p><span style=\"font-weight: 400;\">info@tipandtrips.com<\/span><\/p>\n\t\t\t\t\t<\/div>\n\t\t\t\t\t\t<\/div>\n\t\t\t\t<\/div>\n\t\t\t\t\t\t<\/div>\n\t\t\t\t\t<\/div>\n\t\t<\/div>\n\t\t\t\t\t\t\t\t<\/div>\n\t\t\t\t\t<\/div>\n\t\t<\/section>\n\t\t\t\t\t\t<\/div>\n\t\t\t\t\t\t<\/div>\n\t\t\t\t\t<\/div>\n\t\t","protected":false},"excerpt":{"rendered":"<p>Condiciones de uso Condiciones de uso Este sitio web (incluidos los subsitios y el texto, las im\u00e1genes, los v\u00eddeos, el software, los productos, los servicios y cualquier otra informaci\u00f3n contenida o presentada en el sitio web; en conjunto, el \u00absitio web\u00bb) es proporcionado por: &nbsp; Tip and Trips S.L., &nbsp; Calle Pintor Jose Aguiar, 2, [&hellip;]<\/p>\n","protected":false},"author":1,"featured_media":0,"parent":0,"menu_order":0,"comment_status":"closed","ping_status":"closed","template":"elementor_header_footer","meta":[],"yoast_head":"<!-- This site is optimized with the Yoast SEO plugin v19.1 - https:\/\/yoast.com\/wordpress\/plugins\/seo\/ -->\n<title>Condiciones de uso - Tip and Trips<\/title>\n<meta name=\"description\" content=\"Condiciones de uso de Tip and Trips, SL. Por favor l\u00e9alos con cuidado para conocer los t\u00e9rminos que se aplican en tipandtrips.es\" \/>\n<meta name=\"robots\" content=\"noindex, follow\" \/>\n<meta property=\"og:locale\" content=\"es_ES\" \/>\n<meta property=\"og:type\" content=\"article\" \/>\n<meta property=\"og:title\" content=\"Condiciones de uso - Tip and Trips\" \/>\n<meta property=\"og:description\" content=\"Condiciones de uso de Tip and Trips, SL. Por favor l\u00e9alos con cuidado para conocer los t\u00e9rminos que se aplican en tipandtrips.es\" \/>\n<meta property=\"og:url\" content=\"https:\/\/tipandtrips.es\/es\/condiciones-de-uso\/\" \/>\n<meta property=\"og:site_name\" content=\"Tip and Trips\" \/>\n<meta property=\"article:modified_time\" content=\"2021-03-11T18:54:41+00:00\" \/>\n<meta property=\"og:image\" content=\"https:\/\/tipandtrips.es\/wp-content\/uploads\/2020\/11\/Logo-Captura-e1604933694189.jpg\" \/>\n<meta name=\"twitter:card\" content=\"summary_large_image\" \/>\n<meta name=\"twitter:label1\" content=\"Tiempo de lectura\" \/>\n\t<meta name=\"twitter:data1\" content=\"5 minutos\" \/>\n<script type=\"application\/ld+json\" class=\"yoast-schema-graph\">{\"@context\":\"https:\/\/schema.org\",\"@graph\":[{\"@type\":\"Organization\",\"@id\":\"https:\/\/tipandtrips.es\/#organization\",\"name\":\"Tip And Trips\",\"url\":\"https:\/\/tipandtrips.es\/\",\"sameAs\":[],\"logo\":{\"@type\":\"ImageObject\",\"inLanguage\":\"es\",\"@id\":\"https:\/\/tipandtrips.es\/#\/schema\/logo\/image\/\",\"url\":\"https:\/\/tipandtrips.es\/wp-content\/uploads\/2021\/02\/TipTrips_Web_trans.png\",\"contentUrl\":\"https:\/\/tipandtrips.es\/wp-content\/uploads\/2021\/02\/TipTrips_Web_trans.png\",\"width\":3763,\"height\":1998,\"caption\":\"Tip And Trips\"},\"image\":{\"@id\":\"https:\/\/tipandtrips.es\/#\/schema\/logo\/image\/\"}},{\"@type\":\"WebSite\",\"@id\":\"https:\/\/tipandtrips.es\/#website\",\"url\":\"https:\/\/tipandtrips.es\/\",\"name\":\"Tip and Trips\",\"description\":\"Actividades y excursiones en las Islas Canarias\",\"publisher\":{\"@id\":\"https:\/\/tipandtrips.es\/#organization\"},\"potentialAction\":[{\"@type\":\"SearchAction\",\"target\":{\"@type\":\"EntryPoint\",\"urlTemplate\":\"https:\/\/tipandtrips.es\/?s={search_term_string}\"},\"query-input\":\"required name=search_term_string\"}],\"inLanguage\":\"es\"},{\"@type\":\"ImageObject\",\"inLanguage\":\"es\",\"@id\":\"https:\/\/tipandtrips.es\/es\/condiciones-de-uso\/#primaryimage\",\"url\":\"https:\/\/tipandtrips.es\/wp-content\/uploads\/2020\/11\/Logo-Captura-e1604933694189.jpg\",\"contentUrl\":\"https:\/\/tipandtrips.es\/wp-content\/uploads\/2020\/11\/Logo-Captura-e1604933694189.jpg\",\"width\":895,\"height\":176},{\"@type\":\"WebPage\",\"@id\":\"https:\/\/tipandtrips.es\/es\/condiciones-de-uso\/#webpage\",\"url\":\"https:\/\/tipandtrips.es\/es\/condiciones-de-uso\/\",\"name\":\"Condiciones de uso - Tip and Trips\",\"isPartOf\":{\"@id\":\"https:\/\/tipandtrips.es\/#website\"},\"primaryImageOfPage\":{\"@id\":\"https:\/\/tipandtrips.es\/es\/condiciones-de-uso\/#primaryimage\"},\"datePublished\":\"2020-11-17T14:40:22+00:00\",\"dateModified\":\"2021-03-11T18:54:41+00:00\",\"description\":\"Condiciones de uso de Tip and Trips, SL. Por favor l\u00e9alos con cuidado para conocer los t\u00e9rminos que se aplican en tipandtrips.es\",\"breadcrumb\":{\"@id\":\"https:\/\/tipandtrips.es\/es\/condiciones-de-uso\/#breadcrumb\"},\"inLanguage\":\"es\",\"potentialAction\":[{\"@type\":\"ReadAction\",\"target\":[\"https:\/\/tipandtrips.es\/es\/condiciones-de-uso\/\"]}]},{\"@type\":\"BreadcrumbList\",\"@id\":\"https:\/\/tipandtrips.es\/es\/condiciones-de-uso\/#breadcrumb\",\"itemListElement\":[{\"@type\":\"ListItem\",\"position\":1,\"name\":\"Portada\",\"item\":\"https:\/\/tipandtrips.es\/es\/\"},{\"@type\":\"ListItem\",\"position\":2,\"name\":\"Condiciones de uso\"}]}]}<\/script>\n<!-- \/ Yoast SEO plugin. -->","yoast_head_json":{"title":"Condiciones de uso - Tip and Trips","description":"Condiciones de uso de Tip and Trips, SL. Por favor l\u00e9alos con cuidado para conocer los t\u00e9rminos que se aplican en tipandtrips.es","robots":{"index":"noindex","follow":"follow"},"og_locale":"es_ES","og_type":"article","og_title":"Condiciones de uso - Tip and Trips","og_description":"Condiciones de uso de Tip and Trips, SL. Por favor l\u00e9alos con cuidado para conocer los t\u00e9rminos que se aplican en tipandtrips.es","og_url":"https:\/\/tipandtrips.es\/es\/condiciones-de-uso\/","og_site_name":"Tip and Trips","article_modified_time":"2021-03-11T18:54:41+00:00","og_image":[{"url":"https:\/\/tipandtrips.es\/wp-content\/uploads\/2020\/11\/Logo-Captura-e1604933694189.jpg"}],"twitter_card":"summary_large_image","twitter_misc":{"Tiempo de lectura":"5 minutos"},"schema":{"@context":"https:\/\/schema.org","@graph":[{"@type":"Organization","@id":"https:\/\/tipandtrips.es\/#organization","name":"Tip And Trips","url":"https:\/\/tipandtrips.es\/","sameAs":[],"logo":{"@type":"ImageObject","inLanguage":"es","@id":"https:\/\/tipandtrips.es\/#\/schema\/logo\/image\/","url":"https:\/\/tipandtrips.es\/wp-content\/uploads\/2021\/02\/TipTrips_Web_trans.png","contentUrl":"https:\/\/tipandtrips.es\/wp-content\/uploads\/2021\/02\/TipTrips_Web_trans.png","width":3763,"height":1998,"caption":"Tip And Trips"},"image":{"@id":"https:\/\/tipandtrips.es\/#\/schema\/logo\/image\/"}},{"@type":"WebSite","@id":"https:\/\/tipandtrips.es\/#website","url":"https:\/\/tipandtrips.es\/","name":"Tip and Trips","description":"Actividades y excursiones en las Islas Canarias","publisher":{"@id":"https:\/\/tipandtrips.es\/#organization"},"potentialAction":[{"@type":"SearchAction","target":{"@type":"EntryPoint","urlTemplate":"https:\/\/tipandtrips.es\/?s={search_term_string}"},"query-input":"required name=search_term_string"}],"inLanguage":"es"},{"@type":"ImageObject","inLanguage":"es","@id":"https:\/\/tipandtrips.es\/es\/condiciones-de-uso\/#primaryimage","url":"https:\/\/tipandtrips.es\/wp-content\/uploads\/2020\/11\/Logo-Captura-e1604933694189.jpg","contentUrl":"https:\/\/tipandtrips.es\/wp-content\/uploads\/2020\/11\/Logo-Captura-e1604933694189.jpg","width":895,"height":176},{"@type":"WebPage","@id":"https:\/\/tipandtrips.es\/es\/condiciones-de-uso\/#webpage","url":"https:\/\/tipandtrips.es\/es\/condiciones-de-uso\/","name":"Condiciones de uso - Tip and Trips","isPartOf":{"@id":"https:\/\/tipandtrips.es\/#website"},"primaryImageOfPage":{"@id":"https:\/\/tipandtrips.es\/es\/condiciones-de-uso\/#primaryimage"},"datePublished":"2020-11-17T14:40:22+00:00","dateModified":"2021-03-11T18:54:41+00:00","description":"Condiciones de uso de Tip and Trips, SL. Por favor l\u00e9alos con cuidado para conocer los t\u00e9rminos que se aplican en tipandtrips.es","breadcrumb":{"@id":"https:\/\/tipandtrips.es\/es\/condiciones-de-uso\/#breadcrumb"},"inLanguage":"es","potentialAction":[{"@type":"ReadAction","target":["https:\/\/tipandtrips.es\/es\/condiciones-de-uso\/"]}]},{"@type":"BreadcrumbList","@id":"https:\/\/tipandtrips.es\/es\/condiciones-de-uso\/#breadcrumb","itemListElement":[{"@type":"ListItem","position":1,"name":"Portada","item":"https:\/\/tipandtrips.es\/es\/"},{"@type":"ListItem","position":2,"name":"Condiciones de uso"}]}]}},"_links":{"self":[{"href":"https:\/\/tipandtrips.es\/es\/wp-json\/wp\/v2\/pages\/6208"}],"collection":[{"href":"https:\/\/tipandtrips.es\/es\/wp-json\/wp\/v2\/pages"}],"about":[{"href":"https:\/\/tipandtrips.es\/es\/wp-json\/wp\/v2\/types\/page"}],"author":[{"embeddable":true,"href":"https:\/\/tipandtrips.es\/es\/wp-json\/wp\/v2\/users\/1"}],"replies":[{"embeddable":true,"href":"https:\/\/tipandtrips.es\/es\/wp-json\/wp\/v2\/comments?post=6208"}],"version-history":[{"count":1,"href":"https:\/\/tipandtrips.es\/es\/wp-json\/wp\/v2\/pages\/6208\/revisions"}],"predecessor-version":[{"id":6209,"href":"https:\/\/tipandtrips.es\/es\/wp-json\/wp\/v2\/pages\/6208\/revisions\/6209"}],"wp:attachment":[{"href":"https:\/\/tipandtrips.es\/es\/wp-json\/wp\/v2\/media?parent=6208"}],"curies":[{"name":"wp","href":"https:\/\/api.w.org\/{rel}","templated":true}]}}