{"id":6329,"date":"2021-03-12T19:47:30","date_gmt":"2021-03-12T19:47:30","guid":{"rendered":"https:\/\/tipandtrips.es\/product\/flying-in-a-helicopter-over-tenerife\/"},"modified":"2021-03-15T21:10:29","modified_gmt":"2021-03-15T21:10:29","slug":"reservar-ahora-vuelo-en-helicoptero-sobre-tenerife","status":"publish","type":"product","link":"https:\/\/tipandtrips.es\/es\/producto\/reservar-ahora-vuelo-en-helicoptero-sobre-tenerife\/","title":{"rendered":"Reservar ahora &#8211; Vuelo en helic\u00f3ptero sobre Tenerife"},"content":{"rendered":"","protected":false},"excerpt":{"rendered":"<p>Volar en helic\u00f3ptero es una experiencia inolvidable en cualquier parte del mundo. Pero adem\u00e1s, sobrevolar el pico m\u00e1s alto de Espa\u00f1a, no hay palabras. \u00bfLe gustar\u00eda conocer el Teide y la isla de Tenerife desde el aire?<\/p>\n<p><a href=\"https:\/\/tipandtrips.es\/es\/place\/vuelo-en-helicoptero-sobre-tenerife\/\">Lea la descripci\u00f3n completa de esta actividad.<\/a><\/p>\n","protected":false},"featured_media":6035,"template":"","meta":[],"product_cat":[435],"product_tag":[],"yoast_head":"<!-- This site is optimized with the Yoast SEO plugin v19.1 - https:\/\/yoast.com\/wordpress\/plugins\/seo\/ -->\n<title>Reservar ahora - Vuelo en helic\u00f3ptero sobre Tenerife - Tip and Trips<\/title>\n<meta name=\"description\" content=\"Volar en helic\u00f3ptero es una experiencia inolvidable en cualquier parte del mundo.\" \/>\n<meta name=\"robots\" content=\"index, follow, max-snippet:-1, max-image-preview:large, max-video-preview:-1\" \/>\n<link rel=\"canonical\" href=\"https:\/\/tipandtrips.es\/es\/producto\/reservar-ahora-vuelo-en-helicoptero-sobre-tenerife\/\" \/>\n<meta property=\"og:locale\" content=\"es_ES\" \/>\n<meta property=\"og:type\" content=\"article\" \/>\n<meta property=\"og:title\" content=\"Reservar ahora - Vuelo en helic\u00f3ptero sobre Tenerife - Tip and Trips\" \/>\n<meta property=\"og:description\" content=\"Volar en helic\u00f3ptero es una experiencia inolvidable en cualquier parte del mundo.\" \/>\n<meta property=\"og:url\" content=\"https:\/\/tipandtrips.es\/es\/producto\/reservar-ahora-vuelo-en-helicoptero-sobre-tenerife\/\" \/>\n<meta property=\"og:site_name\" content=\"Tip and Trips\" \/>\n<meta property=\"article:modified_time\" content=\"2021-03-15T21:10:29+00:00\" \/>\n<meta property=\"og:image\" content=\"https:\/\/tipandtrips.es\/wp-content\/uploads\/2021\/02\/h1.jpg\" \/>\n\t<meta property=\"og:image:width\" content=\"552\" \/>\n\t<meta property=\"og:image:height\" content=\"990\" \/>\n\t<meta property=\"og:image:type\" content=\"image\/jpeg\" \/>\n<meta name=\"twitter:card\" content=\"summary_large_image\" \/>\n<script type=\"application\/ld+json\" class=\"yoast-schema-graph\">{\"@context\":\"https:\/\/schema.org\",\"@graph\":[{\"@type\":\"Organization\",\"@id\":\"https:\/\/tipandtrips.es\/#organization\",\"name\":\"Tip And Trips\",\"url\":\"https:\/\/tipandtrips.es\/\",\"sameAs\":[],\"logo\":{\"@type\":\"ImageObject\",\"inLanguage\":\"es\",\"@id\":\"https:\/\/tipandtrips.es\/#\/schema\/logo\/image\/\",\"url\":\"https:\/\/tipandtrips.es\/wp-content\/uploads\/2021\/02\/TipTrips_Web_trans.png\",\"contentUrl\":\"https:\/\/tipandtrips.es\/wp-content\/uploads\/2021\/02\/TipTrips_Web_trans.png\",\"width\":3763,\"height\":1998,\"caption\":\"Tip And Trips\"},\"image\":{\"@id\":\"https:\/\/tipandtrips.es\/#\/schema\/logo\/image\/\"}},{\"@type\":\"WebSite\",\"@id\":\"https:\/\/tipandtrips.es\/#website\",\"url\":\"https:\/\/tipandtrips.es\/\",\"name\":\"Tip and Trips\",\"description\":\"Actividades y excursiones en las Islas Canarias\",\"publisher\":{\"@id\":\"https:\/\/tipandtrips.es\/#organization\"},\"potentialAction\":[{\"@type\":\"SearchAction\",\"target\":{\"@type\":\"EntryPoint\",\"urlTemplate\":\"https:\/\/tipandtrips.es\/?s={search_term_string}\"},\"query-input\":\"required name=search_term_string\"}],\"inLanguage\":\"es\"},{\"@type\":\"ImageObject\",\"inLanguage\":\"es\",\"@id\":\"https:\/\/tipandtrips.es\/es\/producto\/reservar-ahora-vuelo-en-helicoptero-sobre-tenerife\/#primaryimage\",\"url\":\"https:\/\/tipandtrips.es\/wp-content\/uploads\/2021\/02\/h1.jpg\",\"contentUrl\":\"https:\/\/tipandtrips.es\/wp-content\/uploads\/2021\/02\/h1.jpg\",\"width\":552,\"height\":990},{\"@type\":\"WebPage\",\"@id\":\"https:\/\/tipandtrips.es\/es\/producto\/reservar-ahora-vuelo-en-helicoptero-sobre-tenerife\/#webpage\",\"url\":\"https:\/\/tipandtrips.es\/es\/producto\/reservar-ahora-vuelo-en-helicoptero-sobre-tenerife\/\",\"name\":\"Reservar ahora - Vuelo en helic\u00f3ptero sobre Tenerife - Tip and Trips\",\"isPartOf\":{\"@id\":\"https:\/\/tipandtrips.es\/#website\"},\"primaryImageOfPage\":{\"@id\":\"https:\/\/tipandtrips.es\/es\/producto\/reservar-ahora-vuelo-en-helicoptero-sobre-tenerife\/#primaryimage\"},\"datePublished\":\"2021-03-12T19:47:30+00:00\",\"dateModified\":\"2021-03-15T21:10:29+00:00\",\"description\":\"Volar en helic\u00f3ptero es una experiencia inolvidable en cualquier parte del mundo.\",\"breadcrumb\":{\"@id\":\"https:\/\/tipandtrips.es\/es\/producto\/reservar-ahora-vuelo-en-helicoptero-sobre-tenerife\/#breadcrumb\"},\"inLanguage\":\"es\",\"potentialAction\":[{\"@type\":\"ReadAction\",\"target\":[\"https:\/\/tipandtrips.es\/es\/producto\/reservar-ahora-vuelo-en-helicoptero-sobre-tenerife\/\"]}]},{\"@type\":\"BreadcrumbList\",\"@id\":\"https:\/\/tipandtrips.es\/es\/producto\/reservar-ahora-vuelo-en-helicoptero-sobre-tenerife\/#breadcrumb\",\"itemListElement\":[{\"@type\":\"ListItem\",\"position\":1,\"name\":\"Portada\",\"item\":\"https:\/\/tipandtrips.es\/es\/\"},{\"@type\":\"ListItem\",\"position\":2,\"name\":\"Tienda\",\"item\":\"https:\/\/tipandtrips.es\/es\/tienda\/\"},{\"@type\":\"ListItem\",\"position\":3,\"name\":\"Reservar ahora &#8211; Vuelo en helic\u00f3ptero sobre Tenerife\"}]}]}<\/script>\n<!-- \/ Yoast SEO plugin. -->","yoast_head_json":{"title":"Reservar ahora - Vuelo en helic\u00f3ptero sobre Tenerife - Tip and Trips","description":"Volar en helic\u00f3ptero es una experiencia inolvidable en cualquier parte del mundo.","robots":{"index":"index","follow":"follow","max-snippet":"max-snippet:-1","max-image-preview":"max-image-preview:large","max-video-preview":"max-video-preview:-1"},"canonical":"https:\/\/tipandtrips.es\/es\/producto\/reservar-ahora-vuelo-en-helicoptero-sobre-tenerife\/","og_locale":"es_ES","og_type":"article","og_title":"Reservar ahora - Vuelo en helic\u00f3ptero sobre Tenerife - Tip and Trips","og_description":"Volar en helic\u00f3ptero es una experiencia inolvidable en cualquier parte del mundo.","og_url":"https:\/\/tipandtrips.es\/es\/producto\/reservar-ahora-vuelo-en-helicoptero-sobre-tenerife\/","og_site_name":"Tip and Trips","article_modified_time":"2021-03-15T21:10:29+00:00","og_image":[{"width":552,"height":990,"url":"https:\/\/tipandtrips.es\/wp-content\/uploads\/2021\/02\/h1.jpg","type":"image\/jpeg"}],"twitter_card":"summary_large_image","schema":{"@context":"https:\/\/schema.org","@graph":[{"@type":"Organization","@id":"https:\/\/tipandtrips.es\/#organization","name":"Tip And Trips","url":"https:\/\/tipandtrips.es\/","sameAs":[],"logo":{"@type":"ImageObject","inLanguage":"es","@id":"https:\/\/tipandtrips.es\/#\/schema\/logo\/image\/","url":"https:\/\/tipandtrips.es\/wp-content\/uploads\/2021\/02\/TipTrips_Web_trans.png","contentUrl":"https:\/\/tipandtrips.es\/wp-content\/uploads\/2021\/02\/TipTrips_Web_trans.png","width":3763,"height":1998,"caption":"Tip And Trips"},"image":{"@id":"https:\/\/tipandtrips.es\/#\/schema\/logo\/image\/"}},{"@type":"WebSite","@id":"https:\/\/tipandtrips.es\/#website","url":"https:\/\/tipandtrips.es\/","name":"Tip and Trips","description":"Actividades y excursiones en las Islas Canarias","publisher":{"@id":"https:\/\/tipandtrips.es\/#organization"},"potentialAction":[{"@type":"SearchAction","target":{"@type":"EntryPoint","urlTemplate":"https:\/\/tipandtrips.es\/?s={search_term_string}"},"query-input":"required name=search_term_string"}],"inLanguage":"es"},{"@type":"ImageObject","inLanguage":"es","@id":"https:\/\/tipandtrips.es\/es\/producto\/reservar-ahora-vuelo-en-helicoptero-sobre-tenerife\/#primaryimage","url":"https:\/\/tipandtrips.es\/wp-content\/uploads\/2021\/02\/h1.jpg","contentUrl":"https:\/\/tipandtrips.es\/wp-content\/uploads\/2021\/02\/h1.jpg","width":552,"height":990},{"@type":"WebPage","@id":"https:\/\/tipandtrips.es\/es\/producto\/reservar-ahora-vuelo-en-helicoptero-sobre-tenerife\/#webpage","url":"https:\/\/tipandtrips.es\/es\/producto\/reservar-ahora-vuelo-en-helicoptero-sobre-tenerife\/","name":"Reservar ahora - Vuelo en helic\u00f3ptero sobre Tenerife - Tip and Trips","isPartOf":{"@id":"https:\/\/tipandtrips.es\/#website"},"primaryImageOfPage":{"@id":"https:\/\/tipandtrips.es\/es\/producto\/reservar-ahora-vuelo-en-helicoptero-sobre-tenerife\/#primaryimage"},"datePublished":"2021-03-12T19:47:30+00:00","dateModified":"2021-03-15T21:10:29+00:00","description":"Volar en helic\u00f3ptero es una experiencia inolvidable en cualquier parte del mundo.","breadcrumb":{"@id":"https:\/\/tipandtrips.es\/es\/producto\/reservar-ahora-vuelo-en-helicoptero-sobre-tenerife\/#breadcrumb"},"inLanguage":"es","potentialAction":[{"@type":"ReadAction","target":["https:\/\/tipandtrips.es\/es\/producto\/reservar-ahora-vuelo-en-helicoptero-sobre-tenerife\/"]}]},{"@type":"BreadcrumbList","@id":"https:\/\/tipandtrips.es\/es\/producto\/reservar-ahora-vuelo-en-helicoptero-sobre-tenerife\/#breadcrumb","itemListElement":[{"@type":"ListItem","position":1,"name":"Portada","item":"https:\/\/tipandtrips.es\/es\/"},{"@type":"ListItem","position":2,"name":"Tienda","item":"https:\/\/tipandtrips.es\/es\/tienda\/"},{"@type":"ListItem","position":3,"name":"Reservar ahora &#8211; Vuelo en helic\u00f3ptero sobre Tenerife"}]}]}},"_links":{"self":[{"href":"https:\/\/tipandtrips.es\/es\/wp-json\/wp\/v2\/product\/6329"}],"collection":[{"href":"https:\/\/tipandtrips.es\/es\/wp-json\/wp\/v2\/product"}],"about":[{"href":"https:\/\/tipandtrips.es\/es\/wp-json\/wp\/v2\/types\/product"}],"wp:featuredmedia":[{"embeddable":true,"href":"https:\/\/tipandtrips.es\/es\/wp-json\/wp\/v2\/media\/6035"}],"wp:attachment":[{"href":"https:\/\/tipandtrips.es\/es\/wp-json\/wp\/v2\/media?parent=6329"}],"wp:term":[{"taxonomy":"product_cat","embeddable":true,"href":"https:\/\/tipandtrips.es\/es\/wp-json\/wp\/v2\/product_cat?post=6329"},{"taxonomy":"product_tag","embeddable":true,"href":"https:\/\/tipandtrips.es\/es\/wp-json\/wp\/v2\/product_tag?post=6329"}],"curies":[{"name":"wp","href":"https:\/\/api.w.org\/{rel}","templated":true}]}}