{"id":6410,"date":"2021-03-18T16:44:35","date_gmt":"2021-03-18T16:44:35","guid":{"rendered":"https:\/\/tipandtrips.es\/?post_type=product&#038;p=6410"},"modified":"2021-03-18T21:03:12","modified_gmt":"2021-03-18T21:03:12","slug":"reserva-kayak-en-la-playa-de-las-teresitas","status":"publish","type":"product","link":"https:\/\/tipandtrips.es\/es\/producto\/reserva-kayak-en-la-playa-de-las-teresitas\/","title":{"rendered":"Reserva &#8211; Kayak en la Playa de las Teresitas"},"content":{"rendered":"","protected":false},"excerpt":{"rendered":"<p><span style=\"font-weight: 400;\">La playa de Las Teresitas, adem\u00e1s de ser una de las m\u00e1s conocidas y fotografiadas de Tenerife, es ideal para practicar deportes, es ideal para el kayak. Gracias a su barrera de piedras que no permite el paso de la corriente, cuenta con aguas tranquilas para quien quiera iniciarse en este deporte. Adem\u00e1s, la temperatura en Santa Cruz de Tenerife es ideal en cualquier \u00e9poca del a\u00f1o. \u00bfTe apuntas a remar y ba\u00f1arte despu\u00e9s?<\/span><\/p>\n<p>&nbsp;<\/p>\n<p><a href=\"https:\/\/tipandtrips.es\/es\/place\/kayak-en-la-playa-de-las-teresitas\/\"><span style=\"font-weight: 400;\">Lee la descripci\u00f3n completa de esta actividad.<\/span><\/a><\/p>\n","protected":false},"featured_media":6437,"template":"","meta":[],"product_cat":[351,463],"product_tag":[],"yoast_head":"<!-- This site is optimized with the Yoast SEO plugin v19.1 - https:\/\/yoast.com\/wordpress\/plugins\/seo\/ -->\n<title>Reserva - Kayak en la Playa de las Teresitas - Tip and Trips<\/title>\n<meta name=\"description\" content=\"La playa de Las Teresitas, adem\u00e1s de ser una de las m\u00e1s conocidas y fotografiadas de Tenerife, es ideal para hacer kayak.\" \/>\n<meta name=\"robots\" content=\"index, follow, max-snippet:-1, max-image-preview:large, max-video-preview:-1\" \/>\n<link rel=\"canonical\" href=\"https:\/\/tipandtrips.es\/es\/producto\/reserva-kayak-en-la-playa-de-las-teresitas\/\" \/>\n<meta property=\"og:locale\" content=\"es_ES\" \/>\n<meta property=\"og:type\" content=\"article\" \/>\n<meta property=\"og:title\" content=\"Reserva - Kayak en la Playa de las Teresitas - Tip and Trips\" \/>\n<meta property=\"og:description\" content=\"La playa de Las Teresitas, adem\u00e1s de ser una de las m\u00e1s conocidas y fotografiadas de Tenerife, es ideal para hacer kayak.\" \/>\n<meta property=\"og:url\" content=\"https:\/\/tipandtrips.es\/es\/producto\/reserva-kayak-en-la-playa-de-las-teresitas\/\" \/>\n<meta property=\"og:site_name\" content=\"Tip and Trips\" \/>\n<meta property=\"article:modified_time\" content=\"2021-03-18T21:03:12+00:00\" \/>\n<meta property=\"og:image\" content=\"https:\/\/tipandtrips.es\/wp-content\/uploads\/2021\/03\/PB230948.jpg\" \/>\n\t<meta property=\"og:image:width\" content=\"810\" \/>\n\t<meta property=\"og:image:height\" content=\"1080\" \/>\n\t<meta property=\"og:image:type\" content=\"image\/jpeg\" \/>\n<meta name=\"twitter:card\" content=\"summary_large_image\" \/>\n<script type=\"application\/ld+json\" class=\"yoast-schema-graph\">{\"@context\":\"https:\/\/schema.org\",\"@graph\":[{\"@type\":\"Organization\",\"@id\":\"https:\/\/tipandtrips.es\/#organization\",\"name\":\"Tip And Trips\",\"url\":\"https:\/\/tipandtrips.es\/\",\"sameAs\":[],\"logo\":{\"@type\":\"ImageObject\",\"inLanguage\":\"es\",\"@id\":\"https:\/\/tipandtrips.es\/#\/schema\/logo\/image\/\",\"url\":\"https:\/\/tipandtrips.es\/wp-content\/uploads\/2021\/02\/TipTrips_Web_trans.png\",\"contentUrl\":\"https:\/\/tipandtrips.es\/wp-content\/uploads\/2021\/02\/TipTrips_Web_trans.png\",\"width\":3763,\"height\":1998,\"caption\":\"Tip And Trips\"},\"image\":{\"@id\":\"https:\/\/tipandtrips.es\/#\/schema\/logo\/image\/\"}},{\"@type\":\"WebSite\",\"@id\":\"https:\/\/tipandtrips.es\/#website\",\"url\":\"https:\/\/tipandtrips.es\/\",\"name\":\"Tip and Trips\",\"description\":\"Actividades y excursiones en las Islas Canarias\",\"publisher\":{\"@id\":\"https:\/\/tipandtrips.es\/#organization\"},\"potentialAction\":[{\"@type\":\"SearchAction\",\"target\":{\"@type\":\"EntryPoint\",\"urlTemplate\":\"https:\/\/tipandtrips.es\/?s={search_term_string}\"},\"query-input\":\"required name=search_term_string\"}],\"inLanguage\":\"es\"},{\"@type\":\"ImageObject\",\"inLanguage\":\"es\",\"@id\":\"https:\/\/tipandtrips.es\/es\/producto\/reserva-kayak-en-la-playa-de-las-teresitas\/#primaryimage\",\"url\":\"https:\/\/tipandtrips.es\/wp-content\/uploads\/2021\/03\/PB230948.jpg\",\"contentUrl\":\"https:\/\/tipandtrips.es\/wp-content\/uploads\/2021\/03\/PB230948.jpg\",\"width\":810,\"height\":1080,\"caption\":\"OLYMPUS DIGITAL CAMERA\"},{\"@type\":\"WebPage\",\"@id\":\"https:\/\/tipandtrips.es\/es\/producto\/reserva-kayak-en-la-playa-de-las-teresitas\/#webpage\",\"url\":\"https:\/\/tipandtrips.es\/es\/producto\/reserva-kayak-en-la-playa-de-las-teresitas\/\",\"name\":\"Reserva - Kayak en la Playa de las Teresitas - Tip and Trips\",\"isPartOf\":{\"@id\":\"https:\/\/tipandtrips.es\/#website\"},\"primaryImageOfPage\":{\"@id\":\"https:\/\/tipandtrips.es\/es\/producto\/reserva-kayak-en-la-playa-de-las-teresitas\/#primaryimage\"},\"datePublished\":\"2021-03-18T16:44:35+00:00\",\"dateModified\":\"2021-03-18T21:03:12+00:00\",\"description\":\"La playa de Las Teresitas, adem\u00e1s de ser una de las m\u00e1s conocidas y fotografiadas de Tenerife, es ideal para hacer kayak.\",\"breadcrumb\":{\"@id\":\"https:\/\/tipandtrips.es\/es\/producto\/reserva-kayak-en-la-playa-de-las-teresitas\/#breadcrumb\"},\"inLanguage\":\"es\",\"potentialAction\":[{\"@type\":\"ReadAction\",\"target\":[\"https:\/\/tipandtrips.es\/es\/producto\/reserva-kayak-en-la-playa-de-las-teresitas\/\"]}]},{\"@type\":\"BreadcrumbList\",\"@id\":\"https:\/\/tipandtrips.es\/es\/producto\/reserva-kayak-en-la-playa-de-las-teresitas\/#breadcrumb\",\"itemListElement\":[{\"@type\":\"ListItem\",\"position\":1,\"name\":\"Portada\",\"item\":\"https:\/\/tipandtrips.es\/es\/\"},{\"@type\":\"ListItem\",\"position\":2,\"name\":\"Tienda\",\"item\":\"https:\/\/tipandtrips.es\/es\/tienda\/\"},{\"@type\":\"ListItem\",\"position\":3,\"name\":\"Reserva &#8211; Kayak en la Playa de las Teresitas\"}]}]}<\/script>\n<!-- \/ Yoast SEO plugin. -->","yoast_head_json":{"title":"Reserva - Kayak en la Playa de las Teresitas - Tip and Trips","description":"La playa de Las Teresitas, adem\u00e1s de ser una de las m\u00e1s conocidas y fotografiadas de Tenerife, es ideal para hacer kayak.","robots":{"index":"index","follow":"follow","max-snippet":"max-snippet:-1","max-image-preview":"max-image-preview:large","max-video-preview":"max-video-preview:-1"},"canonical":"https:\/\/tipandtrips.es\/es\/producto\/reserva-kayak-en-la-playa-de-las-teresitas\/","og_locale":"es_ES","og_type":"article","og_title":"Reserva - Kayak en la Playa de las Teresitas - Tip and Trips","og_description":"La playa de Las Teresitas, adem\u00e1s de ser una de las m\u00e1s conocidas y fotografiadas de Tenerife, es ideal para hacer kayak.","og_url":"https:\/\/tipandtrips.es\/es\/producto\/reserva-kayak-en-la-playa-de-las-teresitas\/","og_site_name":"Tip and Trips","article_modified_time":"2021-03-18T21:03:12+00:00","og_image":[{"width":810,"height":1080,"url":"https:\/\/tipandtrips.es\/wp-content\/uploads\/2021\/03\/PB230948.jpg","type":"image\/jpeg"}],"twitter_card":"summary_large_image","schema":{"@context":"https:\/\/schema.org","@graph":[{"@type":"Organization","@id":"https:\/\/tipandtrips.es\/#organization","name":"Tip And Trips","url":"https:\/\/tipandtrips.es\/","sameAs":[],"logo":{"@type":"ImageObject","inLanguage":"es","@id":"https:\/\/tipandtrips.es\/#\/schema\/logo\/image\/","url":"https:\/\/tipandtrips.es\/wp-content\/uploads\/2021\/02\/TipTrips_Web_trans.png","contentUrl":"https:\/\/tipandtrips.es\/wp-content\/uploads\/2021\/02\/TipTrips_Web_trans.png","width":3763,"height":1998,"caption":"Tip And Trips"},"image":{"@id":"https:\/\/tipandtrips.es\/#\/schema\/logo\/image\/"}},{"@type":"WebSite","@id":"https:\/\/tipandtrips.es\/#website","url":"https:\/\/tipandtrips.es\/","name":"Tip and Trips","description":"Actividades y excursiones en las Islas Canarias","publisher":{"@id":"https:\/\/tipandtrips.es\/#organization"},"potentialAction":[{"@type":"SearchAction","target":{"@type":"EntryPoint","urlTemplate":"https:\/\/tipandtrips.es\/?s={search_term_string}"},"query-input":"required name=search_term_string"}],"inLanguage":"es"},{"@type":"ImageObject","inLanguage":"es","@id":"https:\/\/tipandtrips.es\/es\/producto\/reserva-kayak-en-la-playa-de-las-teresitas\/#primaryimage","url":"https:\/\/tipandtrips.es\/wp-content\/uploads\/2021\/03\/PB230948.jpg","contentUrl":"https:\/\/tipandtrips.es\/wp-content\/uploads\/2021\/03\/PB230948.jpg","width":810,"height":1080,"caption":"OLYMPUS DIGITAL CAMERA"},{"@type":"WebPage","@id":"https:\/\/tipandtrips.es\/es\/producto\/reserva-kayak-en-la-playa-de-las-teresitas\/#webpage","url":"https:\/\/tipandtrips.es\/es\/producto\/reserva-kayak-en-la-playa-de-las-teresitas\/","name":"Reserva - Kayak en la Playa de las Teresitas - Tip and Trips","isPartOf":{"@id":"https:\/\/tipandtrips.es\/#website"},"primaryImageOfPage":{"@id":"https:\/\/tipandtrips.es\/es\/producto\/reserva-kayak-en-la-playa-de-las-teresitas\/#primaryimage"},"datePublished":"2021-03-18T16:44:35+00:00","dateModified":"2021-03-18T21:03:12+00:00","description":"La playa de Las Teresitas, adem\u00e1s de ser una de las m\u00e1s conocidas y fotografiadas de Tenerife, es ideal para hacer kayak.","breadcrumb":{"@id":"https:\/\/tipandtrips.es\/es\/producto\/reserva-kayak-en-la-playa-de-las-teresitas\/#breadcrumb"},"inLanguage":"es","potentialAction":[{"@type":"ReadAction","target":["https:\/\/tipandtrips.es\/es\/producto\/reserva-kayak-en-la-playa-de-las-teresitas\/"]}]},{"@type":"BreadcrumbList","@id":"https:\/\/tipandtrips.es\/es\/producto\/reserva-kayak-en-la-playa-de-las-teresitas\/#breadcrumb","itemListElement":[{"@type":"ListItem","position":1,"name":"Portada","item":"https:\/\/tipandtrips.es\/es\/"},{"@type":"ListItem","position":2,"name":"Tienda","item":"https:\/\/tipandtrips.es\/es\/tienda\/"},{"@type":"ListItem","position":3,"name":"Reserva &#8211; Kayak en la Playa de las Teresitas"}]}]}},"_links":{"self":[{"href":"https:\/\/tipandtrips.es\/es\/wp-json\/wp\/v2\/product\/6410"}],"collection":[{"href":"https:\/\/tipandtrips.es\/es\/wp-json\/wp\/v2\/product"}],"about":[{"href":"https:\/\/tipandtrips.es\/es\/wp-json\/wp\/v2\/types\/product"}],"wp:featuredmedia":[{"embeddable":true,"href":"https:\/\/tipandtrips.es\/es\/wp-json\/wp\/v2\/media\/6437"}],"wp:attachment":[{"href":"https:\/\/tipandtrips.es\/es\/wp-json\/wp\/v2\/media?parent=6410"}],"wp:term":[{"taxonomy":"product_cat","embeddable":true,"href":"https:\/\/tipandtrips.es\/es\/wp-json\/wp\/v2\/product_cat?post=6410"},{"taxonomy":"product_tag","embeddable":true,"href":"https:\/\/tipandtrips.es\/es\/wp-json\/wp\/v2\/product_tag?post=6410"}],"curies":[{"name":"wp","href":"https:\/\/api.w.org\/{rel}","templated":true}]}}