{"id":6461,"date":"2021-03-18T23:44:39","date_gmt":"2021-03-18T23:44:39","guid":{"rendered":"https:\/\/tipandtrips.es\/?post_type=product&#038;p=6461"},"modified":"2021-03-20T16:40:42","modified_gmt":"2021-03-20T16:40:42","slug":"reserva-ruta-de-3-horas-por-anaga-visita-y-comida-en-chamorga","status":"publish","type":"product","link":"https:\/\/tipandtrips.es\/es\/producto\/reserva-ruta-de-3-horas-por-anaga-visita-y-comida-en-chamorga\/","title":{"rendered":"Reserva &#8211; Ruta guiada por Anaga y almuerzo en Chamorga"},"content":{"rendered":"","protected":false},"excerpt":{"rendered":"<p><span style=\"vertical-align: inherit;\"><span style=\"vertical-align: inherit;\">Sin duda, <\/span><strong><span style=\"vertical-align: inherit;\">Anaga<\/span><\/strong><span style=\"vertical-align: inherit;\"> est\u00e1 llena de lugares escondidos y una de nuestras misiones es darlos a conocer. <\/span><span style=\"vertical-align: inherit;\">No se pueden perder <\/span><span style=\"vertical-align: inherit;\">pueblos como <\/span><\/span><a href=\"https:\/\/www.youtube.com\/watch?v=-LTL4rbAswc&amp;t=1171s\"><span style=\"vertical-align: inherit;\"><span style=\"vertical-align: inherit;\">Chamorga<\/span><\/span><\/a><span style=\"vertical-align: inherit;\"><span style=\"vertical-align: inherit;\"> y sus espectaculares miradores. <\/span><span style=\"vertical-align: inherit;\">Posteriormente tambi\u00e9n podr\u00e1s conocer a qu\u00e9 sabe Anaga con un delicioso almuerzo t\u00edpico canario.<\/span><\/span><\/p>\n<p><a href=\"https:\/\/tipandtrips.es\/es\/place\/ruta-de-3-horas-por-anaga-visita-y-comida-en-chamorga\/\"><span style=\"vertical-align: inherit;\"><span style=\"vertical-align: inherit;\"><span style=\"vertical-align: inherit;\"><span style=\"vertical-align: inherit;\">Lea la descripci\u00f3n completa de esta actividad.<\/span><\/span><\/span><\/span><\/a><\/p>\n","protected":false},"featured_media":6483,"template":"","meta":[],"product_cat":[436,461],"product_tag":[455,456,453,454],"yoast_head":"<!-- This site is optimized with the Yoast SEO plugin v19.1 - https:\/\/yoast.com\/wordpress\/plugins\/seo\/ -->\n<title>Reserva - Ruta guiada por Anaga y almuerzo en Chamorga - Tip and Trips<\/title>\n<meta name=\"description\" content=\"Anaga est\u00e1 llena de lugares escondidos y una de nuestras misiones es darlos a conocer. Visita pueblos como Chamorga y sus miradores\" \/>\n<meta name=\"robots\" content=\"index, follow, max-snippet:-1, max-image-preview:large, max-video-preview:-1\" \/>\n<link rel=\"canonical\" href=\"https:\/\/tipandtrips.es\/es\/producto\/reserva-ruta-de-3-horas-por-anaga-visita-y-comida-en-chamorga\/\" \/>\n<meta property=\"og:locale\" content=\"es_ES\" \/>\n<meta property=\"og:type\" content=\"article\" \/>\n<meta property=\"og:title\" content=\"Reserva - Ruta guiada por Anaga y almuerzo en Chamorga - Tip and Trips\" \/>\n<meta property=\"og:description\" content=\"Anaga est\u00e1 llena de lugares escondidos y una de nuestras misiones es darlos a conocer. Visita pueblos como Chamorga y sus miradores\" \/>\n<meta property=\"og:url\" content=\"https:\/\/tipandtrips.es\/es\/producto\/reserva-ruta-de-3-horas-por-anaga-visita-y-comida-en-chamorga\/\" \/>\n<meta property=\"og:site_name\" content=\"Tip and Trips\" \/>\n<meta property=\"article:modified_time\" content=\"2021-03-20T16:40:42+00:00\" \/>\n<meta property=\"og:image\" content=\"https:\/\/tipandtrips.es\/wp-content\/uploads\/2021\/03\/Anaga-Crest.jpg\" \/>\n\t<meta property=\"og:image:width\" content=\"2560\" \/>\n\t<meta property=\"og:image:height\" content=\"1920\" \/>\n\t<meta property=\"og:image:type\" content=\"image\/jpeg\" \/>\n<meta name=\"twitter:card\" content=\"summary_large_image\" \/>\n<script type=\"application\/ld+json\" class=\"yoast-schema-graph\">{\"@context\":\"https:\/\/schema.org\",\"@graph\":[{\"@type\":\"Organization\",\"@id\":\"https:\/\/tipandtrips.es\/#organization\",\"name\":\"Tip And Trips\",\"url\":\"https:\/\/tipandtrips.es\/\",\"sameAs\":[],\"logo\":{\"@type\":\"ImageObject\",\"inLanguage\":\"es\",\"@id\":\"https:\/\/tipandtrips.es\/#\/schema\/logo\/image\/\",\"url\":\"https:\/\/tipandtrips.es\/wp-content\/uploads\/2021\/02\/TipTrips_Web_trans.png\",\"contentUrl\":\"https:\/\/tipandtrips.es\/wp-content\/uploads\/2021\/02\/TipTrips_Web_trans.png\",\"width\":3763,\"height\":1998,\"caption\":\"Tip And Trips\"},\"image\":{\"@id\":\"https:\/\/tipandtrips.es\/#\/schema\/logo\/image\/\"}},{\"@type\":\"WebSite\",\"@id\":\"https:\/\/tipandtrips.es\/#website\",\"url\":\"https:\/\/tipandtrips.es\/\",\"name\":\"Tip and Trips\",\"description\":\"Actividades y excursiones en las Islas Canarias\",\"publisher\":{\"@id\":\"https:\/\/tipandtrips.es\/#organization\"},\"potentialAction\":[{\"@type\":\"SearchAction\",\"target\":{\"@type\":\"EntryPoint\",\"urlTemplate\":\"https:\/\/tipandtrips.es\/?s={search_term_string}\"},\"query-input\":\"required name=search_term_string\"}],\"inLanguage\":\"es\"},{\"@type\":\"ImageObject\",\"inLanguage\":\"es\",\"@id\":\"https:\/\/tipandtrips.es\/es\/producto\/reserva-ruta-de-3-horas-por-anaga-visita-y-comida-en-chamorga\/#primaryimage\",\"url\":\"https:\/\/tipandtrips.es\/wp-content\/uploads\/2021\/03\/Anaga-Crest.jpg\",\"contentUrl\":\"https:\/\/tipandtrips.es\/wp-content\/uploads\/2021\/03\/Anaga-Crest.jpg\",\"width\":2560,\"height\":1920},{\"@type\":\"WebPage\",\"@id\":\"https:\/\/tipandtrips.es\/es\/producto\/reserva-ruta-de-3-horas-por-anaga-visita-y-comida-en-chamorga\/#webpage\",\"url\":\"https:\/\/tipandtrips.es\/es\/producto\/reserva-ruta-de-3-horas-por-anaga-visita-y-comida-en-chamorga\/\",\"name\":\"Reserva - Ruta guiada por Anaga y almuerzo en Chamorga - Tip and Trips\",\"isPartOf\":{\"@id\":\"https:\/\/tipandtrips.es\/#website\"},\"primaryImageOfPage\":{\"@id\":\"https:\/\/tipandtrips.es\/es\/producto\/reserva-ruta-de-3-horas-por-anaga-visita-y-comida-en-chamorga\/#primaryimage\"},\"datePublished\":\"2021-03-18T23:44:39+00:00\",\"dateModified\":\"2021-03-20T16:40:42+00:00\",\"description\":\"Anaga est\u00e1 llena de lugares escondidos y una de nuestras misiones es darlos a conocer. Visita pueblos como Chamorga y sus miradores\",\"breadcrumb\":{\"@id\":\"https:\/\/tipandtrips.es\/es\/producto\/reserva-ruta-de-3-horas-por-anaga-visita-y-comida-en-chamorga\/#breadcrumb\"},\"inLanguage\":\"es\",\"potentialAction\":[{\"@type\":\"ReadAction\",\"target\":[\"https:\/\/tipandtrips.es\/es\/producto\/reserva-ruta-de-3-horas-por-anaga-visita-y-comida-en-chamorga\/\"]}]},{\"@type\":\"BreadcrumbList\",\"@id\":\"https:\/\/tipandtrips.es\/es\/producto\/reserva-ruta-de-3-horas-por-anaga-visita-y-comida-en-chamorga\/#breadcrumb\",\"itemListElement\":[{\"@type\":\"ListItem\",\"position\":1,\"name\":\"Portada\",\"item\":\"https:\/\/tipandtrips.es\/es\/\"},{\"@type\":\"ListItem\",\"position\":2,\"name\":\"Tienda\",\"item\":\"https:\/\/tipandtrips.es\/es\/tienda\/\"},{\"@type\":\"ListItem\",\"position\":3,\"name\":\"Reserva &#8211; Ruta guiada por Anaga y almuerzo en Chamorga\"}]}]}<\/script>\n<!-- \/ Yoast SEO plugin. -->","yoast_head_json":{"title":"Reserva - Ruta guiada por Anaga y almuerzo en Chamorga - Tip and Trips","description":"Anaga est\u00e1 llena de lugares escondidos y una de nuestras misiones es darlos a conocer. Visita pueblos como Chamorga y sus miradores","robots":{"index":"index","follow":"follow","max-snippet":"max-snippet:-1","max-image-preview":"max-image-preview:large","max-video-preview":"max-video-preview:-1"},"canonical":"https:\/\/tipandtrips.es\/es\/producto\/reserva-ruta-de-3-horas-por-anaga-visita-y-comida-en-chamorga\/","og_locale":"es_ES","og_type":"article","og_title":"Reserva - Ruta guiada por Anaga y almuerzo en Chamorga - Tip and Trips","og_description":"Anaga est\u00e1 llena de lugares escondidos y una de nuestras misiones es darlos a conocer. Visita pueblos como Chamorga y sus miradores","og_url":"https:\/\/tipandtrips.es\/es\/producto\/reserva-ruta-de-3-horas-por-anaga-visita-y-comida-en-chamorga\/","og_site_name":"Tip and Trips","article_modified_time":"2021-03-20T16:40:42+00:00","og_image":[{"width":2560,"height":1920,"url":"https:\/\/tipandtrips.es\/wp-content\/uploads\/2021\/03\/Anaga-Crest.jpg","type":"image\/jpeg"}],"twitter_card":"summary_large_image","schema":{"@context":"https:\/\/schema.org","@graph":[{"@type":"Organization","@id":"https:\/\/tipandtrips.es\/#organization","name":"Tip And Trips","url":"https:\/\/tipandtrips.es\/","sameAs":[],"logo":{"@type":"ImageObject","inLanguage":"es","@id":"https:\/\/tipandtrips.es\/#\/schema\/logo\/image\/","url":"https:\/\/tipandtrips.es\/wp-content\/uploads\/2021\/02\/TipTrips_Web_trans.png","contentUrl":"https:\/\/tipandtrips.es\/wp-content\/uploads\/2021\/02\/TipTrips_Web_trans.png","width":3763,"height":1998,"caption":"Tip And Trips"},"image":{"@id":"https:\/\/tipandtrips.es\/#\/schema\/logo\/image\/"}},{"@type":"WebSite","@id":"https:\/\/tipandtrips.es\/#website","url":"https:\/\/tipandtrips.es\/","name":"Tip and Trips","description":"Actividades y excursiones en las Islas Canarias","publisher":{"@id":"https:\/\/tipandtrips.es\/#organization"},"potentialAction":[{"@type":"SearchAction","target":{"@type":"EntryPoint","urlTemplate":"https:\/\/tipandtrips.es\/?s={search_term_string}"},"query-input":"required name=search_term_string"}],"inLanguage":"es"},{"@type":"ImageObject","inLanguage":"es","@id":"https:\/\/tipandtrips.es\/es\/producto\/reserva-ruta-de-3-horas-por-anaga-visita-y-comida-en-chamorga\/#primaryimage","url":"https:\/\/tipandtrips.es\/wp-content\/uploads\/2021\/03\/Anaga-Crest.jpg","contentUrl":"https:\/\/tipandtrips.es\/wp-content\/uploads\/2021\/03\/Anaga-Crest.jpg","width":2560,"height":1920},{"@type":"WebPage","@id":"https:\/\/tipandtrips.es\/es\/producto\/reserva-ruta-de-3-horas-por-anaga-visita-y-comida-en-chamorga\/#webpage","url":"https:\/\/tipandtrips.es\/es\/producto\/reserva-ruta-de-3-horas-por-anaga-visita-y-comida-en-chamorga\/","name":"Reserva - Ruta guiada por Anaga y almuerzo en Chamorga - Tip and Trips","isPartOf":{"@id":"https:\/\/tipandtrips.es\/#website"},"primaryImageOfPage":{"@id":"https:\/\/tipandtrips.es\/es\/producto\/reserva-ruta-de-3-horas-por-anaga-visita-y-comida-en-chamorga\/#primaryimage"},"datePublished":"2021-03-18T23:44:39+00:00","dateModified":"2021-03-20T16:40:42+00:00","description":"Anaga est\u00e1 llena de lugares escondidos y una de nuestras misiones es darlos a conocer. Visita pueblos como Chamorga y sus miradores","breadcrumb":{"@id":"https:\/\/tipandtrips.es\/es\/producto\/reserva-ruta-de-3-horas-por-anaga-visita-y-comida-en-chamorga\/#breadcrumb"},"inLanguage":"es","potentialAction":[{"@type":"ReadAction","target":["https:\/\/tipandtrips.es\/es\/producto\/reserva-ruta-de-3-horas-por-anaga-visita-y-comida-en-chamorga\/"]}]},{"@type":"BreadcrumbList","@id":"https:\/\/tipandtrips.es\/es\/producto\/reserva-ruta-de-3-horas-por-anaga-visita-y-comida-en-chamorga\/#breadcrumb","itemListElement":[{"@type":"ListItem","position":1,"name":"Portada","item":"https:\/\/tipandtrips.es\/es\/"},{"@type":"ListItem","position":2,"name":"Tienda","item":"https:\/\/tipandtrips.es\/es\/tienda\/"},{"@type":"ListItem","position":3,"name":"Reserva &#8211; Ruta guiada por Anaga y almuerzo en Chamorga"}]}]}},"_links":{"self":[{"href":"https:\/\/tipandtrips.es\/es\/wp-json\/wp\/v2\/product\/6461"}],"collection":[{"href":"https:\/\/tipandtrips.es\/es\/wp-json\/wp\/v2\/product"}],"about":[{"href":"https:\/\/tipandtrips.es\/es\/wp-json\/wp\/v2\/types\/product"}],"wp:featuredmedia":[{"embeddable":true,"href":"https:\/\/tipandtrips.es\/es\/wp-json\/wp\/v2\/media\/6483"}],"wp:attachment":[{"href":"https:\/\/tipandtrips.es\/es\/wp-json\/wp\/v2\/media?parent=6461"}],"wp:term":[{"taxonomy":"product_cat","embeddable":true,"href":"https:\/\/tipandtrips.es\/es\/wp-json\/wp\/v2\/product_cat?post=6461"},{"taxonomy":"product_tag","embeddable":true,"href":"https:\/\/tipandtrips.es\/es\/wp-json\/wp\/v2\/product_tag?post=6461"}],"curies":[{"name":"wp","href":"https:\/\/api.w.org\/{rel}","templated":true}]}}