{"id":6773,"date":"2021-04-27T17:33:10","date_gmt":"2021-04-27T17:33:10","guid":{"rendered":"https:\/\/tipandtrips.es\/?post_type=product&#038;p=6773"},"modified":"2021-04-28T07:05:36","modified_gmt":"2021-04-28T07:05:36","slug":"reserva-puesta-de-sol-en-velero-por-la-costa-de-los-gigantes","status":"publish","type":"product","link":"https:\/\/tipandtrips.es\/es\/producto\/reserva-puesta-de-sol-en-velero-por-la-costa-de-los-gigantes\/","title":{"rendered":"Reserva &#8211; Puesta de sol en barco por la costa de Los Gigantes"},"content":{"rendered":"","protected":false},"excerpt":{"rendered":"<p>\u00a1Disfruta de una de la mejor puesta del sol de Tenerife a bordo de nuestro barco por el acantilado! Ver el atardecer, sus colores y su paisaje no te dejara indiferente. Adem\u00e1s de observar como el acantilado de <strong>Los Gigantes<\/strong> se va a dormir a tus pies y poder ver alguna de las especies marinas de Tenerife,\u00a0 podr\u00e1s brindar y tomar un picoteo con sonido del mar de fondo. \u00a1Una experiencia \u00fanica y en grupos reducidos!. El <strong>\u00abMojo Pic\u00f3n\u00bb<\/strong> ofrece todas las ventajas de un velero.<\/p>\n<p>Adem\u00e1s, si el mar est\u00e1 en buenas condiciones, los m\u00e1s peque\u00f1os podr\u00e1n ayudar en tareas como llevar el tim\u00f3n y convertirse en marineros por unas horas.<\/p>\n<p><a href=\"https:\/\/tipandtrips.es\/es\/place\/puesta-de-sol-en-velero-por-la-costa-de-los-gigantes\">Read full description of the activity here.<\/a><\/p>\n","protected":false},"featured_media":6765,"template":"","meta":[],"product_cat":[496],"product_tag":[460,497,498,499],"yoast_head":"<!-- This site is optimized with the Yoast SEO plugin v19.1 - https:\/\/yoast.com\/wordpress\/plugins\/seo\/ -->\n<title>Reserva - Puesta de sol en barco por la costa de Los Gigantes - Tip and Trips<\/title>\n<meta name=\"description\" content=\"Reserva - Descrube la mejor puesta de sol de Tenerife a bordo de un barco velero. Excursi\u00f3n de 3 horas con salidas desde Los Gigantes.\" \/>\n<meta name=\"robots\" content=\"index, follow, max-snippet:-1, max-image-preview:large, max-video-preview:-1\" \/>\n<link rel=\"canonical\" href=\"https:\/\/tipandtrips.es\/es\/producto\/reserva-puesta-de-sol-en-velero-por-la-costa-de-los-gigantes\/\" \/>\n<meta property=\"og:locale\" content=\"es_ES\" \/>\n<meta property=\"og:type\" content=\"article\" \/>\n<meta property=\"og:title\" content=\"Reserva - Puesta de sol en barco por la costa de Los Gigantes - Tip and Trips\" \/>\n<meta property=\"og:description\" content=\"Reserva - Descrube la mejor puesta de sol de Tenerife a bordo de un barco velero. Excursi\u00f3n de 3 horas con salidas desde Los Gigantes.\" \/>\n<meta property=\"og:url\" content=\"https:\/\/tipandtrips.es\/es\/producto\/reserva-puesta-de-sol-en-velero-por-la-costa-de-los-gigantes\/\" \/>\n<meta property=\"og:site_name\" content=\"Tip and Trips\" \/>\n<meta property=\"article:modified_time\" content=\"2021-04-28T07:05:36+00:00\" \/>\n<meta property=\"og:image\" content=\"https:\/\/tipandtrips.es\/wp-content\/uploads\/2021\/04\/G-Sunset-Sail-Yacht.jpg\" \/>\n\t<meta property=\"og:image:width\" content=\"1600\" \/>\n\t<meta property=\"og:image:height\" content=\"1200\" \/>\n\t<meta property=\"og:image:type\" content=\"image\/jpeg\" \/>\n<meta name=\"twitter:card\" content=\"summary_large_image\" \/>\n<script type=\"application\/ld+json\" class=\"yoast-schema-graph\">{\"@context\":\"https:\/\/schema.org\",\"@graph\":[{\"@type\":\"Organization\",\"@id\":\"https:\/\/tipandtrips.es\/#organization\",\"name\":\"Tip And Trips\",\"url\":\"https:\/\/tipandtrips.es\/\",\"sameAs\":[],\"logo\":{\"@type\":\"ImageObject\",\"inLanguage\":\"es\",\"@id\":\"https:\/\/tipandtrips.es\/#\/schema\/logo\/image\/\",\"url\":\"https:\/\/tipandtrips.es\/wp-content\/uploads\/2021\/02\/TipTrips_Web_trans.png\",\"contentUrl\":\"https:\/\/tipandtrips.es\/wp-content\/uploads\/2021\/02\/TipTrips_Web_trans.png\",\"width\":3763,\"height\":1998,\"caption\":\"Tip And Trips\"},\"image\":{\"@id\":\"https:\/\/tipandtrips.es\/#\/schema\/logo\/image\/\"}},{\"@type\":\"WebSite\",\"@id\":\"https:\/\/tipandtrips.es\/#website\",\"url\":\"https:\/\/tipandtrips.es\/\",\"name\":\"Tip and Trips\",\"description\":\"Actividades y excursiones en las Islas Canarias\",\"publisher\":{\"@id\":\"https:\/\/tipandtrips.es\/#organization\"},\"potentialAction\":[{\"@type\":\"SearchAction\",\"target\":{\"@type\":\"EntryPoint\",\"urlTemplate\":\"https:\/\/tipandtrips.es\/?s={search_term_string}\"},\"query-input\":\"required name=search_term_string\"}],\"inLanguage\":\"es\"},{\"@type\":\"ImageObject\",\"inLanguage\":\"es\",\"@id\":\"https:\/\/tipandtrips.es\/es\/producto\/reserva-puesta-de-sol-en-velero-por-la-costa-de-los-gigantes\/#primaryimage\",\"url\":\"https:\/\/tipandtrips.es\/wp-content\/uploads\/2021\/04\/G-Sunset-Sail-Yacht.jpg\",\"contentUrl\":\"https:\/\/tipandtrips.es\/wp-content\/uploads\/2021\/04\/G-Sunset-Sail-Yacht.jpg\",\"width\":1600,\"height\":1200,\"caption\":\"Sunset Sail Yacht\"},{\"@type\":\"WebPage\",\"@id\":\"https:\/\/tipandtrips.es\/es\/producto\/reserva-puesta-de-sol-en-velero-por-la-costa-de-los-gigantes\/#webpage\",\"url\":\"https:\/\/tipandtrips.es\/es\/producto\/reserva-puesta-de-sol-en-velero-por-la-costa-de-los-gigantes\/\",\"name\":\"Reserva - Puesta de sol en barco por la costa de Los Gigantes - Tip and Trips\",\"isPartOf\":{\"@id\":\"https:\/\/tipandtrips.es\/#website\"},\"primaryImageOfPage\":{\"@id\":\"https:\/\/tipandtrips.es\/es\/producto\/reserva-puesta-de-sol-en-velero-por-la-costa-de-los-gigantes\/#primaryimage\"},\"datePublished\":\"2021-04-27T17:33:10+00:00\",\"dateModified\":\"2021-04-28T07:05:36+00:00\",\"description\":\"Reserva - Descrube la mejor puesta de sol de Tenerife a bordo de un barco velero. Excursi\u00f3n de 3 horas con salidas desde Los Gigantes.\",\"breadcrumb\":{\"@id\":\"https:\/\/tipandtrips.es\/es\/producto\/reserva-puesta-de-sol-en-velero-por-la-costa-de-los-gigantes\/#breadcrumb\"},\"inLanguage\":\"es\",\"potentialAction\":[{\"@type\":\"ReadAction\",\"target\":[\"https:\/\/tipandtrips.es\/es\/producto\/reserva-puesta-de-sol-en-velero-por-la-costa-de-los-gigantes\/\"]}]},{\"@type\":\"BreadcrumbList\",\"@id\":\"https:\/\/tipandtrips.es\/es\/producto\/reserva-puesta-de-sol-en-velero-por-la-costa-de-los-gigantes\/#breadcrumb\",\"itemListElement\":[{\"@type\":\"ListItem\",\"position\":1,\"name\":\"Portada\",\"item\":\"https:\/\/tipandtrips.es\/es\/\"},{\"@type\":\"ListItem\",\"position\":2,\"name\":\"Tienda\",\"item\":\"https:\/\/tipandtrips.es\/es\/tienda\/\"},{\"@type\":\"ListItem\",\"position\":3,\"name\":\"Reserva &#8211; Puesta de sol en barco por la costa de Los Gigantes\"}]}]}<\/script>\n<!-- \/ Yoast SEO plugin. -->","yoast_head_json":{"title":"Reserva - Puesta de sol en barco por la costa de Los Gigantes - Tip and Trips","description":"Reserva - Descrube la mejor puesta de sol de Tenerife a bordo de un barco velero. Excursi\u00f3n de 3 horas con salidas desde Los Gigantes.","robots":{"index":"index","follow":"follow","max-snippet":"max-snippet:-1","max-image-preview":"max-image-preview:large","max-video-preview":"max-video-preview:-1"},"canonical":"https:\/\/tipandtrips.es\/es\/producto\/reserva-puesta-de-sol-en-velero-por-la-costa-de-los-gigantes\/","og_locale":"es_ES","og_type":"article","og_title":"Reserva - Puesta de sol en barco por la costa de Los Gigantes - Tip and Trips","og_description":"Reserva - Descrube la mejor puesta de sol de Tenerife a bordo de un barco velero. Excursi\u00f3n de 3 horas con salidas desde Los Gigantes.","og_url":"https:\/\/tipandtrips.es\/es\/producto\/reserva-puesta-de-sol-en-velero-por-la-costa-de-los-gigantes\/","og_site_name":"Tip and Trips","article_modified_time":"2021-04-28T07:05:36+00:00","og_image":[{"width":1600,"height":1200,"url":"https:\/\/tipandtrips.es\/wp-content\/uploads\/2021\/04\/G-Sunset-Sail-Yacht.jpg","type":"image\/jpeg"}],"twitter_card":"summary_large_image","schema":{"@context":"https:\/\/schema.org","@graph":[{"@type":"Organization","@id":"https:\/\/tipandtrips.es\/#organization","name":"Tip And Trips","url":"https:\/\/tipandtrips.es\/","sameAs":[],"logo":{"@type":"ImageObject","inLanguage":"es","@id":"https:\/\/tipandtrips.es\/#\/schema\/logo\/image\/","url":"https:\/\/tipandtrips.es\/wp-content\/uploads\/2021\/02\/TipTrips_Web_trans.png","contentUrl":"https:\/\/tipandtrips.es\/wp-content\/uploads\/2021\/02\/TipTrips_Web_trans.png","width":3763,"height":1998,"caption":"Tip And Trips"},"image":{"@id":"https:\/\/tipandtrips.es\/#\/schema\/logo\/image\/"}},{"@type":"WebSite","@id":"https:\/\/tipandtrips.es\/#website","url":"https:\/\/tipandtrips.es\/","name":"Tip and Trips","description":"Actividades y excursiones en las Islas Canarias","publisher":{"@id":"https:\/\/tipandtrips.es\/#organization"},"potentialAction":[{"@type":"SearchAction","target":{"@type":"EntryPoint","urlTemplate":"https:\/\/tipandtrips.es\/?s={search_term_string}"},"query-input":"required name=search_term_string"}],"inLanguage":"es"},{"@type":"ImageObject","inLanguage":"es","@id":"https:\/\/tipandtrips.es\/es\/producto\/reserva-puesta-de-sol-en-velero-por-la-costa-de-los-gigantes\/#primaryimage","url":"https:\/\/tipandtrips.es\/wp-content\/uploads\/2021\/04\/G-Sunset-Sail-Yacht.jpg","contentUrl":"https:\/\/tipandtrips.es\/wp-content\/uploads\/2021\/04\/G-Sunset-Sail-Yacht.jpg","width":1600,"height":1200,"caption":"Sunset Sail Yacht"},{"@type":"WebPage","@id":"https:\/\/tipandtrips.es\/es\/producto\/reserva-puesta-de-sol-en-velero-por-la-costa-de-los-gigantes\/#webpage","url":"https:\/\/tipandtrips.es\/es\/producto\/reserva-puesta-de-sol-en-velero-por-la-costa-de-los-gigantes\/","name":"Reserva - Puesta de sol en barco por la costa de Los Gigantes - Tip and Trips","isPartOf":{"@id":"https:\/\/tipandtrips.es\/#website"},"primaryImageOfPage":{"@id":"https:\/\/tipandtrips.es\/es\/producto\/reserva-puesta-de-sol-en-velero-por-la-costa-de-los-gigantes\/#primaryimage"},"datePublished":"2021-04-27T17:33:10+00:00","dateModified":"2021-04-28T07:05:36+00:00","description":"Reserva - Descrube la mejor puesta de sol de Tenerife a bordo de un barco velero. Excursi\u00f3n de 3 horas con salidas desde Los Gigantes.","breadcrumb":{"@id":"https:\/\/tipandtrips.es\/es\/producto\/reserva-puesta-de-sol-en-velero-por-la-costa-de-los-gigantes\/#breadcrumb"},"inLanguage":"es","potentialAction":[{"@type":"ReadAction","target":["https:\/\/tipandtrips.es\/es\/producto\/reserva-puesta-de-sol-en-velero-por-la-costa-de-los-gigantes\/"]}]},{"@type":"BreadcrumbList","@id":"https:\/\/tipandtrips.es\/es\/producto\/reserva-puesta-de-sol-en-velero-por-la-costa-de-los-gigantes\/#breadcrumb","itemListElement":[{"@type":"ListItem","position":1,"name":"Portada","item":"https:\/\/tipandtrips.es\/es\/"},{"@type":"ListItem","position":2,"name":"Tienda","item":"https:\/\/tipandtrips.es\/es\/tienda\/"},{"@type":"ListItem","position":3,"name":"Reserva &#8211; Puesta de sol en barco por la costa de Los Gigantes"}]}]}},"_links":{"self":[{"href":"https:\/\/tipandtrips.es\/es\/wp-json\/wp\/v2\/product\/6773"}],"collection":[{"href":"https:\/\/tipandtrips.es\/es\/wp-json\/wp\/v2\/product"}],"about":[{"href":"https:\/\/tipandtrips.es\/es\/wp-json\/wp\/v2\/types\/product"}],"wp:featuredmedia":[{"embeddable":true,"href":"https:\/\/tipandtrips.es\/es\/wp-json\/wp\/v2\/media\/6765"}],"wp:attachment":[{"href":"https:\/\/tipandtrips.es\/es\/wp-json\/wp\/v2\/media?parent=6773"}],"wp:term":[{"taxonomy":"product_cat","embeddable":true,"href":"https:\/\/tipandtrips.es\/es\/wp-json\/wp\/v2\/product_cat?post=6773"},{"taxonomy":"product_tag","embeddable":true,"href":"https:\/\/tipandtrips.es\/es\/wp-json\/wp\/v2\/product_tag?post=6773"}],"curies":[{"name":"wp","href":"https:\/\/api.w.org\/{rel}","templated":true}]}}