{"id":6801,"date":"2021-04-28T09:31:18","date_gmt":"2021-04-28T09:31:18","guid":{"rendered":"https:\/\/tipandtrips.es\/?post_type=product&#038;p=6801"},"modified":"2021-04-28T10:40:52","modified_gmt":"2021-04-28T10:40:52","slug":"reserva-velero-privado-por-la-costa-de-tenerife","status":"publish","type":"product","link":"https:\/\/tipandtrips.es\/es\/producto\/reserva-velero-privado-por-la-costa-de-tenerife\/","title":{"rendered":"Reserva &#8211; Barco privado por la costa de Tenerife"},"content":{"rendered":"","protected":false},"excerpt":{"rendered":"<p><span style=\"font-weight: 400;\">\u00bfQuiere disfrutar de una experiencia \u00fanica a bordo de un <strong>barco de lujo<\/strong>? \u00a1Desde que zarpamos del puerto eliges a d\u00f3nde ir! Puedes ir primero en busca de ballenas y delfines y despu\u00e9s darte un ba\u00f1o en alguna de las calas, por ejemplo. Si eres m\u00e1s de hacer <strong>snorkel<\/strong> nuestro capit\u00e1n te llevar\u00e1 a ver los fondos marinos. Tambi\u00e9n podr\u00e1s ver<strong> el acantilado de Los Gigantes<\/strong> desde sus faldas. Si eres de los que prefiere dejarse sorprender, nuestro capit\u00e1n te har\u00e1 la mejor traves\u00eda por el sur de Tenerife y lo mejor\u2026 \u00a1para ti y los tuyos!. El <\/span><b>\u00abMojo Pic\u00f3n\u00bb<\/b><span style=\"font-weight: 400;\"> ofrece todas las ventajas de un velero. Podr\u00e1 disfrutar de una de las costas m\u00e1s bellas de Tenerife. All\u00ed podr\u00e1 ir en busca de las m\u00e1s diversas especies marinas como tortugas, delfines o ballenas.<\/span><\/p>\n<p><span style=\"font-weight: 400;\">Adem\u00e1s, si el mar est\u00e1 en buenas condiciones, los m\u00e1s peque\u00f1os podr\u00e1n ayudar en tareas como llevar el tim\u00f3n y convertirse en marineros por unas horas.<\/span><\/p>\n<p><a href=\"https:\/\/tipandtrips.es\/es\/place\/zarpa-en-barco-privado-por-la-costa-de-tenerife-con-quien-tu-quieras\/\">Lea la descripci\u00f3n completa de la actividad<\/a><\/p>\n","protected":false},"featured_media":6790,"template":"","meta":[],"product_cat":[496],"product_tag":[460,503,502],"yoast_head":"<!-- This site is optimized with the Yoast SEO plugin v19.1 - https:\/\/yoast.com\/wordpress\/plugins\/seo\/ -->\n<title>Reserva - Barco privado por la costa de Tenerife - Tip and Trips<\/title>\n<meta name=\"description\" content=\"Reserva un velero privado por la costa de Tenerife. Tu, el mar, comida y bebida y qui\u00e9n tu quieras. Suena bien verdad?\" \/>\n<meta name=\"robots\" content=\"index, follow, max-snippet:-1, max-image-preview:large, max-video-preview:-1\" \/>\n<link rel=\"canonical\" href=\"https:\/\/tipandtrips.es\/es\/producto\/reserva-velero-privado-por-la-costa-de-tenerife\/\" \/>\n<meta property=\"og:locale\" content=\"es_ES\" \/>\n<meta property=\"og:type\" content=\"article\" \/>\n<meta property=\"og:title\" content=\"Reserva - Barco privado por la costa de Tenerife - Tip and Trips\" \/>\n<meta property=\"og:description\" content=\"Reserva un velero privado por la costa de Tenerife. Tu, el mar, comida y bebida y qui\u00e9n tu quieras. Suena bien verdad?\" \/>\n<meta property=\"og:url\" content=\"https:\/\/tipandtrips.es\/es\/producto\/reserva-velero-privado-por-la-costa-de-tenerife\/\" \/>\n<meta property=\"og:site_name\" content=\"Tip and Trips\" \/>\n<meta property=\"article:modified_time\" content=\"2021-04-28T10:40:52+00:00\" \/>\n<meta property=\"og:image\" content=\"https:\/\/tipandtrips.es\/wp-content\/uploads\/2021\/04\/masca-scaled.jpg\" \/>\n\t<meta property=\"og:image:width\" content=\"2560\" \/>\n\t<meta property=\"og:image:height\" content=\"1696\" \/>\n\t<meta property=\"og:image:type\" content=\"image\/jpeg\" \/>\n<meta name=\"twitter:card\" content=\"summary_large_image\" \/>\n<script type=\"application\/ld+json\" class=\"yoast-schema-graph\">{\"@context\":\"https:\/\/schema.org\",\"@graph\":[{\"@type\":\"Organization\",\"@id\":\"https:\/\/tipandtrips.es\/#organization\",\"name\":\"Tip And Trips\",\"url\":\"https:\/\/tipandtrips.es\/\",\"sameAs\":[],\"logo\":{\"@type\":\"ImageObject\",\"inLanguage\":\"es\",\"@id\":\"https:\/\/tipandtrips.es\/#\/schema\/logo\/image\/\",\"url\":\"https:\/\/tipandtrips.es\/wp-content\/uploads\/2021\/02\/TipTrips_Web_trans.png\",\"contentUrl\":\"https:\/\/tipandtrips.es\/wp-content\/uploads\/2021\/02\/TipTrips_Web_trans.png\",\"width\":3763,\"height\":1998,\"caption\":\"Tip And Trips\"},\"image\":{\"@id\":\"https:\/\/tipandtrips.es\/#\/schema\/logo\/image\/\"}},{\"@type\":\"WebSite\",\"@id\":\"https:\/\/tipandtrips.es\/#website\",\"url\":\"https:\/\/tipandtrips.es\/\",\"name\":\"Tip and Trips\",\"description\":\"Actividades y excursiones en las Islas Canarias\",\"publisher\":{\"@id\":\"https:\/\/tipandtrips.es\/#organization\"},\"potentialAction\":[{\"@type\":\"SearchAction\",\"target\":{\"@type\":\"EntryPoint\",\"urlTemplate\":\"https:\/\/tipandtrips.es\/?s={search_term_string}\"},\"query-input\":\"required name=search_term_string\"}],\"inLanguage\":\"es\"},{\"@type\":\"ImageObject\",\"inLanguage\":\"es\",\"@id\":\"https:\/\/tipandtrips.es\/es\/producto\/reserva-velero-privado-por-la-costa-de-tenerife\/#primaryimage\",\"url\":\"https:\/\/tipandtrips.es\/wp-content\/uploads\/2021\/04\/masca-scaled.jpg\",\"contentUrl\":\"https:\/\/tipandtrips.es\/wp-content\/uploads\/2021\/04\/masca-scaled.jpg\",\"width\":2560,\"height\":1696},{\"@type\":\"WebPage\",\"@id\":\"https:\/\/tipandtrips.es\/es\/producto\/reserva-velero-privado-por-la-costa-de-tenerife\/#webpage\",\"url\":\"https:\/\/tipandtrips.es\/es\/producto\/reserva-velero-privado-por-la-costa-de-tenerife\/\",\"name\":\"Reserva - Barco privado por la costa de Tenerife - Tip and Trips\",\"isPartOf\":{\"@id\":\"https:\/\/tipandtrips.es\/#website\"},\"primaryImageOfPage\":{\"@id\":\"https:\/\/tipandtrips.es\/es\/producto\/reserva-velero-privado-por-la-costa-de-tenerife\/#primaryimage\"},\"datePublished\":\"2021-04-28T09:31:18+00:00\",\"dateModified\":\"2021-04-28T10:40:52+00:00\",\"description\":\"Reserva un velero privado por la costa de Tenerife. Tu, el mar, comida y bebida y qui\u00e9n tu quieras. Suena bien verdad?\",\"breadcrumb\":{\"@id\":\"https:\/\/tipandtrips.es\/es\/producto\/reserva-velero-privado-por-la-costa-de-tenerife\/#breadcrumb\"},\"inLanguage\":\"es\",\"potentialAction\":[{\"@type\":\"ReadAction\",\"target\":[\"https:\/\/tipandtrips.es\/es\/producto\/reserva-velero-privado-por-la-costa-de-tenerife\/\"]}]},{\"@type\":\"BreadcrumbList\",\"@id\":\"https:\/\/tipandtrips.es\/es\/producto\/reserva-velero-privado-por-la-costa-de-tenerife\/#breadcrumb\",\"itemListElement\":[{\"@type\":\"ListItem\",\"position\":1,\"name\":\"Portada\",\"item\":\"https:\/\/tipandtrips.es\/es\/\"},{\"@type\":\"ListItem\",\"position\":2,\"name\":\"Tienda\",\"item\":\"https:\/\/tipandtrips.es\/es\/tienda\/\"},{\"@type\":\"ListItem\",\"position\":3,\"name\":\"Reserva &#8211; Barco privado por la costa de Tenerife\"}]}]}<\/script>\n<!-- \/ Yoast SEO plugin. -->","yoast_head_json":{"title":"Reserva - Barco privado por la costa de Tenerife - Tip and Trips","description":"Reserva un velero privado por la costa de Tenerife. Tu, el mar, comida y bebida y qui\u00e9n tu quieras. Suena bien verdad?","robots":{"index":"index","follow":"follow","max-snippet":"max-snippet:-1","max-image-preview":"max-image-preview:large","max-video-preview":"max-video-preview:-1"},"canonical":"https:\/\/tipandtrips.es\/es\/producto\/reserva-velero-privado-por-la-costa-de-tenerife\/","og_locale":"es_ES","og_type":"article","og_title":"Reserva - Barco privado por la costa de Tenerife - Tip and Trips","og_description":"Reserva un velero privado por la costa de Tenerife. Tu, el mar, comida y bebida y qui\u00e9n tu quieras. Suena bien verdad?","og_url":"https:\/\/tipandtrips.es\/es\/producto\/reserva-velero-privado-por-la-costa-de-tenerife\/","og_site_name":"Tip and Trips","article_modified_time":"2021-04-28T10:40:52+00:00","og_image":[{"width":2560,"height":1696,"url":"https:\/\/tipandtrips.es\/wp-content\/uploads\/2021\/04\/masca-scaled.jpg","type":"image\/jpeg"}],"twitter_card":"summary_large_image","schema":{"@context":"https:\/\/schema.org","@graph":[{"@type":"Organization","@id":"https:\/\/tipandtrips.es\/#organization","name":"Tip And Trips","url":"https:\/\/tipandtrips.es\/","sameAs":[],"logo":{"@type":"ImageObject","inLanguage":"es","@id":"https:\/\/tipandtrips.es\/#\/schema\/logo\/image\/","url":"https:\/\/tipandtrips.es\/wp-content\/uploads\/2021\/02\/TipTrips_Web_trans.png","contentUrl":"https:\/\/tipandtrips.es\/wp-content\/uploads\/2021\/02\/TipTrips_Web_trans.png","width":3763,"height":1998,"caption":"Tip And Trips"},"image":{"@id":"https:\/\/tipandtrips.es\/#\/schema\/logo\/image\/"}},{"@type":"WebSite","@id":"https:\/\/tipandtrips.es\/#website","url":"https:\/\/tipandtrips.es\/","name":"Tip and Trips","description":"Actividades y excursiones en las Islas Canarias","publisher":{"@id":"https:\/\/tipandtrips.es\/#organization"},"potentialAction":[{"@type":"SearchAction","target":{"@type":"EntryPoint","urlTemplate":"https:\/\/tipandtrips.es\/?s={search_term_string}"},"query-input":"required name=search_term_string"}],"inLanguage":"es"},{"@type":"ImageObject","inLanguage":"es","@id":"https:\/\/tipandtrips.es\/es\/producto\/reserva-velero-privado-por-la-costa-de-tenerife\/#primaryimage","url":"https:\/\/tipandtrips.es\/wp-content\/uploads\/2021\/04\/masca-scaled.jpg","contentUrl":"https:\/\/tipandtrips.es\/wp-content\/uploads\/2021\/04\/masca-scaled.jpg","width":2560,"height":1696},{"@type":"WebPage","@id":"https:\/\/tipandtrips.es\/es\/producto\/reserva-velero-privado-por-la-costa-de-tenerife\/#webpage","url":"https:\/\/tipandtrips.es\/es\/producto\/reserva-velero-privado-por-la-costa-de-tenerife\/","name":"Reserva - Barco privado por la costa de Tenerife - Tip and Trips","isPartOf":{"@id":"https:\/\/tipandtrips.es\/#website"},"primaryImageOfPage":{"@id":"https:\/\/tipandtrips.es\/es\/producto\/reserva-velero-privado-por-la-costa-de-tenerife\/#primaryimage"},"datePublished":"2021-04-28T09:31:18+00:00","dateModified":"2021-04-28T10:40:52+00:00","description":"Reserva un velero privado por la costa de Tenerife. Tu, el mar, comida y bebida y qui\u00e9n tu quieras. Suena bien verdad?","breadcrumb":{"@id":"https:\/\/tipandtrips.es\/es\/producto\/reserva-velero-privado-por-la-costa-de-tenerife\/#breadcrumb"},"inLanguage":"es","potentialAction":[{"@type":"ReadAction","target":["https:\/\/tipandtrips.es\/es\/producto\/reserva-velero-privado-por-la-costa-de-tenerife\/"]}]},{"@type":"BreadcrumbList","@id":"https:\/\/tipandtrips.es\/es\/producto\/reserva-velero-privado-por-la-costa-de-tenerife\/#breadcrumb","itemListElement":[{"@type":"ListItem","position":1,"name":"Portada","item":"https:\/\/tipandtrips.es\/es\/"},{"@type":"ListItem","position":2,"name":"Tienda","item":"https:\/\/tipandtrips.es\/es\/tienda\/"},{"@type":"ListItem","position":3,"name":"Reserva &#8211; Barco privado por la costa de Tenerife"}]}]}},"_links":{"self":[{"href":"https:\/\/tipandtrips.es\/es\/wp-json\/wp\/v2\/product\/6801"}],"collection":[{"href":"https:\/\/tipandtrips.es\/es\/wp-json\/wp\/v2\/product"}],"about":[{"href":"https:\/\/tipandtrips.es\/es\/wp-json\/wp\/v2\/types\/product"}],"wp:featuredmedia":[{"embeddable":true,"href":"https:\/\/tipandtrips.es\/es\/wp-json\/wp\/v2\/media\/6790"}],"wp:attachment":[{"href":"https:\/\/tipandtrips.es\/es\/wp-json\/wp\/v2\/media?parent=6801"}],"wp:term":[{"taxonomy":"product_cat","embeddable":true,"href":"https:\/\/tipandtrips.es\/es\/wp-json\/wp\/v2\/product_cat?post=6801"},{"taxonomy":"product_tag","embeddable":true,"href":"https:\/\/tipandtrips.es\/es\/wp-json\/wp\/v2\/product_tag?post=6801"}],"curies":[{"name":"wp","href":"https:\/\/api.w.org\/{rel}","templated":true}]}}