{"id":6865,"date":"2021-04-28T11:14:07","date_gmt":"2021-04-28T11:14:07","guid":{"rendered":"https:\/\/tipandtrips.es\/?post_type=product&#038;p=6865"},"modified":"2021-05-17T14:40:04","modified_gmt":"2021-05-17T14:40:04","slug":"reserva-excursion-para-observar-las-estrellas-de-tenerife","status":"publish","type":"product","link":"https:\/\/tipandtrips.es\/es\/producto\/reserva-excursion-para-observar-las-estrellas-de-tenerife\/","title":{"rendered":"Reserva &#8211; Excursion para observar las estrellas de Tenerife"},"content":{"rendered":"","protected":false},"excerpt":{"rendered":"<p><span style=\"font-weight: 400;\">Este tour est\u00e1 pensado para los amantes de la naturaleza. Haremos una<strong> ruta f\u00e1cil<\/strong> de no m\u00e1s de tres horas por el <a href=\"https:\/\/tipandtrips.es\/es\/todo-lo-que-necesitas-saber-sobre-las-islas-canarias\/el-mar-de-nubes-en-canarias-un-espectaculo-natural\/\" target=\"_blank\" rel=\"noopener\">Teide<\/a> y sus alrededores. \u00bfEl escenario?: mar de nubes, atardecer y ver la puesta de sol en un lugar m\u00e1gico. Despu\u00e9s acudimos a uno de los<strong> miradores del Parque Nacional<\/strong> para descubrir toda la geolog\u00eda. All\u00ed brindamos con zumo natural o cava. Nuestro gu\u00eda cuenta con un l\u00e1ser perfecto para no perder detalle del cielo de Tenerife, sus leyendas y constelaciones. \u00bfA qu\u00e9 suena bien?<\/span><\/p>\n<p>Transporte desde tu alojamiento incluido.<\/p>\n<p><a href=\"https:\/\/tipandtrips.es\/es\/place\/excursion-para-observar-las-estrellas-de-tenerife\/\" target=\"_blank\" rel=\"noopener\">Leer la descripci\u00f3n completa de la actividad<\/a><\/p>\n","protected":false},"featured_media":6951,"template":"","meta":[],"product_cat":[524],"product_tag":[525,528,529,460,527,526,530],"yoast_head":"<!-- This site is optimized with the Yoast SEO plugin v19.1 - https:\/\/yoast.com\/wordpress\/plugins\/seo\/ -->\n<title>Reserva - Excursion para observar las estrellas de Tenerife - Tip and Trips<\/title>\n<meta name=\"description\" content=\"Reserva - Tenerife es un lugar perfecto para observar las estrellas. Te invitamos a explorar sus secretos con nuestro gu\u00eda, picnic incluido.\" \/>\n<meta name=\"robots\" content=\"index, follow, max-snippet:-1, max-image-preview:large, max-video-preview:-1\" \/>\n<link rel=\"canonical\" href=\"https:\/\/tipandtrips.es\/es\/producto\/reserva-excursion-para-observar-las-estrellas-de-tenerife\/\" \/>\n<meta property=\"og:locale\" content=\"es_ES\" \/>\n<meta property=\"og:type\" content=\"article\" \/>\n<meta property=\"og:title\" content=\"Reserva - Excursion para observar las estrellas de Tenerife - Tip and Trips\" \/>\n<meta property=\"og:description\" content=\"Reserva - Tenerife es un lugar perfecto para observar las estrellas. Te invitamos a explorar sus secretos con nuestro gu\u00eda, picnic incluido.\" \/>\n<meta property=\"og:url\" content=\"https:\/\/tipandtrips.es\/es\/producto\/reserva-excursion-para-observar-las-estrellas-de-tenerife\/\" \/>\n<meta property=\"og:site_name\" content=\"Tip and Trips\" \/>\n<meta property=\"article:modified_time\" content=\"2021-05-17T14:40:04+00:00\" \/>\n<meta property=\"og:image\" content=\"https:\/\/tipandtrips.es\/wp-content\/uploads\/2021\/04\/TF10ST01.jpg\" \/>\n\t<meta property=\"og:image:width\" content=\"720\" \/>\n\t<meta property=\"og:image:height\" content=\"540\" \/>\n\t<meta property=\"og:image:type\" content=\"image\/jpeg\" \/>\n<meta name=\"twitter:card\" content=\"summary_large_image\" \/>\n<script type=\"application\/ld+json\" class=\"yoast-schema-graph\">{\"@context\":\"https:\/\/schema.org\",\"@graph\":[{\"@type\":\"Organization\",\"@id\":\"https:\/\/tipandtrips.es\/#organization\",\"name\":\"Tip And Trips\",\"url\":\"https:\/\/tipandtrips.es\/\",\"sameAs\":[],\"logo\":{\"@type\":\"ImageObject\",\"inLanguage\":\"es\",\"@id\":\"https:\/\/tipandtrips.es\/#\/schema\/logo\/image\/\",\"url\":\"https:\/\/tipandtrips.es\/wp-content\/uploads\/2021\/02\/TipTrips_Web_trans.png\",\"contentUrl\":\"https:\/\/tipandtrips.es\/wp-content\/uploads\/2021\/02\/TipTrips_Web_trans.png\",\"width\":3763,\"height\":1998,\"caption\":\"Tip And Trips\"},\"image\":{\"@id\":\"https:\/\/tipandtrips.es\/#\/schema\/logo\/image\/\"}},{\"@type\":\"WebSite\",\"@id\":\"https:\/\/tipandtrips.es\/#website\",\"url\":\"https:\/\/tipandtrips.es\/\",\"name\":\"Tip and Trips\",\"description\":\"Actividades y excursiones en las Islas Canarias\",\"publisher\":{\"@id\":\"https:\/\/tipandtrips.es\/#organization\"},\"potentialAction\":[{\"@type\":\"SearchAction\",\"target\":{\"@type\":\"EntryPoint\",\"urlTemplate\":\"https:\/\/tipandtrips.es\/?s={search_term_string}\"},\"query-input\":\"required name=search_term_string\"}],\"inLanguage\":\"es\"},{\"@type\":\"ImageObject\",\"inLanguage\":\"es\",\"@id\":\"https:\/\/tipandtrips.es\/es\/producto\/reserva-excursion-para-observar-las-estrellas-de-tenerife\/#primaryimage\",\"url\":\"https:\/\/tipandtrips.es\/wp-content\/uploads\/2021\/04\/TF10ST01.jpg\",\"contentUrl\":\"https:\/\/tipandtrips.es\/wp-content\/uploads\/2021\/04\/TF10ST01.jpg\",\"width\":720,\"height\":540},{\"@type\":\"WebPage\",\"@id\":\"https:\/\/tipandtrips.es\/es\/producto\/reserva-excursion-para-observar-las-estrellas-de-tenerife\/#webpage\",\"url\":\"https:\/\/tipandtrips.es\/es\/producto\/reserva-excursion-para-observar-las-estrellas-de-tenerife\/\",\"name\":\"Reserva - Excursion para observar las estrellas de Tenerife - Tip and Trips\",\"isPartOf\":{\"@id\":\"https:\/\/tipandtrips.es\/#website\"},\"primaryImageOfPage\":{\"@id\":\"https:\/\/tipandtrips.es\/es\/producto\/reserva-excursion-para-observar-las-estrellas-de-tenerife\/#primaryimage\"},\"datePublished\":\"2021-04-28T11:14:07+00:00\",\"dateModified\":\"2021-05-17T14:40:04+00:00\",\"description\":\"Reserva - Tenerife es un lugar perfecto para observar las estrellas. Te invitamos a explorar sus secretos con nuestro gu\u00eda, picnic incluido.\",\"breadcrumb\":{\"@id\":\"https:\/\/tipandtrips.es\/es\/producto\/reserva-excursion-para-observar-las-estrellas-de-tenerife\/#breadcrumb\"},\"inLanguage\":\"es\",\"potentialAction\":[{\"@type\":\"ReadAction\",\"target\":[\"https:\/\/tipandtrips.es\/es\/producto\/reserva-excursion-para-observar-las-estrellas-de-tenerife\/\"]}]},{\"@type\":\"BreadcrumbList\",\"@id\":\"https:\/\/tipandtrips.es\/es\/producto\/reserva-excursion-para-observar-las-estrellas-de-tenerife\/#breadcrumb\",\"itemListElement\":[{\"@type\":\"ListItem\",\"position\":1,\"name\":\"Portada\",\"item\":\"https:\/\/tipandtrips.es\/es\/\"},{\"@type\":\"ListItem\",\"position\":2,\"name\":\"Tienda\",\"item\":\"https:\/\/tipandtrips.es\/es\/tienda\/\"},{\"@type\":\"ListItem\",\"position\":3,\"name\":\"Reserva &#8211; Excursion para observar las estrellas de Tenerife\"}]}]}<\/script>\n<!-- \/ Yoast SEO plugin. -->","yoast_head_json":{"title":"Reserva - Excursion para observar las estrellas de Tenerife - Tip and Trips","description":"Reserva - Tenerife es un lugar perfecto para observar las estrellas. Te invitamos a explorar sus secretos con nuestro gu\u00eda, picnic incluido.","robots":{"index":"index","follow":"follow","max-snippet":"max-snippet:-1","max-image-preview":"max-image-preview:large","max-video-preview":"max-video-preview:-1"},"canonical":"https:\/\/tipandtrips.es\/es\/producto\/reserva-excursion-para-observar-las-estrellas-de-tenerife\/","og_locale":"es_ES","og_type":"article","og_title":"Reserva - Excursion para observar las estrellas de Tenerife - Tip and Trips","og_description":"Reserva - Tenerife es un lugar perfecto para observar las estrellas. Te invitamos a explorar sus secretos con nuestro gu\u00eda, picnic incluido.","og_url":"https:\/\/tipandtrips.es\/es\/producto\/reserva-excursion-para-observar-las-estrellas-de-tenerife\/","og_site_name":"Tip and Trips","article_modified_time":"2021-05-17T14:40:04+00:00","og_image":[{"width":720,"height":540,"url":"https:\/\/tipandtrips.es\/wp-content\/uploads\/2021\/04\/TF10ST01.jpg","type":"image\/jpeg"}],"twitter_card":"summary_large_image","schema":{"@context":"https:\/\/schema.org","@graph":[{"@type":"Organization","@id":"https:\/\/tipandtrips.es\/#organization","name":"Tip And Trips","url":"https:\/\/tipandtrips.es\/","sameAs":[],"logo":{"@type":"ImageObject","inLanguage":"es","@id":"https:\/\/tipandtrips.es\/#\/schema\/logo\/image\/","url":"https:\/\/tipandtrips.es\/wp-content\/uploads\/2021\/02\/TipTrips_Web_trans.png","contentUrl":"https:\/\/tipandtrips.es\/wp-content\/uploads\/2021\/02\/TipTrips_Web_trans.png","width":3763,"height":1998,"caption":"Tip And Trips"},"image":{"@id":"https:\/\/tipandtrips.es\/#\/schema\/logo\/image\/"}},{"@type":"WebSite","@id":"https:\/\/tipandtrips.es\/#website","url":"https:\/\/tipandtrips.es\/","name":"Tip and Trips","description":"Actividades y excursiones en las Islas Canarias","publisher":{"@id":"https:\/\/tipandtrips.es\/#organization"},"potentialAction":[{"@type":"SearchAction","target":{"@type":"EntryPoint","urlTemplate":"https:\/\/tipandtrips.es\/?s={search_term_string}"},"query-input":"required name=search_term_string"}],"inLanguage":"es"},{"@type":"ImageObject","inLanguage":"es","@id":"https:\/\/tipandtrips.es\/es\/producto\/reserva-excursion-para-observar-las-estrellas-de-tenerife\/#primaryimage","url":"https:\/\/tipandtrips.es\/wp-content\/uploads\/2021\/04\/TF10ST01.jpg","contentUrl":"https:\/\/tipandtrips.es\/wp-content\/uploads\/2021\/04\/TF10ST01.jpg","width":720,"height":540},{"@type":"WebPage","@id":"https:\/\/tipandtrips.es\/es\/producto\/reserva-excursion-para-observar-las-estrellas-de-tenerife\/#webpage","url":"https:\/\/tipandtrips.es\/es\/producto\/reserva-excursion-para-observar-las-estrellas-de-tenerife\/","name":"Reserva - Excursion para observar las estrellas de Tenerife - Tip and Trips","isPartOf":{"@id":"https:\/\/tipandtrips.es\/#website"},"primaryImageOfPage":{"@id":"https:\/\/tipandtrips.es\/es\/producto\/reserva-excursion-para-observar-las-estrellas-de-tenerife\/#primaryimage"},"datePublished":"2021-04-28T11:14:07+00:00","dateModified":"2021-05-17T14:40:04+00:00","description":"Reserva - Tenerife es un lugar perfecto para observar las estrellas. Te invitamos a explorar sus secretos con nuestro gu\u00eda, picnic incluido.","breadcrumb":{"@id":"https:\/\/tipandtrips.es\/es\/producto\/reserva-excursion-para-observar-las-estrellas-de-tenerife\/#breadcrumb"},"inLanguage":"es","potentialAction":[{"@type":"ReadAction","target":["https:\/\/tipandtrips.es\/es\/producto\/reserva-excursion-para-observar-las-estrellas-de-tenerife\/"]}]},{"@type":"BreadcrumbList","@id":"https:\/\/tipandtrips.es\/es\/producto\/reserva-excursion-para-observar-las-estrellas-de-tenerife\/#breadcrumb","itemListElement":[{"@type":"ListItem","position":1,"name":"Portada","item":"https:\/\/tipandtrips.es\/es\/"},{"@type":"ListItem","position":2,"name":"Tienda","item":"https:\/\/tipandtrips.es\/es\/tienda\/"},{"@type":"ListItem","position":3,"name":"Reserva &#8211; Excursion para observar las estrellas de Tenerife"}]}]}},"_links":{"self":[{"href":"https:\/\/tipandtrips.es\/es\/wp-json\/wp\/v2\/product\/6865"}],"collection":[{"href":"https:\/\/tipandtrips.es\/es\/wp-json\/wp\/v2\/product"}],"about":[{"href":"https:\/\/tipandtrips.es\/es\/wp-json\/wp\/v2\/types\/product"}],"wp:featuredmedia":[{"embeddable":true,"href":"https:\/\/tipandtrips.es\/es\/wp-json\/wp\/v2\/media\/6951"}],"wp:attachment":[{"href":"https:\/\/tipandtrips.es\/es\/wp-json\/wp\/v2\/media?parent=6865"}],"wp:term":[{"taxonomy":"product_cat","embeddable":true,"href":"https:\/\/tipandtrips.es\/es\/wp-json\/wp\/v2\/product_cat?post=6865"},{"taxonomy":"product_tag","embeddable":true,"href":"https:\/\/tipandtrips.es\/es\/wp-json\/wp\/v2\/product_tag?post=6865"}],"curies":[{"name":"wp","href":"https:\/\/api.w.org\/{rel}","templated":true}]}}