{"id":7070,"date":"2021-06-02T23:22:30","date_gmt":"2021-06-02T23:22:30","guid":{"rendered":"https:\/\/tipandtrips.es\/?post_type=product&#038;p=7070"},"modified":"2021-06-02T23:36:33","modified_gmt":"2021-06-02T23:36:33","slug":"reserva-kayak-y-snorkel-en-lanzarote","status":"publish","type":"product","link":"https:\/\/tipandtrips.es\/es\/producto\/reserva-kayak-y-snorkel-en-lanzarote\/","title":{"rendered":"Reserva &#8211; Kayak y snorkel en Lanzarote"},"content":{"rendered":"","protected":false},"excerpt":{"rendered":"<p>Las aguas cristalinas de las diferentes playas de <strong>Papagayo, <\/strong>en Lanzarote, ofrecen un escenario id\u00edlico para practicar el Kayak. El azul de sus aguas recuerdan al Caribe. Adem\u00e1s como tel\u00f3n de fondo tenemos al islote de Lobos y Fuerteventura. Al estar en el sur de la isla el clima es id\u00f3neo todo el a\u00f1o. Durante el recorrido tambi\u00e9n podremos ver el Acantilado de los Ajaches, declarado <strong>Paraje Natural de Inter\u00e9s Nacional<\/strong> desde 1987. Gracias a la fusi\u00f3n de mar y lava crea un espect\u00e1culo digno de ver desde nuestro kayak. \u00bfA qu\u00e9 esperas?<\/p>\n<p><a href=\"https:\/\/tipandtrips.es\/es\/place\/kayak-y-snorkel-en-lanzarote\/\">Informaci\u00f3n completa de la actividad<\/a><\/p>\n","protected":false},"featured_media":7021,"template":"","meta":[],"product_cat":[463],"product_tag":[457,570,572,571,573],"yoast_head":"<!-- This site is optimized with the Yoast SEO plugin v19.1 - https:\/\/yoast.com\/wordpress\/plugins\/seo\/ -->\n<title>Reserva - Kayak y snorkel en Lanzarote - Tip and Trips<\/title>\n<meta name=\"description\" content=\"Book - Discover by Kakay one of the best beaches of Lanzarote, Papagayo. Its crystal clear waters will make you fall in love\" \/>\n<meta name=\"robots\" content=\"index, follow, max-snippet:-1, max-image-preview:large, max-video-preview:-1\" \/>\n<link rel=\"canonical\" href=\"https:\/\/tipandtrips.es\/es\/producto\/reserva-kayak-y-snorkel-en-lanzarote\/\" \/>\n<meta property=\"og:locale\" content=\"es_ES\" \/>\n<meta property=\"og:type\" content=\"article\" \/>\n<meta property=\"og:title\" content=\"Reserva - Kayak y snorkel en Lanzarote - Tip and Trips\" \/>\n<meta property=\"og:description\" content=\"Book - Discover by Kakay one of the best beaches of Lanzarote, Papagayo. Its crystal clear waters will make you fall in love\" \/>\n<meta property=\"og:url\" content=\"https:\/\/tipandtrips.es\/es\/producto\/reserva-kayak-y-snorkel-en-lanzarote\/\" \/>\n<meta property=\"og:site_name\" content=\"Tip and Trips\" \/>\n<meta property=\"article:modified_time\" content=\"2021-06-02T23:36:33+00:00\" \/>\n<meta property=\"og:image\" content=\"https:\/\/tipandtrips.es\/wp-content\/uploads\/2021\/05\/Kayak-Papagayo-beach-5.jpg\" \/>\n\t<meta property=\"og:image:width\" content=\"600\" \/>\n\t<meta property=\"og:image:height\" content=\"338\" \/>\n\t<meta property=\"og:image:type\" content=\"image\/jpeg\" \/>\n<meta name=\"twitter:card\" content=\"summary_large_image\" \/>\n<script type=\"application\/ld+json\" class=\"yoast-schema-graph\">{\"@context\":\"https:\/\/schema.org\",\"@graph\":[{\"@type\":\"Organization\",\"@id\":\"https:\/\/tipandtrips.es\/#organization\",\"name\":\"Tip And Trips\",\"url\":\"https:\/\/tipandtrips.es\/\",\"sameAs\":[],\"logo\":{\"@type\":\"ImageObject\",\"inLanguage\":\"es\",\"@id\":\"https:\/\/tipandtrips.es\/#\/schema\/logo\/image\/\",\"url\":\"https:\/\/tipandtrips.es\/wp-content\/uploads\/2021\/02\/TipTrips_Web_trans.png\",\"contentUrl\":\"https:\/\/tipandtrips.es\/wp-content\/uploads\/2021\/02\/TipTrips_Web_trans.png\",\"width\":3763,\"height\":1998,\"caption\":\"Tip And Trips\"},\"image\":{\"@id\":\"https:\/\/tipandtrips.es\/#\/schema\/logo\/image\/\"}},{\"@type\":\"WebSite\",\"@id\":\"https:\/\/tipandtrips.es\/#website\",\"url\":\"https:\/\/tipandtrips.es\/\",\"name\":\"Tip and Trips\",\"description\":\"Actividades y excursiones en las Islas Canarias\",\"publisher\":{\"@id\":\"https:\/\/tipandtrips.es\/#organization\"},\"potentialAction\":[{\"@type\":\"SearchAction\",\"target\":{\"@type\":\"EntryPoint\",\"urlTemplate\":\"https:\/\/tipandtrips.es\/?s={search_term_string}\"},\"query-input\":\"required name=search_term_string\"}],\"inLanguage\":\"es\"},{\"@type\":\"ImageObject\",\"inLanguage\":\"es\",\"@id\":\"https:\/\/tipandtrips.es\/es\/producto\/reserva-kayak-y-snorkel-en-lanzarote\/#primaryimage\",\"url\":\"https:\/\/tipandtrips.es\/wp-content\/uploads\/2021\/05\/Kayak-Papagayo-beach-5.jpg\",\"contentUrl\":\"https:\/\/tipandtrips.es\/wp-content\/uploads\/2021\/05\/Kayak-Papagayo-beach-5.jpg\",\"width\":600,\"height\":338},{\"@type\":\"WebPage\",\"@id\":\"https:\/\/tipandtrips.es\/es\/producto\/reserva-kayak-y-snorkel-en-lanzarote\/#webpage\",\"url\":\"https:\/\/tipandtrips.es\/es\/producto\/reserva-kayak-y-snorkel-en-lanzarote\/\",\"name\":\"Reserva - Kayak y snorkel en Lanzarote - Tip and Trips\",\"isPartOf\":{\"@id\":\"https:\/\/tipandtrips.es\/#website\"},\"primaryImageOfPage\":{\"@id\":\"https:\/\/tipandtrips.es\/es\/producto\/reserva-kayak-y-snorkel-en-lanzarote\/#primaryimage\"},\"datePublished\":\"2021-06-02T23:22:30+00:00\",\"dateModified\":\"2021-06-02T23:36:33+00:00\",\"description\":\"Book - Discover by Kakay one of the best beaches of Lanzarote, Papagayo. Its crystal clear waters will make you fall in love\",\"breadcrumb\":{\"@id\":\"https:\/\/tipandtrips.es\/es\/producto\/reserva-kayak-y-snorkel-en-lanzarote\/#breadcrumb\"},\"inLanguage\":\"es\",\"potentialAction\":[{\"@type\":\"ReadAction\",\"target\":[\"https:\/\/tipandtrips.es\/es\/producto\/reserva-kayak-y-snorkel-en-lanzarote\/\"]}]},{\"@type\":\"BreadcrumbList\",\"@id\":\"https:\/\/tipandtrips.es\/es\/producto\/reserva-kayak-y-snorkel-en-lanzarote\/#breadcrumb\",\"itemListElement\":[{\"@type\":\"ListItem\",\"position\":1,\"name\":\"Portada\",\"item\":\"https:\/\/tipandtrips.es\/es\/\"},{\"@type\":\"ListItem\",\"position\":2,\"name\":\"Tienda\",\"item\":\"https:\/\/tipandtrips.es\/es\/tienda\/\"},{\"@type\":\"ListItem\",\"position\":3,\"name\":\"Reserva &#8211; Kayak y snorkel en Lanzarote\"}]}]}<\/script>\n<!-- \/ Yoast SEO plugin. -->","yoast_head_json":{"title":"Reserva - Kayak y snorkel en Lanzarote - Tip and Trips","description":"Book - Discover by Kakay one of the best beaches of Lanzarote, Papagayo. Its crystal clear waters will make you fall in love","robots":{"index":"index","follow":"follow","max-snippet":"max-snippet:-1","max-image-preview":"max-image-preview:large","max-video-preview":"max-video-preview:-1"},"canonical":"https:\/\/tipandtrips.es\/es\/producto\/reserva-kayak-y-snorkel-en-lanzarote\/","og_locale":"es_ES","og_type":"article","og_title":"Reserva - Kayak y snorkel en Lanzarote - Tip and Trips","og_description":"Book - Discover by Kakay one of the best beaches of Lanzarote, Papagayo. Its crystal clear waters will make you fall in love","og_url":"https:\/\/tipandtrips.es\/es\/producto\/reserva-kayak-y-snorkel-en-lanzarote\/","og_site_name":"Tip and Trips","article_modified_time":"2021-06-02T23:36:33+00:00","og_image":[{"width":600,"height":338,"url":"https:\/\/tipandtrips.es\/wp-content\/uploads\/2021\/05\/Kayak-Papagayo-beach-5.jpg","type":"image\/jpeg"}],"twitter_card":"summary_large_image","schema":{"@context":"https:\/\/schema.org","@graph":[{"@type":"Organization","@id":"https:\/\/tipandtrips.es\/#organization","name":"Tip And Trips","url":"https:\/\/tipandtrips.es\/","sameAs":[],"logo":{"@type":"ImageObject","inLanguage":"es","@id":"https:\/\/tipandtrips.es\/#\/schema\/logo\/image\/","url":"https:\/\/tipandtrips.es\/wp-content\/uploads\/2021\/02\/TipTrips_Web_trans.png","contentUrl":"https:\/\/tipandtrips.es\/wp-content\/uploads\/2021\/02\/TipTrips_Web_trans.png","width":3763,"height":1998,"caption":"Tip And Trips"},"image":{"@id":"https:\/\/tipandtrips.es\/#\/schema\/logo\/image\/"}},{"@type":"WebSite","@id":"https:\/\/tipandtrips.es\/#website","url":"https:\/\/tipandtrips.es\/","name":"Tip and Trips","description":"Actividades y excursiones en las Islas Canarias","publisher":{"@id":"https:\/\/tipandtrips.es\/#organization"},"potentialAction":[{"@type":"SearchAction","target":{"@type":"EntryPoint","urlTemplate":"https:\/\/tipandtrips.es\/?s={search_term_string}"},"query-input":"required name=search_term_string"}],"inLanguage":"es"},{"@type":"ImageObject","inLanguage":"es","@id":"https:\/\/tipandtrips.es\/es\/producto\/reserva-kayak-y-snorkel-en-lanzarote\/#primaryimage","url":"https:\/\/tipandtrips.es\/wp-content\/uploads\/2021\/05\/Kayak-Papagayo-beach-5.jpg","contentUrl":"https:\/\/tipandtrips.es\/wp-content\/uploads\/2021\/05\/Kayak-Papagayo-beach-5.jpg","width":600,"height":338},{"@type":"WebPage","@id":"https:\/\/tipandtrips.es\/es\/producto\/reserva-kayak-y-snorkel-en-lanzarote\/#webpage","url":"https:\/\/tipandtrips.es\/es\/producto\/reserva-kayak-y-snorkel-en-lanzarote\/","name":"Reserva - Kayak y snorkel en Lanzarote - Tip and Trips","isPartOf":{"@id":"https:\/\/tipandtrips.es\/#website"},"primaryImageOfPage":{"@id":"https:\/\/tipandtrips.es\/es\/producto\/reserva-kayak-y-snorkel-en-lanzarote\/#primaryimage"},"datePublished":"2021-06-02T23:22:30+00:00","dateModified":"2021-06-02T23:36:33+00:00","description":"Book - Discover by Kakay one of the best beaches of Lanzarote, Papagayo. Its crystal clear waters will make you fall in love","breadcrumb":{"@id":"https:\/\/tipandtrips.es\/es\/producto\/reserva-kayak-y-snorkel-en-lanzarote\/#breadcrumb"},"inLanguage":"es","potentialAction":[{"@type":"ReadAction","target":["https:\/\/tipandtrips.es\/es\/producto\/reserva-kayak-y-snorkel-en-lanzarote\/"]}]},{"@type":"BreadcrumbList","@id":"https:\/\/tipandtrips.es\/es\/producto\/reserva-kayak-y-snorkel-en-lanzarote\/#breadcrumb","itemListElement":[{"@type":"ListItem","position":1,"name":"Portada","item":"https:\/\/tipandtrips.es\/es\/"},{"@type":"ListItem","position":2,"name":"Tienda","item":"https:\/\/tipandtrips.es\/es\/tienda\/"},{"@type":"ListItem","position":3,"name":"Reserva &#8211; Kayak y snorkel en Lanzarote"}]}]}},"_links":{"self":[{"href":"https:\/\/tipandtrips.es\/es\/wp-json\/wp\/v2\/product\/7070"}],"collection":[{"href":"https:\/\/tipandtrips.es\/es\/wp-json\/wp\/v2\/product"}],"about":[{"href":"https:\/\/tipandtrips.es\/es\/wp-json\/wp\/v2\/types\/product"}],"wp:featuredmedia":[{"embeddable":true,"href":"https:\/\/tipandtrips.es\/es\/wp-json\/wp\/v2\/media\/7021"}],"wp:attachment":[{"href":"https:\/\/tipandtrips.es\/es\/wp-json\/wp\/v2\/media?parent=7070"}],"wp:term":[{"taxonomy":"product_cat","embeddable":true,"href":"https:\/\/tipandtrips.es\/es\/wp-json\/wp\/v2\/product_cat?post=7070"},{"taxonomy":"product_tag","embeddable":true,"href":"https:\/\/tipandtrips.es\/es\/wp-json\/wp\/v2\/product_tag?post=7070"}],"curies":[{"name":"wp","href":"https:\/\/api.w.org\/{rel}","templated":true}]}}