{"id":7080,"date":"2021-05-31T14:17:43","date_gmt":"2021-05-31T14:17:43","guid":{"rendered":"https:\/\/tipandtrips.es\/?post_type=product&#038;p=7080"},"modified":"2021-06-18T09:33:36","modified_gmt":"2021-06-18T09:33:36","slug":"reserva-paddle-surf-y-snorkel-en-playa-mujeres","status":"publish","type":"product","link":"https:\/\/tipandtrips.es\/es\/producto\/reserva-paddle-surf-y-snorkel-en-playa-mujeres\/","title":{"rendered":"Reserva &#8211; Paddle surf y snorkel en Playa Mujeres"},"content":{"rendered":"","protected":false},"excerpt":{"rendered":"<p><span style=\"font-weight: 400;\">La isla ofrece multitud de actividades diferentes, entre ellas el p<strong>addle surf y snorkel <\/strong>en Lanzarote<strong>.<\/strong> Descubrir la costa desde una tabla y poder visitar diferentes calas y cuevas a nuestro ritmo es una visita casi obligatoria. Adem\u00e1s de sus aguas cristalinas, es un lugar con pocas olas y escaso viento, as\u00ed que es perfecto para hacer paddle surf y ver sus fondos marinos. Tiene un aspecto \u00e1rido y salvaje con tonos negruzcos que enamoran a los visitantes. \u00bfTe animas?<\/span><\/p>\n","protected":false},"featured_media":7043,"template":"","meta":[],"product_cat":[464],"product_tag":[570,575,572,574,571,573],"yoast_head":"<!-- This site is optimized with the Yoast SEO plugin v19.1 - https:\/\/yoast.com\/wordpress\/plugins\/seo\/ -->\n<title>Reserva - Paddle surf y snorkel en Playa Mujeres - Tip and Trips<\/title>\n<meta name=\"description\" content=\"Reserva - Stand Up Paddle Surf en Playa Mujeres. Excursi\u00f3n de 2 horas con una parada para hacer snorkel en aguas cristalinas y un picnic.\" \/>\n<meta name=\"robots\" content=\"index, follow, max-snippet:-1, max-image-preview:large, max-video-preview:-1\" \/>\n<link rel=\"canonical\" href=\"https:\/\/tipandtrips.es\/es\/producto\/reserva-paddle-surf-y-snorkel-en-playa-mujeres\/\" \/>\n<meta property=\"og:locale\" content=\"es_ES\" \/>\n<meta property=\"og:type\" content=\"article\" \/>\n<meta property=\"og:title\" content=\"Reserva - Paddle surf y snorkel en Playa Mujeres - Tip and Trips\" \/>\n<meta property=\"og:description\" content=\"Reserva - Stand Up Paddle Surf en Playa Mujeres. Excursi\u00f3n de 2 horas con una parada para hacer snorkel en aguas cristalinas y un picnic.\" \/>\n<meta property=\"og:url\" content=\"https:\/\/tipandtrips.es\/es\/producto\/reserva-paddle-surf-y-snorkel-en-playa-mujeres\/\" \/>\n<meta property=\"og:site_name\" content=\"Tip and Trips\" \/>\n<meta property=\"article:modified_time\" content=\"2021-06-18T09:33:36+00:00\" \/>\n<meta property=\"og:image\" content=\"https:\/\/tipandtrips.es\/wp-content\/uploads\/2021\/05\/Paddle-Surf-Mujeres-Beach.jpg\" \/>\n\t<meta property=\"og:image:width\" content=\"545\" \/>\n\t<meta property=\"og:image:height\" content=\"365\" \/>\n\t<meta property=\"og:image:type\" content=\"image\/jpeg\" \/>\n<meta name=\"twitter:card\" content=\"summary_large_image\" \/>\n<script type=\"application\/ld+json\" class=\"yoast-schema-graph\">{\"@context\":\"https:\/\/schema.org\",\"@graph\":[{\"@type\":\"Organization\",\"@id\":\"https:\/\/tipandtrips.es\/#organization\",\"name\":\"Tip And Trips\",\"url\":\"https:\/\/tipandtrips.es\/\",\"sameAs\":[],\"logo\":{\"@type\":\"ImageObject\",\"inLanguage\":\"es\",\"@id\":\"https:\/\/tipandtrips.es\/#\/schema\/logo\/image\/\",\"url\":\"https:\/\/tipandtrips.es\/wp-content\/uploads\/2021\/02\/TipTrips_Web_trans.png\",\"contentUrl\":\"https:\/\/tipandtrips.es\/wp-content\/uploads\/2021\/02\/TipTrips_Web_trans.png\",\"width\":3763,\"height\":1998,\"caption\":\"Tip And Trips\"},\"image\":{\"@id\":\"https:\/\/tipandtrips.es\/#\/schema\/logo\/image\/\"}},{\"@type\":\"WebSite\",\"@id\":\"https:\/\/tipandtrips.es\/#website\",\"url\":\"https:\/\/tipandtrips.es\/\",\"name\":\"Tip and Trips\",\"description\":\"Actividades y excursiones en las Islas Canarias\",\"publisher\":{\"@id\":\"https:\/\/tipandtrips.es\/#organization\"},\"potentialAction\":[{\"@type\":\"SearchAction\",\"target\":{\"@type\":\"EntryPoint\",\"urlTemplate\":\"https:\/\/tipandtrips.es\/?s={search_term_string}\"},\"query-input\":\"required name=search_term_string\"}],\"inLanguage\":\"es\"},{\"@type\":\"ImageObject\",\"inLanguage\":\"es\",\"@id\":\"https:\/\/tipandtrips.es\/es\/producto\/reserva-paddle-surf-y-snorkel-en-playa-mujeres\/#primaryimage\",\"url\":\"https:\/\/tipandtrips.es\/wp-content\/uploads\/2021\/05\/Paddle-Surf-Mujeres-Beach.jpg\",\"contentUrl\":\"https:\/\/tipandtrips.es\/wp-content\/uploads\/2021\/05\/Paddle-Surf-Mujeres-Beach.jpg\",\"width\":545,\"height\":365},{\"@type\":\"WebPage\",\"@id\":\"https:\/\/tipandtrips.es\/es\/producto\/reserva-paddle-surf-y-snorkel-en-playa-mujeres\/#webpage\",\"url\":\"https:\/\/tipandtrips.es\/es\/producto\/reserva-paddle-surf-y-snorkel-en-playa-mujeres\/\",\"name\":\"Reserva - Paddle surf y snorkel en Playa Mujeres - Tip and Trips\",\"isPartOf\":{\"@id\":\"https:\/\/tipandtrips.es\/#website\"},\"primaryImageOfPage\":{\"@id\":\"https:\/\/tipandtrips.es\/es\/producto\/reserva-paddle-surf-y-snorkel-en-playa-mujeres\/#primaryimage\"},\"datePublished\":\"2021-05-31T14:17:43+00:00\",\"dateModified\":\"2021-06-18T09:33:36+00:00\",\"description\":\"Reserva - Stand Up Paddle Surf en Playa Mujeres. Excursi\u00f3n de 2 horas con una parada para hacer snorkel en aguas cristalinas y un picnic.\",\"breadcrumb\":{\"@id\":\"https:\/\/tipandtrips.es\/es\/producto\/reserva-paddle-surf-y-snorkel-en-playa-mujeres\/#breadcrumb\"},\"inLanguage\":\"es\",\"potentialAction\":[{\"@type\":\"ReadAction\",\"target\":[\"https:\/\/tipandtrips.es\/es\/producto\/reserva-paddle-surf-y-snorkel-en-playa-mujeres\/\"]}]},{\"@type\":\"BreadcrumbList\",\"@id\":\"https:\/\/tipandtrips.es\/es\/producto\/reserva-paddle-surf-y-snorkel-en-playa-mujeres\/#breadcrumb\",\"itemListElement\":[{\"@type\":\"ListItem\",\"position\":1,\"name\":\"Portada\",\"item\":\"https:\/\/tipandtrips.es\/es\/\"},{\"@type\":\"ListItem\",\"position\":2,\"name\":\"Tienda\",\"item\":\"https:\/\/tipandtrips.es\/es\/tienda\/\"},{\"@type\":\"ListItem\",\"position\":3,\"name\":\"Reserva &#8211; Paddle surf y snorkel en Playa Mujeres\"}]}]}<\/script>\n<!-- \/ Yoast SEO plugin. -->","yoast_head_json":{"title":"Reserva - Paddle surf y snorkel en Playa Mujeres - Tip and Trips","description":"Reserva - Stand Up Paddle Surf en Playa Mujeres. Excursi\u00f3n de 2 horas con una parada para hacer snorkel en aguas cristalinas y un picnic.","robots":{"index":"index","follow":"follow","max-snippet":"max-snippet:-1","max-image-preview":"max-image-preview:large","max-video-preview":"max-video-preview:-1"},"canonical":"https:\/\/tipandtrips.es\/es\/producto\/reserva-paddle-surf-y-snorkel-en-playa-mujeres\/","og_locale":"es_ES","og_type":"article","og_title":"Reserva - Paddle surf y snorkel en Playa Mujeres - Tip and Trips","og_description":"Reserva - Stand Up Paddle Surf en Playa Mujeres. Excursi\u00f3n de 2 horas con una parada para hacer snorkel en aguas cristalinas y un picnic.","og_url":"https:\/\/tipandtrips.es\/es\/producto\/reserva-paddle-surf-y-snorkel-en-playa-mujeres\/","og_site_name":"Tip and Trips","article_modified_time":"2021-06-18T09:33:36+00:00","og_image":[{"width":545,"height":365,"url":"https:\/\/tipandtrips.es\/wp-content\/uploads\/2021\/05\/Paddle-Surf-Mujeres-Beach.jpg","type":"image\/jpeg"}],"twitter_card":"summary_large_image","schema":{"@context":"https:\/\/schema.org","@graph":[{"@type":"Organization","@id":"https:\/\/tipandtrips.es\/#organization","name":"Tip And Trips","url":"https:\/\/tipandtrips.es\/","sameAs":[],"logo":{"@type":"ImageObject","inLanguage":"es","@id":"https:\/\/tipandtrips.es\/#\/schema\/logo\/image\/","url":"https:\/\/tipandtrips.es\/wp-content\/uploads\/2021\/02\/TipTrips_Web_trans.png","contentUrl":"https:\/\/tipandtrips.es\/wp-content\/uploads\/2021\/02\/TipTrips_Web_trans.png","width":3763,"height":1998,"caption":"Tip And Trips"},"image":{"@id":"https:\/\/tipandtrips.es\/#\/schema\/logo\/image\/"}},{"@type":"WebSite","@id":"https:\/\/tipandtrips.es\/#website","url":"https:\/\/tipandtrips.es\/","name":"Tip and Trips","description":"Actividades y excursiones en las Islas Canarias","publisher":{"@id":"https:\/\/tipandtrips.es\/#organization"},"potentialAction":[{"@type":"SearchAction","target":{"@type":"EntryPoint","urlTemplate":"https:\/\/tipandtrips.es\/?s={search_term_string}"},"query-input":"required name=search_term_string"}],"inLanguage":"es"},{"@type":"ImageObject","inLanguage":"es","@id":"https:\/\/tipandtrips.es\/es\/producto\/reserva-paddle-surf-y-snorkel-en-playa-mujeres\/#primaryimage","url":"https:\/\/tipandtrips.es\/wp-content\/uploads\/2021\/05\/Paddle-Surf-Mujeres-Beach.jpg","contentUrl":"https:\/\/tipandtrips.es\/wp-content\/uploads\/2021\/05\/Paddle-Surf-Mujeres-Beach.jpg","width":545,"height":365},{"@type":"WebPage","@id":"https:\/\/tipandtrips.es\/es\/producto\/reserva-paddle-surf-y-snorkel-en-playa-mujeres\/#webpage","url":"https:\/\/tipandtrips.es\/es\/producto\/reserva-paddle-surf-y-snorkel-en-playa-mujeres\/","name":"Reserva - Paddle surf y snorkel en Playa Mujeres - Tip and Trips","isPartOf":{"@id":"https:\/\/tipandtrips.es\/#website"},"primaryImageOfPage":{"@id":"https:\/\/tipandtrips.es\/es\/producto\/reserva-paddle-surf-y-snorkel-en-playa-mujeres\/#primaryimage"},"datePublished":"2021-05-31T14:17:43+00:00","dateModified":"2021-06-18T09:33:36+00:00","description":"Reserva - Stand Up Paddle Surf en Playa Mujeres. Excursi\u00f3n de 2 horas con una parada para hacer snorkel en aguas cristalinas y un picnic.","breadcrumb":{"@id":"https:\/\/tipandtrips.es\/es\/producto\/reserva-paddle-surf-y-snorkel-en-playa-mujeres\/#breadcrumb"},"inLanguage":"es","potentialAction":[{"@type":"ReadAction","target":["https:\/\/tipandtrips.es\/es\/producto\/reserva-paddle-surf-y-snorkel-en-playa-mujeres\/"]}]},{"@type":"BreadcrumbList","@id":"https:\/\/tipandtrips.es\/es\/producto\/reserva-paddle-surf-y-snorkel-en-playa-mujeres\/#breadcrumb","itemListElement":[{"@type":"ListItem","position":1,"name":"Portada","item":"https:\/\/tipandtrips.es\/es\/"},{"@type":"ListItem","position":2,"name":"Tienda","item":"https:\/\/tipandtrips.es\/es\/tienda\/"},{"@type":"ListItem","position":3,"name":"Reserva &#8211; Paddle surf y snorkel en Playa Mujeres"}]}]}},"_links":{"self":[{"href":"https:\/\/tipandtrips.es\/es\/wp-json\/wp\/v2\/product\/7080"}],"collection":[{"href":"https:\/\/tipandtrips.es\/es\/wp-json\/wp\/v2\/product"}],"about":[{"href":"https:\/\/tipandtrips.es\/es\/wp-json\/wp\/v2\/types\/product"}],"wp:featuredmedia":[{"embeddable":true,"href":"https:\/\/tipandtrips.es\/es\/wp-json\/wp\/v2\/media\/7043"}],"wp:attachment":[{"href":"https:\/\/tipandtrips.es\/es\/wp-json\/wp\/v2\/media?parent=7080"}],"wp:term":[{"taxonomy":"product_cat","embeddable":true,"href":"https:\/\/tipandtrips.es\/es\/wp-json\/wp\/v2\/product_cat?post=7080"},{"taxonomy":"product_tag","embeddable":true,"href":"https:\/\/tipandtrips.es\/es\/wp-json\/wp\/v2\/product_tag?post=7080"}],"curies":[{"name":"wp","href":"https:\/\/api.w.org\/{rel}","templated":true}]}}