{"id":7100,"date":"2021-06-07T14:31:11","date_gmt":"2021-06-07T14:31:11","guid":{"rendered":"https:\/\/tipandtrips.es\/?post_type=product&#038;p=7100"},"modified":"2021-06-14T13:17:42","modified_gmt":"2021-06-14T13:17:42","slug":"reserva-coasteering-barranquismo-por-el-mar-en-lanzarote","status":"publish","type":"product","link":"https:\/\/tipandtrips.es\/es\/producto\/reserva-coasteering-barranquismo-por-el-mar-en-lanzarote\/","title":{"rendered":"Reserva &#8211; Coasteering, barranquismo por el mar en Lanzarote"},"content":{"rendered":"","protected":false},"excerpt":{"rendered":"<p><span style=\"font-weight: 400;\">\u00a1Si buscas una actividad diferente estas en el sitio correcto! Hacer<strong> barranquismo por el mar en Lanzarote<\/strong> combina senderismo, saltos al agua, nataci\u00f3n, exploraci\u00f3n de cuevas y snorkel en diferentes lugares de Lanzarote. El sur de Lanzarote es id\u00f3neo para hacer esta actividad, dependiendo del mar iremos a un sitio u otro. \u00a1Combina aventura, emoci\u00f3n y adrenalina!\u00a0<\/span><\/p>\n<p>Aprender\u00e1s cosas sobre el mar y conocer\u00e1s nuestra costa de una forma completamente distinta. Explorar\u00e1s sitios que no todo mundo puede llegar y experimentar\u00e1s sensaciones completamente nuevas.<\/p>\n","protected":false},"featured_media":7093,"template":"","meta":[],"product_cat":[583],"product_tag":[584,585,570,587,572,571,586,573],"yoast_head":"<!-- This site is optimized with the Yoast SEO plugin v19.1 - https:\/\/yoast.com\/wordpress\/plugins\/seo\/ -->\n<title>Reserva - Coasteering, barranquismo por el mar en Lanzarote - Tip and Trips<\/title>\n<meta name=\"description\" content=\"Reserva - Barranquismo de mar. Saltos desde acantilados, peque\u00f1as escaladas, caminar por la costa rocosa, nadar en el mar, cuevas y buceo.\" \/>\n<meta name=\"robots\" content=\"index, follow, max-snippet:-1, max-image-preview:large, max-video-preview:-1\" \/>\n<link rel=\"canonical\" href=\"https:\/\/tipandtrips.es\/es\/producto\/reserva-coasteering-barranquismo-por-el-mar-en-lanzarote\/\" \/>\n<meta property=\"og:locale\" content=\"es_ES\" \/>\n<meta property=\"og:type\" content=\"article\" \/>\n<meta property=\"og:title\" content=\"Reserva - Coasteering, barranquismo por el mar en Lanzarote - Tip and Trips\" \/>\n<meta property=\"og:description\" content=\"Reserva - Barranquismo de mar. Saltos desde acantilados, peque\u00f1as escaladas, caminar por la costa rocosa, nadar en el mar, cuevas y buceo.\" \/>\n<meta property=\"og:url\" content=\"https:\/\/tipandtrips.es\/es\/producto\/reserva-coasteering-barranquismo-por-el-mar-en-lanzarote\/\" \/>\n<meta property=\"og:site_name\" content=\"Tip and Trips\" \/>\n<meta property=\"article:modified_time\" content=\"2021-06-14T13:17:42+00:00\" \/>\n<meta property=\"og:image\" content=\"https:\/\/tipandtrips.es\/wp-content\/uploads\/2021\/06\/imagen-3p.jpg\" \/>\n\t<meta property=\"og:image:width\" content=\"686\" \/>\n\t<meta property=\"og:image:height\" content=\"321\" \/>\n\t<meta property=\"og:image:type\" content=\"image\/jpeg\" \/>\n<meta name=\"twitter:card\" content=\"summary_large_image\" \/>\n<script type=\"application\/ld+json\" class=\"yoast-schema-graph\">{\"@context\":\"https:\/\/schema.org\",\"@graph\":[{\"@type\":\"Organization\",\"@id\":\"https:\/\/tipandtrips.es\/#organization\",\"name\":\"Tip And Trips\",\"url\":\"https:\/\/tipandtrips.es\/\",\"sameAs\":[],\"logo\":{\"@type\":\"ImageObject\",\"inLanguage\":\"es\",\"@id\":\"https:\/\/tipandtrips.es\/#\/schema\/logo\/image\/\",\"url\":\"https:\/\/tipandtrips.es\/wp-content\/uploads\/2021\/02\/TipTrips_Web_trans.png\",\"contentUrl\":\"https:\/\/tipandtrips.es\/wp-content\/uploads\/2021\/02\/TipTrips_Web_trans.png\",\"width\":3763,\"height\":1998,\"caption\":\"Tip And Trips\"},\"image\":{\"@id\":\"https:\/\/tipandtrips.es\/#\/schema\/logo\/image\/\"}},{\"@type\":\"WebSite\",\"@id\":\"https:\/\/tipandtrips.es\/#website\",\"url\":\"https:\/\/tipandtrips.es\/\",\"name\":\"Tip and Trips\",\"description\":\"Actividades y excursiones en las Islas Canarias\",\"publisher\":{\"@id\":\"https:\/\/tipandtrips.es\/#organization\"},\"potentialAction\":[{\"@type\":\"SearchAction\",\"target\":{\"@type\":\"EntryPoint\",\"urlTemplate\":\"https:\/\/tipandtrips.es\/?s={search_term_string}\"},\"query-input\":\"required name=search_term_string\"}],\"inLanguage\":\"es\"},{\"@type\":\"ImageObject\",\"inLanguage\":\"es\",\"@id\":\"https:\/\/tipandtrips.es\/es\/producto\/reserva-coasteering-barranquismo-por-el-mar-en-lanzarote\/#primaryimage\",\"url\":\"https:\/\/tipandtrips.es\/wp-content\/uploads\/2021\/06\/imagen-3p.jpg\",\"contentUrl\":\"https:\/\/tipandtrips.es\/wp-content\/uploads\/2021\/06\/imagen-3p.jpg\",\"width\":686,\"height\":321},{\"@type\":\"WebPage\",\"@id\":\"https:\/\/tipandtrips.es\/es\/producto\/reserva-coasteering-barranquismo-por-el-mar-en-lanzarote\/#webpage\",\"url\":\"https:\/\/tipandtrips.es\/es\/producto\/reserva-coasteering-barranquismo-por-el-mar-en-lanzarote\/\",\"name\":\"Reserva - Coasteering, barranquismo por el mar en Lanzarote - Tip and Trips\",\"isPartOf\":{\"@id\":\"https:\/\/tipandtrips.es\/#website\"},\"primaryImageOfPage\":{\"@id\":\"https:\/\/tipandtrips.es\/es\/producto\/reserva-coasteering-barranquismo-por-el-mar-en-lanzarote\/#primaryimage\"},\"datePublished\":\"2021-06-07T14:31:11+00:00\",\"dateModified\":\"2021-06-14T13:17:42+00:00\",\"description\":\"Reserva - Barranquismo de mar. Saltos desde acantilados, peque\u00f1as escaladas, caminar por la costa rocosa, nadar en el mar, cuevas y buceo.\",\"breadcrumb\":{\"@id\":\"https:\/\/tipandtrips.es\/es\/producto\/reserva-coasteering-barranquismo-por-el-mar-en-lanzarote\/#breadcrumb\"},\"inLanguage\":\"es\",\"potentialAction\":[{\"@type\":\"ReadAction\",\"target\":[\"https:\/\/tipandtrips.es\/es\/producto\/reserva-coasteering-barranquismo-por-el-mar-en-lanzarote\/\"]}]},{\"@type\":\"BreadcrumbList\",\"@id\":\"https:\/\/tipandtrips.es\/es\/producto\/reserva-coasteering-barranquismo-por-el-mar-en-lanzarote\/#breadcrumb\",\"itemListElement\":[{\"@type\":\"ListItem\",\"position\":1,\"name\":\"Portada\",\"item\":\"https:\/\/tipandtrips.es\/es\/\"},{\"@type\":\"ListItem\",\"position\":2,\"name\":\"Tienda\",\"item\":\"https:\/\/tipandtrips.es\/es\/tienda\/\"},{\"@type\":\"ListItem\",\"position\":3,\"name\":\"Reserva &#8211; Coasteering, barranquismo por el mar en Lanzarote\"}]}]}<\/script>\n<!-- \/ Yoast SEO plugin. -->","yoast_head_json":{"title":"Reserva - Coasteering, barranquismo por el mar en Lanzarote - Tip and Trips","description":"Reserva - Barranquismo de mar. Saltos desde acantilados, peque\u00f1as escaladas, caminar por la costa rocosa, nadar en el mar, cuevas y buceo.","robots":{"index":"index","follow":"follow","max-snippet":"max-snippet:-1","max-image-preview":"max-image-preview:large","max-video-preview":"max-video-preview:-1"},"canonical":"https:\/\/tipandtrips.es\/es\/producto\/reserva-coasteering-barranquismo-por-el-mar-en-lanzarote\/","og_locale":"es_ES","og_type":"article","og_title":"Reserva - Coasteering, barranquismo por el mar en Lanzarote - Tip and Trips","og_description":"Reserva - Barranquismo de mar. Saltos desde acantilados, peque\u00f1as escaladas, caminar por la costa rocosa, nadar en el mar, cuevas y buceo.","og_url":"https:\/\/tipandtrips.es\/es\/producto\/reserva-coasteering-barranquismo-por-el-mar-en-lanzarote\/","og_site_name":"Tip and Trips","article_modified_time":"2021-06-14T13:17:42+00:00","og_image":[{"width":686,"height":321,"url":"https:\/\/tipandtrips.es\/wp-content\/uploads\/2021\/06\/imagen-3p.jpg","type":"image\/jpeg"}],"twitter_card":"summary_large_image","schema":{"@context":"https:\/\/schema.org","@graph":[{"@type":"Organization","@id":"https:\/\/tipandtrips.es\/#organization","name":"Tip And Trips","url":"https:\/\/tipandtrips.es\/","sameAs":[],"logo":{"@type":"ImageObject","inLanguage":"es","@id":"https:\/\/tipandtrips.es\/#\/schema\/logo\/image\/","url":"https:\/\/tipandtrips.es\/wp-content\/uploads\/2021\/02\/TipTrips_Web_trans.png","contentUrl":"https:\/\/tipandtrips.es\/wp-content\/uploads\/2021\/02\/TipTrips_Web_trans.png","width":3763,"height":1998,"caption":"Tip And Trips"},"image":{"@id":"https:\/\/tipandtrips.es\/#\/schema\/logo\/image\/"}},{"@type":"WebSite","@id":"https:\/\/tipandtrips.es\/#website","url":"https:\/\/tipandtrips.es\/","name":"Tip and Trips","description":"Actividades y excursiones en las Islas Canarias","publisher":{"@id":"https:\/\/tipandtrips.es\/#organization"},"potentialAction":[{"@type":"SearchAction","target":{"@type":"EntryPoint","urlTemplate":"https:\/\/tipandtrips.es\/?s={search_term_string}"},"query-input":"required name=search_term_string"}],"inLanguage":"es"},{"@type":"ImageObject","inLanguage":"es","@id":"https:\/\/tipandtrips.es\/es\/producto\/reserva-coasteering-barranquismo-por-el-mar-en-lanzarote\/#primaryimage","url":"https:\/\/tipandtrips.es\/wp-content\/uploads\/2021\/06\/imagen-3p.jpg","contentUrl":"https:\/\/tipandtrips.es\/wp-content\/uploads\/2021\/06\/imagen-3p.jpg","width":686,"height":321},{"@type":"WebPage","@id":"https:\/\/tipandtrips.es\/es\/producto\/reserva-coasteering-barranquismo-por-el-mar-en-lanzarote\/#webpage","url":"https:\/\/tipandtrips.es\/es\/producto\/reserva-coasteering-barranquismo-por-el-mar-en-lanzarote\/","name":"Reserva - Coasteering, barranquismo por el mar en Lanzarote - Tip and Trips","isPartOf":{"@id":"https:\/\/tipandtrips.es\/#website"},"primaryImageOfPage":{"@id":"https:\/\/tipandtrips.es\/es\/producto\/reserva-coasteering-barranquismo-por-el-mar-en-lanzarote\/#primaryimage"},"datePublished":"2021-06-07T14:31:11+00:00","dateModified":"2021-06-14T13:17:42+00:00","description":"Reserva - Barranquismo de mar. Saltos desde acantilados, peque\u00f1as escaladas, caminar por la costa rocosa, nadar en el mar, cuevas y buceo.","breadcrumb":{"@id":"https:\/\/tipandtrips.es\/es\/producto\/reserva-coasteering-barranquismo-por-el-mar-en-lanzarote\/#breadcrumb"},"inLanguage":"es","potentialAction":[{"@type":"ReadAction","target":["https:\/\/tipandtrips.es\/es\/producto\/reserva-coasteering-barranquismo-por-el-mar-en-lanzarote\/"]}]},{"@type":"BreadcrumbList","@id":"https:\/\/tipandtrips.es\/es\/producto\/reserva-coasteering-barranquismo-por-el-mar-en-lanzarote\/#breadcrumb","itemListElement":[{"@type":"ListItem","position":1,"name":"Portada","item":"https:\/\/tipandtrips.es\/es\/"},{"@type":"ListItem","position":2,"name":"Tienda","item":"https:\/\/tipandtrips.es\/es\/tienda\/"},{"@type":"ListItem","position":3,"name":"Reserva &#8211; Coasteering, barranquismo por el mar en Lanzarote"}]}]}},"_links":{"self":[{"href":"https:\/\/tipandtrips.es\/es\/wp-json\/wp\/v2\/product\/7100"}],"collection":[{"href":"https:\/\/tipandtrips.es\/es\/wp-json\/wp\/v2\/product"}],"about":[{"href":"https:\/\/tipandtrips.es\/es\/wp-json\/wp\/v2\/types\/product"}],"wp:featuredmedia":[{"embeddable":true,"href":"https:\/\/tipandtrips.es\/es\/wp-json\/wp\/v2\/media\/7093"}],"wp:attachment":[{"href":"https:\/\/tipandtrips.es\/es\/wp-json\/wp\/v2\/media?parent=7100"}],"wp:term":[{"taxonomy":"product_cat","embeddable":true,"href":"https:\/\/tipandtrips.es\/es\/wp-json\/wp\/v2\/product_cat?post=7100"},{"taxonomy":"product_tag","embeddable":true,"href":"https:\/\/tipandtrips.es\/es\/wp-json\/wp\/v2\/product_tag?post=7100"}],"curies":[{"name":"wp","href":"https:\/\/api.w.org\/{rel}","templated":true}]}}