{"id":7183,"date":"2021-06-21T11:47:52","date_gmt":"2021-06-21T11:47:52","guid":{"rendered":"https:\/\/tipandtrips.es\/?post_type=product&#038;p=7183"},"modified":"2021-07-27T06:15:16","modified_gmt":"2021-07-27T06:15:16","slug":"reserva-surf-en-el-medano-clases-privada-2-personas","status":"publish","type":"product","link":"https:\/\/tipandtrips.es\/es\/producto\/reserva-surf-en-el-medano-clases-privada-2-personas\/","title":{"rendered":"Reserva &#8211; Surf en el Medano. Clases Privada 2 personas"},"content":{"rendered":"","protected":false},"excerpt":{"rendered":"<p>En la <a href=\"https:\/\/fb.watch\/v\/d6IwR8N9P\/\">clase de surf<\/a> para <strong>dos personas en El M\u00e9dano<\/strong> estar\u00e1s tu con qui\u00e9n tu quieras con el profesor. No importa el nivel que tengais. El les ense\u00f1ar\u00e1 lo b\u00e1sico, c\u00f3mo ponerse de pie en la tabla, primero en la arena y luego en el agua. Si tienen m\u00e1s experiencia, el profesor perfeccionar\u00e1 la t\u00e9cnica para que puedan disfrutar al m\u00e1ximo de las olas. \u00bfSe animas?<\/p>\n<p>Pueden elegir una hora y media o dos horas, si las condiciones del mar no son las adecuadas, no se preocupes, \u00a1podemos cambiar el d\u00eda o la hora sin ning\u00fan problema!<\/p>\n","protected":false},"featured_media":7191,"template":"","meta":[],"product_cat":[599],"product_tag":[601,600,460,602,603],"yoast_head":"<!-- This site is optimized with the Yoast SEO plugin v19.1 - https:\/\/yoast.com\/wordpress\/plugins\/seo\/ -->\n<title>Reserva - Surf en el Medano. Clases Privada 2 personas - Tip and Trips<\/title>\n<meta name=\"description\" content=\"Reserva Clases Privadas de Surf para 2 personas. Aprende y mejora tus habilidades en El Medano. Una playa de arena ideal para aprender\" \/>\n<meta name=\"robots\" content=\"index, follow, max-snippet:-1, max-image-preview:large, max-video-preview:-1\" \/>\n<link rel=\"canonical\" href=\"https:\/\/tipandtrips.es\/es\/producto\/reserva-surf-en-el-medano-clases-privada-2-personas\/\" \/>\n<meta property=\"og:locale\" content=\"es_ES\" \/>\n<meta property=\"og:type\" content=\"article\" \/>\n<meta property=\"og:title\" content=\"Reserva - Surf en el Medano. Clases Privada 2 personas - Tip and Trips\" \/>\n<meta property=\"og:description\" content=\"Reserva Clases Privadas de Surf para 2 personas. Aprende y mejora tus habilidades en El Medano. Una playa de arena ideal para aprender\" \/>\n<meta property=\"og:url\" content=\"https:\/\/tipandtrips.es\/es\/producto\/reserva-surf-en-el-medano-clases-privada-2-personas\/\" \/>\n<meta property=\"og:site_name\" content=\"Tip and Trips\" \/>\n<meta property=\"article:modified_time\" content=\"2021-07-27T06:15:16+00:00\" \/>\n<meta property=\"og:image\" content=\"https:\/\/tipandtrips.es\/wp-content\/uploads\/2021\/06\/surf-para-dos.jpg\" \/>\n\t<meta property=\"og:image:width\" content=\"1440\" \/>\n\t<meta property=\"og:image:height\" content=\"963\" \/>\n\t<meta property=\"og:image:type\" content=\"image\/jpeg\" \/>\n<meta name=\"twitter:card\" content=\"summary_large_image\" \/>\n<script type=\"application\/ld+json\" class=\"yoast-schema-graph\">{\"@context\":\"https:\/\/schema.org\",\"@graph\":[{\"@type\":\"Organization\",\"@id\":\"https:\/\/tipandtrips.es\/#organization\",\"name\":\"Tip And Trips\",\"url\":\"https:\/\/tipandtrips.es\/\",\"sameAs\":[],\"logo\":{\"@type\":\"ImageObject\",\"inLanguage\":\"es\",\"@id\":\"https:\/\/tipandtrips.es\/#\/schema\/logo\/image\/\",\"url\":\"https:\/\/tipandtrips.es\/wp-content\/uploads\/2021\/02\/TipTrips_Web_trans.png\",\"contentUrl\":\"https:\/\/tipandtrips.es\/wp-content\/uploads\/2021\/02\/TipTrips_Web_trans.png\",\"width\":3763,\"height\":1998,\"caption\":\"Tip And Trips\"},\"image\":{\"@id\":\"https:\/\/tipandtrips.es\/#\/schema\/logo\/image\/\"}},{\"@type\":\"WebSite\",\"@id\":\"https:\/\/tipandtrips.es\/#website\",\"url\":\"https:\/\/tipandtrips.es\/\",\"name\":\"Tip and Trips\",\"description\":\"Actividades y excursiones en las Islas Canarias\",\"publisher\":{\"@id\":\"https:\/\/tipandtrips.es\/#organization\"},\"potentialAction\":[{\"@type\":\"SearchAction\",\"target\":{\"@type\":\"EntryPoint\",\"urlTemplate\":\"https:\/\/tipandtrips.es\/?s={search_term_string}\"},\"query-input\":\"required name=search_term_string\"}],\"inLanguage\":\"es\"},{\"@type\":\"ImageObject\",\"inLanguage\":\"es\",\"@id\":\"https:\/\/tipandtrips.es\/es\/producto\/reserva-surf-en-el-medano-clases-privada-2-personas\/#primaryimage\",\"url\":\"https:\/\/tipandtrips.es\/wp-content\/uploads\/2021\/06\/surf-para-dos.jpg\",\"contentUrl\":\"https:\/\/tipandtrips.es\/wp-content\/uploads\/2021\/06\/surf-para-dos.jpg\",\"width\":1440,\"height\":963},{\"@type\":\"WebPage\",\"@id\":\"https:\/\/tipandtrips.es\/es\/producto\/reserva-surf-en-el-medano-clases-privada-2-personas\/#webpage\",\"url\":\"https:\/\/tipandtrips.es\/es\/producto\/reserva-surf-en-el-medano-clases-privada-2-personas\/\",\"name\":\"Reserva - Surf en el Medano. Clases Privada 2 personas - Tip and Trips\",\"isPartOf\":{\"@id\":\"https:\/\/tipandtrips.es\/#website\"},\"primaryImageOfPage\":{\"@id\":\"https:\/\/tipandtrips.es\/es\/producto\/reserva-surf-en-el-medano-clases-privada-2-personas\/#primaryimage\"},\"datePublished\":\"2021-06-21T11:47:52+00:00\",\"dateModified\":\"2021-07-27T06:15:16+00:00\",\"description\":\"Reserva Clases Privadas de Surf para 2 personas. Aprende y mejora tus habilidades en El Medano. Una playa de arena ideal para aprender\",\"breadcrumb\":{\"@id\":\"https:\/\/tipandtrips.es\/es\/producto\/reserva-surf-en-el-medano-clases-privada-2-personas\/#breadcrumb\"},\"inLanguage\":\"es\",\"potentialAction\":[{\"@type\":\"ReadAction\",\"target\":[\"https:\/\/tipandtrips.es\/es\/producto\/reserva-surf-en-el-medano-clases-privada-2-personas\/\"]}]},{\"@type\":\"BreadcrumbList\",\"@id\":\"https:\/\/tipandtrips.es\/es\/producto\/reserva-surf-en-el-medano-clases-privada-2-personas\/#breadcrumb\",\"itemListElement\":[{\"@type\":\"ListItem\",\"position\":1,\"name\":\"Portada\",\"item\":\"https:\/\/tipandtrips.es\/es\/\"},{\"@type\":\"ListItem\",\"position\":2,\"name\":\"Tienda\",\"item\":\"https:\/\/tipandtrips.es\/es\/tienda\/\"},{\"@type\":\"ListItem\",\"position\":3,\"name\":\"Reserva &#8211; Surf en el Medano. Clases Privada 2 personas\"}]}]}<\/script>\n<!-- \/ Yoast SEO plugin. -->","yoast_head_json":{"title":"Reserva - Surf en el Medano. Clases Privada 2 personas - Tip and Trips","description":"Reserva Clases Privadas de Surf para 2 personas. Aprende y mejora tus habilidades en El Medano. Una playa de arena ideal para aprender","robots":{"index":"index","follow":"follow","max-snippet":"max-snippet:-1","max-image-preview":"max-image-preview:large","max-video-preview":"max-video-preview:-1"},"canonical":"https:\/\/tipandtrips.es\/es\/producto\/reserva-surf-en-el-medano-clases-privada-2-personas\/","og_locale":"es_ES","og_type":"article","og_title":"Reserva - Surf en el Medano. Clases Privada 2 personas - Tip and Trips","og_description":"Reserva Clases Privadas de Surf para 2 personas. Aprende y mejora tus habilidades en El Medano. Una playa de arena ideal para aprender","og_url":"https:\/\/tipandtrips.es\/es\/producto\/reserva-surf-en-el-medano-clases-privada-2-personas\/","og_site_name":"Tip and Trips","article_modified_time":"2021-07-27T06:15:16+00:00","og_image":[{"width":1440,"height":963,"url":"https:\/\/tipandtrips.es\/wp-content\/uploads\/2021\/06\/surf-para-dos.jpg","type":"image\/jpeg"}],"twitter_card":"summary_large_image","schema":{"@context":"https:\/\/schema.org","@graph":[{"@type":"Organization","@id":"https:\/\/tipandtrips.es\/#organization","name":"Tip And Trips","url":"https:\/\/tipandtrips.es\/","sameAs":[],"logo":{"@type":"ImageObject","inLanguage":"es","@id":"https:\/\/tipandtrips.es\/#\/schema\/logo\/image\/","url":"https:\/\/tipandtrips.es\/wp-content\/uploads\/2021\/02\/TipTrips_Web_trans.png","contentUrl":"https:\/\/tipandtrips.es\/wp-content\/uploads\/2021\/02\/TipTrips_Web_trans.png","width":3763,"height":1998,"caption":"Tip And Trips"},"image":{"@id":"https:\/\/tipandtrips.es\/#\/schema\/logo\/image\/"}},{"@type":"WebSite","@id":"https:\/\/tipandtrips.es\/#website","url":"https:\/\/tipandtrips.es\/","name":"Tip and Trips","description":"Actividades y excursiones en las Islas Canarias","publisher":{"@id":"https:\/\/tipandtrips.es\/#organization"},"potentialAction":[{"@type":"SearchAction","target":{"@type":"EntryPoint","urlTemplate":"https:\/\/tipandtrips.es\/?s={search_term_string}"},"query-input":"required name=search_term_string"}],"inLanguage":"es"},{"@type":"ImageObject","inLanguage":"es","@id":"https:\/\/tipandtrips.es\/es\/producto\/reserva-surf-en-el-medano-clases-privada-2-personas\/#primaryimage","url":"https:\/\/tipandtrips.es\/wp-content\/uploads\/2021\/06\/surf-para-dos.jpg","contentUrl":"https:\/\/tipandtrips.es\/wp-content\/uploads\/2021\/06\/surf-para-dos.jpg","width":1440,"height":963},{"@type":"WebPage","@id":"https:\/\/tipandtrips.es\/es\/producto\/reserva-surf-en-el-medano-clases-privada-2-personas\/#webpage","url":"https:\/\/tipandtrips.es\/es\/producto\/reserva-surf-en-el-medano-clases-privada-2-personas\/","name":"Reserva - Surf en el Medano. Clases Privada 2 personas - Tip and Trips","isPartOf":{"@id":"https:\/\/tipandtrips.es\/#website"},"primaryImageOfPage":{"@id":"https:\/\/tipandtrips.es\/es\/producto\/reserva-surf-en-el-medano-clases-privada-2-personas\/#primaryimage"},"datePublished":"2021-06-21T11:47:52+00:00","dateModified":"2021-07-27T06:15:16+00:00","description":"Reserva Clases Privadas de Surf para 2 personas. Aprende y mejora tus habilidades en El Medano. Una playa de arena ideal para aprender","breadcrumb":{"@id":"https:\/\/tipandtrips.es\/es\/producto\/reserva-surf-en-el-medano-clases-privada-2-personas\/#breadcrumb"},"inLanguage":"es","potentialAction":[{"@type":"ReadAction","target":["https:\/\/tipandtrips.es\/es\/producto\/reserva-surf-en-el-medano-clases-privada-2-personas\/"]}]},{"@type":"BreadcrumbList","@id":"https:\/\/tipandtrips.es\/es\/producto\/reserva-surf-en-el-medano-clases-privada-2-personas\/#breadcrumb","itemListElement":[{"@type":"ListItem","position":1,"name":"Portada","item":"https:\/\/tipandtrips.es\/es\/"},{"@type":"ListItem","position":2,"name":"Tienda","item":"https:\/\/tipandtrips.es\/es\/tienda\/"},{"@type":"ListItem","position":3,"name":"Reserva &#8211; Surf en el Medano. Clases Privada 2 personas"}]}]}},"_links":{"self":[{"href":"https:\/\/tipandtrips.es\/es\/wp-json\/wp\/v2\/product\/7183"}],"collection":[{"href":"https:\/\/tipandtrips.es\/es\/wp-json\/wp\/v2\/product"}],"about":[{"href":"https:\/\/tipandtrips.es\/es\/wp-json\/wp\/v2\/types\/product"}],"wp:featuredmedia":[{"embeddable":true,"href":"https:\/\/tipandtrips.es\/es\/wp-json\/wp\/v2\/media\/7191"}],"wp:attachment":[{"href":"https:\/\/tipandtrips.es\/es\/wp-json\/wp\/v2\/media?parent=7183"}],"wp:term":[{"taxonomy":"product_cat","embeddable":true,"href":"https:\/\/tipandtrips.es\/es\/wp-json\/wp\/v2\/product_cat?post=7183"},{"taxonomy":"product_tag","embeddable":true,"href":"https:\/\/tipandtrips.es\/es\/wp-json\/wp\/v2\/product_tag?post=7183"}],"curies":[{"name":"wp","href":"https:\/\/api.w.org\/{rel}","templated":true}]}}