{"id":7254,"date":"2021-07-26T19:19:05","date_gmt":"2021-07-26T19:19:05","guid":{"rendered":"https:\/\/tipandtrips.es\/?post_type=product&#038;p=7254"},"modified":"2021-07-26T19:50:41","modified_gmt":"2021-07-26T19:50:41","slug":"reserva-clases-individuales-de-kitesurf-en-el-medano","status":"publish","type":"product","link":"https:\/\/tipandtrips.es\/es\/producto\/reserva-clases-individuales-de-kitesurf-en-el-medano\/","title":{"rendered":"Reserva &#8211; Clases individuales de Kitesurf en El M\u00e9dano"},"content":{"rendered":"","protected":false},"excerpt":{"rendered":"<p>Las clases de kitesurf para<strong> una persona en El M\u00e9dano<\/strong> son perfectas tanto para iniciarse como para perfeccionar tu t\u00e9cnica. \u00a1Tu s\u00f3lo con el monitor volar\u00e1s enseguida! El M\u00e9dano es conocido en todo el mundo por su viento. De hecho, en estas playas se celebran campeonatos nacionales e internacionales. Sus playas poco profundas y su ubicaci\u00f3n, junto a Monta\u00f1a Roja, es el lugar perfecto disfrutar del mar y de maravillosas vistas en un ambiente acogedor. \u00bfTe vienes a hacer <strong>kitesurf<\/strong>?<\/p>\n","protected":false},"featured_media":7291,"template":"","meta":[],"product_cat":[615],"product_tag":[617,600,460,616,618],"yoast_head":"<!-- This site is optimized with the Yoast SEO plugin v19.1 - https:\/\/yoast.com\/wordpress\/plugins\/seo\/ -->\n<title>Reserva - Clases individuales de Kitesurf en El M\u00e9dano - Tip and Trips<\/title>\n<meta name=\"description\" content=\"El M\u00e9dano es un lugar mundialmente conocido para el kitesurf, sus condiciones lo hacen perfecto para aprender y desarrollar tus habilidades.\" \/>\n<meta name=\"robots\" content=\"index, follow, max-snippet:-1, max-image-preview:large, max-video-preview:-1\" \/>\n<link rel=\"canonical\" href=\"https:\/\/tipandtrips.es\/es\/producto\/reserva-clases-individuales-de-kitesurf-en-el-medano\/\" \/>\n<meta property=\"og:locale\" content=\"es_ES\" \/>\n<meta property=\"og:type\" content=\"article\" \/>\n<meta property=\"og:title\" content=\"Reserva - Clases individuales de Kitesurf en El M\u00e9dano - Tip and Trips\" \/>\n<meta property=\"og:description\" content=\"El M\u00e9dano es un lugar mundialmente conocido para el kitesurf, sus condiciones lo hacen perfecto para aprender y desarrollar tus habilidades.\" \/>\n<meta property=\"og:url\" content=\"https:\/\/tipandtrips.es\/es\/producto\/reserva-clases-individuales-de-kitesurf-en-el-medano\/\" \/>\n<meta property=\"og:site_name\" content=\"Tip and Trips\" \/>\n<meta property=\"article:modified_time\" content=\"2021-07-26T19:50:41+00:00\" \/>\n<meta property=\"og:image\" content=\"https:\/\/tipandtrips.es\/wp-content\/uploads\/2021\/06\/WhatsApp-Image-2021-06-29-at-17.34.52.jpeg\" \/>\n\t<meta property=\"og:image:width\" content=\"1200\" \/>\n\t<meta property=\"og:image:height\" content=\"1600\" \/>\n\t<meta property=\"og:image:type\" content=\"image\/jpeg\" \/>\n<meta name=\"twitter:card\" content=\"summary_large_image\" \/>\n<script type=\"application\/ld+json\" class=\"yoast-schema-graph\">{\"@context\":\"https:\/\/schema.org\",\"@graph\":[{\"@type\":\"Organization\",\"@id\":\"https:\/\/tipandtrips.es\/#organization\",\"name\":\"Tip And Trips\",\"url\":\"https:\/\/tipandtrips.es\/\",\"sameAs\":[],\"logo\":{\"@type\":\"ImageObject\",\"inLanguage\":\"es\",\"@id\":\"https:\/\/tipandtrips.es\/#\/schema\/logo\/image\/\",\"url\":\"https:\/\/tipandtrips.es\/wp-content\/uploads\/2021\/02\/TipTrips_Web_trans.png\",\"contentUrl\":\"https:\/\/tipandtrips.es\/wp-content\/uploads\/2021\/02\/TipTrips_Web_trans.png\",\"width\":3763,\"height\":1998,\"caption\":\"Tip And Trips\"},\"image\":{\"@id\":\"https:\/\/tipandtrips.es\/#\/schema\/logo\/image\/\"}},{\"@type\":\"WebSite\",\"@id\":\"https:\/\/tipandtrips.es\/#website\",\"url\":\"https:\/\/tipandtrips.es\/\",\"name\":\"Tip and Trips\",\"description\":\"Actividades y excursiones en las Islas Canarias\",\"publisher\":{\"@id\":\"https:\/\/tipandtrips.es\/#organization\"},\"potentialAction\":[{\"@type\":\"SearchAction\",\"target\":{\"@type\":\"EntryPoint\",\"urlTemplate\":\"https:\/\/tipandtrips.es\/?s={search_term_string}\"},\"query-input\":\"required name=search_term_string\"}],\"inLanguage\":\"es\"},{\"@type\":\"ImageObject\",\"inLanguage\":\"es\",\"@id\":\"https:\/\/tipandtrips.es\/es\/producto\/reserva-clases-individuales-de-kitesurf-en-el-medano\/#primaryimage\",\"url\":\"https:\/\/tipandtrips.es\/wp-content\/uploads\/2021\/06\/WhatsApp-Image-2021-06-29-at-17.34.52.jpeg\",\"contentUrl\":\"https:\/\/tipandtrips.es\/wp-content\/uploads\/2021\/06\/WhatsApp-Image-2021-06-29-at-17.34.52.jpeg\",\"width\":1200,\"height\":1600},{\"@type\":\"WebPage\",\"@id\":\"https:\/\/tipandtrips.es\/es\/producto\/reserva-clases-individuales-de-kitesurf-en-el-medano\/#webpage\",\"url\":\"https:\/\/tipandtrips.es\/es\/producto\/reserva-clases-individuales-de-kitesurf-en-el-medano\/\",\"name\":\"Reserva - Clases individuales de Kitesurf en El M\u00e9dano - Tip and Trips\",\"isPartOf\":{\"@id\":\"https:\/\/tipandtrips.es\/#website\"},\"primaryImageOfPage\":{\"@id\":\"https:\/\/tipandtrips.es\/es\/producto\/reserva-clases-individuales-de-kitesurf-en-el-medano\/#primaryimage\"},\"datePublished\":\"2021-07-26T19:19:05+00:00\",\"dateModified\":\"2021-07-26T19:50:41+00:00\",\"description\":\"El M\u00e9dano es un lugar mundialmente conocido para el kitesurf, sus condiciones lo hacen perfecto para aprender y desarrollar tus habilidades.\",\"breadcrumb\":{\"@id\":\"https:\/\/tipandtrips.es\/es\/producto\/reserva-clases-individuales-de-kitesurf-en-el-medano\/#breadcrumb\"},\"inLanguage\":\"es\",\"potentialAction\":[{\"@type\":\"ReadAction\",\"target\":[\"https:\/\/tipandtrips.es\/es\/producto\/reserva-clases-individuales-de-kitesurf-en-el-medano\/\"]}]},{\"@type\":\"BreadcrumbList\",\"@id\":\"https:\/\/tipandtrips.es\/es\/producto\/reserva-clases-individuales-de-kitesurf-en-el-medano\/#breadcrumb\",\"itemListElement\":[{\"@type\":\"ListItem\",\"position\":1,\"name\":\"Portada\",\"item\":\"https:\/\/tipandtrips.es\/es\/\"},{\"@type\":\"ListItem\",\"position\":2,\"name\":\"Tienda\",\"item\":\"https:\/\/tipandtrips.es\/es\/tienda\/\"},{\"@type\":\"ListItem\",\"position\":3,\"name\":\"Reserva &#8211; Clases individuales de Kitesurf en El M\u00e9dano\"}]}]}<\/script>\n<!-- \/ Yoast SEO plugin. -->","yoast_head_json":{"title":"Reserva - Clases individuales de Kitesurf en El M\u00e9dano - Tip and Trips","description":"El M\u00e9dano es un lugar mundialmente conocido para el kitesurf, sus condiciones lo hacen perfecto para aprender y desarrollar tus habilidades.","robots":{"index":"index","follow":"follow","max-snippet":"max-snippet:-1","max-image-preview":"max-image-preview:large","max-video-preview":"max-video-preview:-1"},"canonical":"https:\/\/tipandtrips.es\/es\/producto\/reserva-clases-individuales-de-kitesurf-en-el-medano\/","og_locale":"es_ES","og_type":"article","og_title":"Reserva - Clases individuales de Kitesurf en El M\u00e9dano - Tip and Trips","og_description":"El M\u00e9dano es un lugar mundialmente conocido para el kitesurf, sus condiciones lo hacen perfecto para aprender y desarrollar tus habilidades.","og_url":"https:\/\/tipandtrips.es\/es\/producto\/reserva-clases-individuales-de-kitesurf-en-el-medano\/","og_site_name":"Tip and Trips","article_modified_time":"2021-07-26T19:50:41+00:00","og_image":[{"width":1200,"height":1600,"url":"https:\/\/tipandtrips.es\/wp-content\/uploads\/2021\/06\/WhatsApp-Image-2021-06-29-at-17.34.52.jpeg","type":"image\/jpeg"}],"twitter_card":"summary_large_image","schema":{"@context":"https:\/\/schema.org","@graph":[{"@type":"Organization","@id":"https:\/\/tipandtrips.es\/#organization","name":"Tip And Trips","url":"https:\/\/tipandtrips.es\/","sameAs":[],"logo":{"@type":"ImageObject","inLanguage":"es","@id":"https:\/\/tipandtrips.es\/#\/schema\/logo\/image\/","url":"https:\/\/tipandtrips.es\/wp-content\/uploads\/2021\/02\/TipTrips_Web_trans.png","contentUrl":"https:\/\/tipandtrips.es\/wp-content\/uploads\/2021\/02\/TipTrips_Web_trans.png","width":3763,"height":1998,"caption":"Tip And Trips"},"image":{"@id":"https:\/\/tipandtrips.es\/#\/schema\/logo\/image\/"}},{"@type":"WebSite","@id":"https:\/\/tipandtrips.es\/#website","url":"https:\/\/tipandtrips.es\/","name":"Tip and Trips","description":"Actividades y excursiones en las Islas Canarias","publisher":{"@id":"https:\/\/tipandtrips.es\/#organization"},"potentialAction":[{"@type":"SearchAction","target":{"@type":"EntryPoint","urlTemplate":"https:\/\/tipandtrips.es\/?s={search_term_string}"},"query-input":"required name=search_term_string"}],"inLanguage":"es"},{"@type":"ImageObject","inLanguage":"es","@id":"https:\/\/tipandtrips.es\/es\/producto\/reserva-clases-individuales-de-kitesurf-en-el-medano\/#primaryimage","url":"https:\/\/tipandtrips.es\/wp-content\/uploads\/2021\/06\/WhatsApp-Image-2021-06-29-at-17.34.52.jpeg","contentUrl":"https:\/\/tipandtrips.es\/wp-content\/uploads\/2021\/06\/WhatsApp-Image-2021-06-29-at-17.34.52.jpeg","width":1200,"height":1600},{"@type":"WebPage","@id":"https:\/\/tipandtrips.es\/es\/producto\/reserva-clases-individuales-de-kitesurf-en-el-medano\/#webpage","url":"https:\/\/tipandtrips.es\/es\/producto\/reserva-clases-individuales-de-kitesurf-en-el-medano\/","name":"Reserva - Clases individuales de Kitesurf en El M\u00e9dano - Tip and Trips","isPartOf":{"@id":"https:\/\/tipandtrips.es\/#website"},"primaryImageOfPage":{"@id":"https:\/\/tipandtrips.es\/es\/producto\/reserva-clases-individuales-de-kitesurf-en-el-medano\/#primaryimage"},"datePublished":"2021-07-26T19:19:05+00:00","dateModified":"2021-07-26T19:50:41+00:00","description":"El M\u00e9dano es un lugar mundialmente conocido para el kitesurf, sus condiciones lo hacen perfecto para aprender y desarrollar tus habilidades.","breadcrumb":{"@id":"https:\/\/tipandtrips.es\/es\/producto\/reserva-clases-individuales-de-kitesurf-en-el-medano\/#breadcrumb"},"inLanguage":"es","potentialAction":[{"@type":"ReadAction","target":["https:\/\/tipandtrips.es\/es\/producto\/reserva-clases-individuales-de-kitesurf-en-el-medano\/"]}]},{"@type":"BreadcrumbList","@id":"https:\/\/tipandtrips.es\/es\/producto\/reserva-clases-individuales-de-kitesurf-en-el-medano\/#breadcrumb","itemListElement":[{"@type":"ListItem","position":1,"name":"Portada","item":"https:\/\/tipandtrips.es\/es\/"},{"@type":"ListItem","position":2,"name":"Tienda","item":"https:\/\/tipandtrips.es\/es\/tienda\/"},{"@type":"ListItem","position":3,"name":"Reserva &#8211; Clases individuales de Kitesurf en El M\u00e9dano"}]}]}},"_links":{"self":[{"href":"https:\/\/tipandtrips.es\/es\/wp-json\/wp\/v2\/product\/7254"}],"collection":[{"href":"https:\/\/tipandtrips.es\/es\/wp-json\/wp\/v2\/product"}],"about":[{"href":"https:\/\/tipandtrips.es\/es\/wp-json\/wp\/v2\/types\/product"}],"wp:featuredmedia":[{"embeddable":true,"href":"https:\/\/tipandtrips.es\/es\/wp-json\/wp\/v2\/media\/7291"}],"wp:attachment":[{"href":"https:\/\/tipandtrips.es\/es\/wp-json\/wp\/v2\/media?parent=7254"}],"wp:term":[{"taxonomy":"product_cat","embeddable":true,"href":"https:\/\/tipandtrips.es\/es\/wp-json\/wp\/v2\/product_cat?post=7254"},{"taxonomy":"product_tag","embeddable":true,"href":"https:\/\/tipandtrips.es\/es\/wp-json\/wp\/v2\/product_tag?post=7254"}],"curies":[{"name":"wp","href":"https:\/\/api.w.org\/{rel}","templated":true}]}}