{"id":7480,"date":"2021-08-10T22:32:53","date_gmt":"2021-08-10T22:32:53","guid":{"rendered":"https:\/\/tipandtrips.es\/?post_type=product&#038;p=7480"},"modified":"2021-08-11T09:29:03","modified_gmt":"2021-08-11T09:29:03","slug":"reserva-windsurf-en-el-medano-clase-para-2-personas","status":"publish","type":"product","link":"https:\/\/tipandtrips.es\/es\/producto\/reserva-windsurf-en-el-medano-clase-para-2-personas\/","title":{"rendered":"Reserva &#8211; Windsurf en el Medano. Clase para 2 personas"},"content":{"rendered":"","protected":false},"excerpt":{"rendered":"<h2><span style=\"color: #00a499;\">\u00bfPreparado para dar una clase de windsurf en El M\u00e9dano?<\/span><\/h2>\n<p>Las <strong>clases para dos<\/strong> son ideales tanto si conoces a la otra persona como si no, \u00a1disfrutar esta asegurado!. El M\u00e9dano es conocido en todo el mundo por su viento. Aqu\u00ed hay 300 d\u00edas al a\u00f1o de viento. De hecho, en estas playas se celebran campeonatos nacionales e internacionales, como el Campeonato Mundial de Windsurf. Sus playas poco profundas y su ubicaci\u00f3n, junto a Monta\u00f1a Roja, es el paisaje perfecto para iniciarse en la pr\u00e1ctica de este deporte. Tanto si nunca has visto una tabla de windsurf como si llevas a\u00f1os practicando este deporte, te ense\u00f1aremos a utilizar la tabla o a perfeccionar tu t\u00e9cnica para sacar el m\u00e1ximo partido al windsurf. \u00bfTe animas?<\/p>\n","protected":false},"featured_media":7452,"template":"","meta":[],"product_cat":[628],"product_tag":[601,600,460,602,629],"yoast_head":"<!-- This site is optimized with the Yoast SEO plugin v19.1 - https:\/\/yoast.com\/wordpress\/plugins\/seo\/ -->\n<title>Reserva - Windsurf en el Medano. Clase para 2 personas - Tip and Trips<\/title>\n<meta name=\"description\" content=\"Reserva Clases Privadas de Windsurf para 2 personas- Aprende y mejora tus habilidades en las playas de arena de El Medano\" \/>\n<meta name=\"robots\" content=\"index, follow, max-snippet:-1, max-image-preview:large, max-video-preview:-1\" \/>\n<link rel=\"canonical\" href=\"https:\/\/tipandtrips.es\/es\/producto\/reserva-windsurf-en-el-medano-clase-para-2-personas\/\" \/>\n<meta property=\"og:locale\" content=\"es_ES\" \/>\n<meta property=\"og:type\" content=\"article\" \/>\n<meta property=\"og:title\" content=\"Reserva - Windsurf en el Medano. Clase para 2 personas - Tip and Trips\" \/>\n<meta property=\"og:description\" content=\"Reserva Clases Privadas de Windsurf para 2 personas- Aprende y mejora tus habilidades en las playas de arena de El Medano\" \/>\n<meta property=\"og:url\" content=\"https:\/\/tipandtrips.es\/es\/producto\/reserva-windsurf-en-el-medano-clase-para-2-personas\/\" \/>\n<meta property=\"og:site_name\" content=\"Tip and Trips\" \/>\n<meta property=\"article:modified_time\" content=\"2021-08-11T09:29:03+00:00\" \/>\n<meta property=\"og:image\" content=\"https:\/\/tipandtrips.es\/wp-content\/uploads\/2021\/07\/WhatsApp-Image-2021-06-29-at-17.35.26.jpeg\" \/>\n\t<meta property=\"og:image:width\" content=\"2000\" \/>\n\t<meta property=\"og:image:height\" content=\"1500\" \/>\n\t<meta property=\"og:image:type\" content=\"image\/jpeg\" \/>\n<meta name=\"twitter:card\" content=\"summary_large_image\" \/>\n<script type=\"application\/ld+json\" class=\"yoast-schema-graph\">{\"@context\":\"https:\/\/schema.org\",\"@graph\":[{\"@type\":\"Organization\",\"@id\":\"https:\/\/tipandtrips.es\/#organization\",\"name\":\"Tip And Trips\",\"url\":\"https:\/\/tipandtrips.es\/\",\"sameAs\":[],\"logo\":{\"@type\":\"ImageObject\",\"inLanguage\":\"es\",\"@id\":\"https:\/\/tipandtrips.es\/#\/schema\/logo\/image\/\",\"url\":\"https:\/\/tipandtrips.es\/wp-content\/uploads\/2021\/02\/TipTrips_Web_trans.png\",\"contentUrl\":\"https:\/\/tipandtrips.es\/wp-content\/uploads\/2021\/02\/TipTrips_Web_trans.png\",\"width\":3763,\"height\":1998,\"caption\":\"Tip And Trips\"},\"image\":{\"@id\":\"https:\/\/tipandtrips.es\/#\/schema\/logo\/image\/\"}},{\"@type\":\"WebSite\",\"@id\":\"https:\/\/tipandtrips.es\/#website\",\"url\":\"https:\/\/tipandtrips.es\/\",\"name\":\"Tip and Trips\",\"description\":\"Actividades y excursiones en las Islas Canarias\",\"publisher\":{\"@id\":\"https:\/\/tipandtrips.es\/#organization\"},\"potentialAction\":[{\"@type\":\"SearchAction\",\"target\":{\"@type\":\"EntryPoint\",\"urlTemplate\":\"https:\/\/tipandtrips.es\/?s={search_term_string}\"},\"query-input\":\"required name=search_term_string\"}],\"inLanguage\":\"es\"},{\"@type\":\"ImageObject\",\"inLanguage\":\"es\",\"@id\":\"https:\/\/tipandtrips.es\/es\/producto\/reserva-windsurf-en-el-medano-clase-para-2-personas\/#primaryimage\",\"url\":\"https:\/\/tipandtrips.es\/wp-content\/uploads\/2021\/07\/WhatsApp-Image-2021-06-29-at-17.35.26.jpeg\",\"contentUrl\":\"https:\/\/tipandtrips.es\/wp-content\/uploads\/2021\/07\/WhatsApp-Image-2021-06-29-at-17.35.26.jpeg\",\"width\":2000,\"height\":1500},{\"@type\":\"WebPage\",\"@id\":\"https:\/\/tipandtrips.es\/es\/producto\/reserva-windsurf-en-el-medano-clase-para-2-personas\/#webpage\",\"url\":\"https:\/\/tipandtrips.es\/es\/producto\/reserva-windsurf-en-el-medano-clase-para-2-personas\/\",\"name\":\"Reserva - Windsurf en el Medano. Clase para 2 personas - Tip and Trips\",\"isPartOf\":{\"@id\":\"https:\/\/tipandtrips.es\/#website\"},\"primaryImageOfPage\":{\"@id\":\"https:\/\/tipandtrips.es\/es\/producto\/reserva-windsurf-en-el-medano-clase-para-2-personas\/#primaryimage\"},\"datePublished\":\"2021-08-10T22:32:53+00:00\",\"dateModified\":\"2021-08-11T09:29:03+00:00\",\"description\":\"Reserva Clases Privadas de Windsurf para 2 personas- Aprende y mejora tus habilidades en las playas de arena de El Medano\",\"breadcrumb\":{\"@id\":\"https:\/\/tipandtrips.es\/es\/producto\/reserva-windsurf-en-el-medano-clase-para-2-personas\/#breadcrumb\"},\"inLanguage\":\"es\",\"potentialAction\":[{\"@type\":\"ReadAction\",\"target\":[\"https:\/\/tipandtrips.es\/es\/producto\/reserva-windsurf-en-el-medano-clase-para-2-personas\/\"]}]},{\"@type\":\"BreadcrumbList\",\"@id\":\"https:\/\/tipandtrips.es\/es\/producto\/reserva-windsurf-en-el-medano-clase-para-2-personas\/#breadcrumb\",\"itemListElement\":[{\"@type\":\"ListItem\",\"position\":1,\"name\":\"Portada\",\"item\":\"https:\/\/tipandtrips.es\/es\/\"},{\"@type\":\"ListItem\",\"position\":2,\"name\":\"Tienda\",\"item\":\"https:\/\/tipandtrips.es\/es\/tienda\/\"},{\"@type\":\"ListItem\",\"position\":3,\"name\":\"Reserva &#8211; Windsurf en el Medano. Clase para 2 personas\"}]}]}<\/script>\n<!-- \/ Yoast SEO plugin. -->","yoast_head_json":{"title":"Reserva - Windsurf en el Medano. Clase para 2 personas - Tip and Trips","description":"Reserva Clases Privadas de Windsurf para 2 personas- Aprende y mejora tus habilidades en las playas de arena de El Medano","robots":{"index":"index","follow":"follow","max-snippet":"max-snippet:-1","max-image-preview":"max-image-preview:large","max-video-preview":"max-video-preview:-1"},"canonical":"https:\/\/tipandtrips.es\/es\/producto\/reserva-windsurf-en-el-medano-clase-para-2-personas\/","og_locale":"es_ES","og_type":"article","og_title":"Reserva - Windsurf en el Medano. Clase para 2 personas - Tip and Trips","og_description":"Reserva Clases Privadas de Windsurf para 2 personas- Aprende y mejora tus habilidades en las playas de arena de El Medano","og_url":"https:\/\/tipandtrips.es\/es\/producto\/reserva-windsurf-en-el-medano-clase-para-2-personas\/","og_site_name":"Tip and Trips","article_modified_time":"2021-08-11T09:29:03+00:00","og_image":[{"width":2000,"height":1500,"url":"https:\/\/tipandtrips.es\/wp-content\/uploads\/2021\/07\/WhatsApp-Image-2021-06-29-at-17.35.26.jpeg","type":"image\/jpeg"}],"twitter_card":"summary_large_image","schema":{"@context":"https:\/\/schema.org","@graph":[{"@type":"Organization","@id":"https:\/\/tipandtrips.es\/#organization","name":"Tip And Trips","url":"https:\/\/tipandtrips.es\/","sameAs":[],"logo":{"@type":"ImageObject","inLanguage":"es","@id":"https:\/\/tipandtrips.es\/#\/schema\/logo\/image\/","url":"https:\/\/tipandtrips.es\/wp-content\/uploads\/2021\/02\/TipTrips_Web_trans.png","contentUrl":"https:\/\/tipandtrips.es\/wp-content\/uploads\/2021\/02\/TipTrips_Web_trans.png","width":3763,"height":1998,"caption":"Tip And Trips"},"image":{"@id":"https:\/\/tipandtrips.es\/#\/schema\/logo\/image\/"}},{"@type":"WebSite","@id":"https:\/\/tipandtrips.es\/#website","url":"https:\/\/tipandtrips.es\/","name":"Tip and Trips","description":"Actividades y excursiones en las Islas Canarias","publisher":{"@id":"https:\/\/tipandtrips.es\/#organization"},"potentialAction":[{"@type":"SearchAction","target":{"@type":"EntryPoint","urlTemplate":"https:\/\/tipandtrips.es\/?s={search_term_string}"},"query-input":"required name=search_term_string"}],"inLanguage":"es"},{"@type":"ImageObject","inLanguage":"es","@id":"https:\/\/tipandtrips.es\/es\/producto\/reserva-windsurf-en-el-medano-clase-para-2-personas\/#primaryimage","url":"https:\/\/tipandtrips.es\/wp-content\/uploads\/2021\/07\/WhatsApp-Image-2021-06-29-at-17.35.26.jpeg","contentUrl":"https:\/\/tipandtrips.es\/wp-content\/uploads\/2021\/07\/WhatsApp-Image-2021-06-29-at-17.35.26.jpeg","width":2000,"height":1500},{"@type":"WebPage","@id":"https:\/\/tipandtrips.es\/es\/producto\/reserva-windsurf-en-el-medano-clase-para-2-personas\/#webpage","url":"https:\/\/tipandtrips.es\/es\/producto\/reserva-windsurf-en-el-medano-clase-para-2-personas\/","name":"Reserva - Windsurf en el Medano. Clase para 2 personas - Tip and Trips","isPartOf":{"@id":"https:\/\/tipandtrips.es\/#website"},"primaryImageOfPage":{"@id":"https:\/\/tipandtrips.es\/es\/producto\/reserva-windsurf-en-el-medano-clase-para-2-personas\/#primaryimage"},"datePublished":"2021-08-10T22:32:53+00:00","dateModified":"2021-08-11T09:29:03+00:00","description":"Reserva Clases Privadas de Windsurf para 2 personas- Aprende y mejora tus habilidades en las playas de arena de El Medano","breadcrumb":{"@id":"https:\/\/tipandtrips.es\/es\/producto\/reserva-windsurf-en-el-medano-clase-para-2-personas\/#breadcrumb"},"inLanguage":"es","potentialAction":[{"@type":"ReadAction","target":["https:\/\/tipandtrips.es\/es\/producto\/reserva-windsurf-en-el-medano-clase-para-2-personas\/"]}]},{"@type":"BreadcrumbList","@id":"https:\/\/tipandtrips.es\/es\/producto\/reserva-windsurf-en-el-medano-clase-para-2-personas\/#breadcrumb","itemListElement":[{"@type":"ListItem","position":1,"name":"Portada","item":"https:\/\/tipandtrips.es\/es\/"},{"@type":"ListItem","position":2,"name":"Tienda","item":"https:\/\/tipandtrips.es\/es\/tienda\/"},{"@type":"ListItem","position":3,"name":"Reserva &#8211; Windsurf en el Medano. Clase para 2 personas"}]}]}},"_links":{"self":[{"href":"https:\/\/tipandtrips.es\/es\/wp-json\/wp\/v2\/product\/7480"}],"collection":[{"href":"https:\/\/tipandtrips.es\/es\/wp-json\/wp\/v2\/product"}],"about":[{"href":"https:\/\/tipandtrips.es\/es\/wp-json\/wp\/v2\/types\/product"}],"wp:featuredmedia":[{"embeddable":true,"href":"https:\/\/tipandtrips.es\/es\/wp-json\/wp\/v2\/media\/7452"}],"wp:attachment":[{"href":"https:\/\/tipandtrips.es\/es\/wp-json\/wp\/v2\/media?parent=7480"}],"wp:term":[{"taxonomy":"product_cat","embeddable":true,"href":"https:\/\/tipandtrips.es\/es\/wp-json\/wp\/v2\/product_cat?post=7480"},{"taxonomy":"product_tag","embeddable":true,"href":"https:\/\/tipandtrips.es\/es\/wp-json\/wp\/v2\/product_tag?post=7480"}],"curies":[{"name":"wp","href":"https:\/\/api.w.org\/{rel}","templated":true}]}}