{"id":7571,"date":"2021-09-21T14:26:37","date_gmt":"2021-09-21T14:26:37","guid":{"rendered":"https:\/\/tipandtrips.es\/?post_type=product&#038;p=7571"},"modified":"2021-09-21T16:04:50","modified_gmt":"2021-09-21T16:04:50","slug":"reserva-parapente-en-tenerife-izana","status":"publish","type":"product","link":"https:\/\/tipandtrips.es\/es\/producto\/reserva-parapente-en-tenerife-izana\/","title":{"rendered":"Reserva &#8211; Parapente en Tenerife, Iza\u00f1a"},"content":{"rendered":"","protected":false},"excerpt":{"rendered":"<h2><span style=\"color: #00a499;\"><b>\u00bfPor qu\u00e9 hacer Parapente en Iza\u00f1a?\u00a0<\/b><\/span><\/h2>\n<p>Tenerife es especial por sus aguas cristalinas, eso ya lo sabemos. Pero, \u00bfy si descubrimos el cielo? Atr\u00e9vete a ver la isla desde un punto de vista completamente nuevo. Este salto es muy especial. Saldremos a<strong> 2.300 metros de altura mirando al Teide<\/strong>. Durante el descenso veremos el <strong>Valle de La Orotava o Guimar<\/strong>. Un descenso completo desde la monta\u00f1a hasta el mar con vistas al norte de Tenerife desde un lugar privilegiado, el cielo. Con este vuelo descubres la sensaci\u00f3n de ser libre en el <strong>Parque Nacional del Teide<\/strong>, una de los 12 tesoros de Espa\u00f1a. Atraviesa el mar de nubes y llegas al oc\u00e9ano Atl\u00e1ntico.<\/p>\n","protected":false},"featured_media":7565,"template":"","meta":[],"product_cat":[661],"product_tag":[584,460],"yoast_head":"<!-- This site is optimized with the Yoast SEO plugin v19.1 - https:\/\/yoast.com\/wordpress\/plugins\/seo\/ -->\n<title>Reserva - Parapente en Tenerife, Iza\u00f1a - Tip and Trips<\/title>\n<meta name=\"description\" content=\"Prep\u00e1rate para sobrevolar el sur de Tenerife en parapente. Una experiencia \u00fanica y diferente donde descubrir\u00e1s c\u00f3mo se sietes los pajaros.\" \/>\n<meta name=\"robots\" content=\"index, follow, max-snippet:-1, max-image-preview:large, max-video-preview:-1\" \/>\n<link rel=\"canonical\" href=\"https:\/\/tipandtrips.es\/es\/producto\/reserva-parapente-en-tenerife-izana\/\" \/>\n<meta property=\"og:locale\" content=\"es_ES\" \/>\n<meta property=\"og:type\" content=\"article\" \/>\n<meta property=\"og:title\" content=\"Reserva - Parapente en Tenerife, Iza\u00f1a - Tip and Trips\" \/>\n<meta property=\"og:description\" content=\"Prep\u00e1rate para sobrevolar el sur de Tenerife en parapente. Una experiencia \u00fanica y diferente donde descubrir\u00e1s c\u00f3mo se sietes los pajaros.\" \/>\n<meta property=\"og:url\" content=\"https:\/\/tipandtrips.es\/es\/producto\/reserva-parapente-en-tenerife-izana\/\" \/>\n<meta property=\"og:site_name\" content=\"Tip and Trips\" \/>\n<meta property=\"article:modified_time\" content=\"2021-09-21T16:04:50+00:00\" \/>\n<meta property=\"og:image\" content=\"https:\/\/tipandtrips.es\/wp-content\/uploads\/2021\/08\/G0020017-scaled.jpg\" \/>\n\t<meta property=\"og:image:width\" content=\"2560\" \/>\n\t<meta property=\"og:image:height\" content=\"1440\" \/>\n\t<meta property=\"og:image:type\" content=\"image\/jpeg\" \/>\n<meta name=\"twitter:card\" content=\"summary_large_image\" \/>\n<script type=\"application\/ld+json\" class=\"yoast-schema-graph\">{\"@context\":\"https:\/\/schema.org\",\"@graph\":[{\"@type\":\"Organization\",\"@id\":\"https:\/\/tipandtrips.es\/#organization\",\"name\":\"Tip And Trips\",\"url\":\"https:\/\/tipandtrips.es\/\",\"sameAs\":[],\"logo\":{\"@type\":\"ImageObject\",\"inLanguage\":\"es\",\"@id\":\"https:\/\/tipandtrips.es\/#\/schema\/logo\/image\/\",\"url\":\"https:\/\/tipandtrips.es\/wp-content\/uploads\/2021\/02\/TipTrips_Web_trans.png\",\"contentUrl\":\"https:\/\/tipandtrips.es\/wp-content\/uploads\/2021\/02\/TipTrips_Web_trans.png\",\"width\":3763,\"height\":1998,\"caption\":\"Tip And Trips\"},\"image\":{\"@id\":\"https:\/\/tipandtrips.es\/#\/schema\/logo\/image\/\"}},{\"@type\":\"WebSite\",\"@id\":\"https:\/\/tipandtrips.es\/#website\",\"url\":\"https:\/\/tipandtrips.es\/\",\"name\":\"Tip and Trips\",\"description\":\"Actividades y excursiones en las Islas Canarias\",\"publisher\":{\"@id\":\"https:\/\/tipandtrips.es\/#organization\"},\"potentialAction\":[{\"@type\":\"SearchAction\",\"target\":{\"@type\":\"EntryPoint\",\"urlTemplate\":\"https:\/\/tipandtrips.es\/?s={search_term_string}\"},\"query-input\":\"required name=search_term_string\"}],\"inLanguage\":\"es\"},{\"@type\":\"ImageObject\",\"inLanguage\":\"es\",\"@id\":\"https:\/\/tipandtrips.es\/es\/producto\/reserva-parapente-en-tenerife-izana\/#primaryimage\",\"url\":\"https:\/\/tipandtrips.es\/wp-content\/uploads\/2021\/08\/G0020017-scaled.jpg\",\"contentUrl\":\"https:\/\/tipandtrips.es\/wp-content\/uploads\/2021\/08\/G0020017-scaled.jpg\",\"width\":2560,\"height\":1440,\"caption\":\"DCIM101GOPROG0020017.JPG\"},{\"@type\":\"WebPage\",\"@id\":\"https:\/\/tipandtrips.es\/es\/producto\/reserva-parapente-en-tenerife-izana\/#webpage\",\"url\":\"https:\/\/tipandtrips.es\/es\/producto\/reserva-parapente-en-tenerife-izana\/\",\"name\":\"Reserva - Parapente en Tenerife, Iza\u00f1a - Tip and Trips\",\"isPartOf\":{\"@id\":\"https:\/\/tipandtrips.es\/#website\"},\"primaryImageOfPage\":{\"@id\":\"https:\/\/tipandtrips.es\/es\/producto\/reserva-parapente-en-tenerife-izana\/#primaryimage\"},\"datePublished\":\"2021-09-21T14:26:37+00:00\",\"dateModified\":\"2021-09-21T16:04:50+00:00\",\"description\":\"Prep\u00e1rate para sobrevolar el sur de Tenerife en parapente. Una experiencia \u00fanica y diferente donde descubrir\u00e1s c\u00f3mo se sietes los pajaros.\",\"breadcrumb\":{\"@id\":\"https:\/\/tipandtrips.es\/es\/producto\/reserva-parapente-en-tenerife-izana\/#breadcrumb\"},\"inLanguage\":\"es\",\"potentialAction\":[{\"@type\":\"ReadAction\",\"target\":[\"https:\/\/tipandtrips.es\/es\/producto\/reserva-parapente-en-tenerife-izana\/\"]}]},{\"@type\":\"BreadcrumbList\",\"@id\":\"https:\/\/tipandtrips.es\/es\/producto\/reserva-parapente-en-tenerife-izana\/#breadcrumb\",\"itemListElement\":[{\"@type\":\"ListItem\",\"position\":1,\"name\":\"Portada\",\"item\":\"https:\/\/tipandtrips.es\/es\/\"},{\"@type\":\"ListItem\",\"position\":2,\"name\":\"Tienda\",\"item\":\"https:\/\/tipandtrips.es\/es\/tienda\/\"},{\"@type\":\"ListItem\",\"position\":3,\"name\":\"Reserva &#8211; Parapente en Tenerife, Iza\u00f1a\"}]}]}<\/script>\n<!-- \/ Yoast SEO plugin. -->","yoast_head_json":{"title":"Reserva - Parapente en Tenerife, Iza\u00f1a - Tip and Trips","description":"Prep\u00e1rate para sobrevolar el sur de Tenerife en parapente. Una experiencia \u00fanica y diferente donde descubrir\u00e1s c\u00f3mo se sietes los pajaros.","robots":{"index":"index","follow":"follow","max-snippet":"max-snippet:-1","max-image-preview":"max-image-preview:large","max-video-preview":"max-video-preview:-1"},"canonical":"https:\/\/tipandtrips.es\/es\/producto\/reserva-parapente-en-tenerife-izana\/","og_locale":"es_ES","og_type":"article","og_title":"Reserva - Parapente en Tenerife, Iza\u00f1a - Tip and Trips","og_description":"Prep\u00e1rate para sobrevolar el sur de Tenerife en parapente. Una experiencia \u00fanica y diferente donde descubrir\u00e1s c\u00f3mo se sietes los pajaros.","og_url":"https:\/\/tipandtrips.es\/es\/producto\/reserva-parapente-en-tenerife-izana\/","og_site_name":"Tip and Trips","article_modified_time":"2021-09-21T16:04:50+00:00","og_image":[{"width":2560,"height":1440,"url":"https:\/\/tipandtrips.es\/wp-content\/uploads\/2021\/08\/G0020017-scaled.jpg","type":"image\/jpeg"}],"twitter_card":"summary_large_image","schema":{"@context":"https:\/\/schema.org","@graph":[{"@type":"Organization","@id":"https:\/\/tipandtrips.es\/#organization","name":"Tip And Trips","url":"https:\/\/tipandtrips.es\/","sameAs":[],"logo":{"@type":"ImageObject","inLanguage":"es","@id":"https:\/\/tipandtrips.es\/#\/schema\/logo\/image\/","url":"https:\/\/tipandtrips.es\/wp-content\/uploads\/2021\/02\/TipTrips_Web_trans.png","contentUrl":"https:\/\/tipandtrips.es\/wp-content\/uploads\/2021\/02\/TipTrips_Web_trans.png","width":3763,"height":1998,"caption":"Tip And Trips"},"image":{"@id":"https:\/\/tipandtrips.es\/#\/schema\/logo\/image\/"}},{"@type":"WebSite","@id":"https:\/\/tipandtrips.es\/#website","url":"https:\/\/tipandtrips.es\/","name":"Tip and Trips","description":"Actividades y excursiones en las Islas Canarias","publisher":{"@id":"https:\/\/tipandtrips.es\/#organization"},"potentialAction":[{"@type":"SearchAction","target":{"@type":"EntryPoint","urlTemplate":"https:\/\/tipandtrips.es\/?s={search_term_string}"},"query-input":"required name=search_term_string"}],"inLanguage":"es"},{"@type":"ImageObject","inLanguage":"es","@id":"https:\/\/tipandtrips.es\/es\/producto\/reserva-parapente-en-tenerife-izana\/#primaryimage","url":"https:\/\/tipandtrips.es\/wp-content\/uploads\/2021\/08\/G0020017-scaled.jpg","contentUrl":"https:\/\/tipandtrips.es\/wp-content\/uploads\/2021\/08\/G0020017-scaled.jpg","width":2560,"height":1440,"caption":"DCIM101GOPROG0020017.JPG"},{"@type":"WebPage","@id":"https:\/\/tipandtrips.es\/es\/producto\/reserva-parapente-en-tenerife-izana\/#webpage","url":"https:\/\/tipandtrips.es\/es\/producto\/reserva-parapente-en-tenerife-izana\/","name":"Reserva - Parapente en Tenerife, Iza\u00f1a - Tip and Trips","isPartOf":{"@id":"https:\/\/tipandtrips.es\/#website"},"primaryImageOfPage":{"@id":"https:\/\/tipandtrips.es\/es\/producto\/reserva-parapente-en-tenerife-izana\/#primaryimage"},"datePublished":"2021-09-21T14:26:37+00:00","dateModified":"2021-09-21T16:04:50+00:00","description":"Prep\u00e1rate para sobrevolar el sur de Tenerife en parapente. Una experiencia \u00fanica y diferente donde descubrir\u00e1s c\u00f3mo se sietes los pajaros.","breadcrumb":{"@id":"https:\/\/tipandtrips.es\/es\/producto\/reserva-parapente-en-tenerife-izana\/#breadcrumb"},"inLanguage":"es","potentialAction":[{"@type":"ReadAction","target":["https:\/\/tipandtrips.es\/es\/producto\/reserva-parapente-en-tenerife-izana\/"]}]},{"@type":"BreadcrumbList","@id":"https:\/\/tipandtrips.es\/es\/producto\/reserva-parapente-en-tenerife-izana\/#breadcrumb","itemListElement":[{"@type":"ListItem","position":1,"name":"Portada","item":"https:\/\/tipandtrips.es\/es\/"},{"@type":"ListItem","position":2,"name":"Tienda","item":"https:\/\/tipandtrips.es\/es\/tienda\/"},{"@type":"ListItem","position":3,"name":"Reserva &#8211; Parapente en Tenerife, Iza\u00f1a"}]}]}},"_links":{"self":[{"href":"https:\/\/tipandtrips.es\/es\/wp-json\/wp\/v2\/product\/7571"}],"collection":[{"href":"https:\/\/tipandtrips.es\/es\/wp-json\/wp\/v2\/product"}],"about":[{"href":"https:\/\/tipandtrips.es\/es\/wp-json\/wp\/v2\/types\/product"}],"wp:featuredmedia":[{"embeddable":true,"href":"https:\/\/tipandtrips.es\/es\/wp-json\/wp\/v2\/media\/7565"}],"wp:attachment":[{"href":"https:\/\/tipandtrips.es\/es\/wp-json\/wp\/v2\/media?parent=7571"}],"wp:term":[{"taxonomy":"product_cat","embeddable":true,"href":"https:\/\/tipandtrips.es\/es\/wp-json\/wp\/v2\/product_cat?post=7571"},{"taxonomy":"product_tag","embeddable":true,"href":"https:\/\/tipandtrips.es\/es\/wp-json\/wp\/v2\/product_tag?post=7571"}],"curies":[{"name":"wp","href":"https:\/\/api.w.org\/{rel}","templated":true}]}}