{"id":7577,"date":"2021-08-31T11:57:48","date_gmt":"2021-08-31T11:57:48","guid":{"rendered":"https:\/\/tipandtrips.es\/?post_type=product&#038;p=7577"},"modified":"2021-09-21T16:06:30","modified_gmt":"2021-09-21T16:06:30","slug":"reserva-parapente-en-tenerife-ifonche","status":"publish","type":"product","link":"https:\/\/tipandtrips.es\/es\/producto\/reserva-parapente-en-tenerife-ifonche\/","title":{"rendered":"Reserva &#8211; Parapente en Tenerife, Ifonche"},"content":{"rendered":"","protected":false},"excerpt":{"rendered":"<h2><span style=\"color: #00a499;\"><b>\u00bfPor qu\u00e9 hacer Parapente en Ifonche?\u00a0<\/b><\/span><\/h2>\n<p>Tenerife es especial por sus aguas cristalinas, eso ya lo sabemos. Pero, \u00bfy si descubrimos el cielo? Atr\u00e9vete a ver la isla desde un punto de vista completamente nuevo. Saltaremos desde unos 1000 metros. Durante los <strong>20 minutos<\/strong> que dura el vuelo veremos la <strong>Reserva Natural Especial del Barranco del Infierno<\/strong>, el Paisaje Protegido de Ifonche y el Parque Natural de la Corona Forestal. Observaremos desde las alturas elevaciones monta\u00f1osas como El Roque del Conde y de Imoque, pertenecientes al antiguo macizo de Adeje. Tambi\u00e9n veremos diferentes caser\u00edos dispersos y cultivos. Aterrizamos en la Playa de La Enramada en la Caleta.<\/p>\n","protected":false},"featured_media":7575,"template":"","meta":[],"product_cat":[661],"product_tag":[667,460,666,665,530],"yoast_head":"<!-- This site is optimized with the Yoast SEO plugin v19.1 - https:\/\/yoast.com\/wordpress\/plugins\/seo\/ -->\n<title>Reserva - Parapente en Tenerife, Ifonche - Tip and Trips<\/title>\n<meta name=\"description\" content=\"Prep\u00e1rate para sobrevolar el sur de Tenerife en parapente. Una experiencia \u00fanica y diferente donde descubrir\u00e1s c\u00f3mo se sientes los p\u00e1jaros.\" \/>\n<meta name=\"robots\" content=\"index, follow, max-snippet:-1, max-image-preview:large, max-video-preview:-1\" \/>\n<link rel=\"canonical\" href=\"https:\/\/tipandtrips.es\/es\/producto\/reserva-parapente-en-tenerife-ifonche\/\" \/>\n<meta property=\"og:locale\" content=\"es_ES\" \/>\n<meta property=\"og:type\" content=\"article\" \/>\n<meta property=\"og:title\" content=\"Reserva - Parapente en Tenerife, Ifonche - Tip and Trips\" \/>\n<meta property=\"og:description\" content=\"Prep\u00e1rate para sobrevolar el sur de Tenerife en parapente. Una experiencia \u00fanica y diferente donde descubrir\u00e1s c\u00f3mo se sientes los p\u00e1jaros.\" \/>\n<meta property=\"og:url\" content=\"https:\/\/tipandtrips.es\/es\/producto\/reserva-parapente-en-tenerife-ifonche\/\" \/>\n<meta property=\"og:site_name\" content=\"Tip and Trips\" \/>\n<meta property=\"article:modified_time\" content=\"2021-09-21T16:06:30+00:00\" \/>\n<meta property=\"og:image\" content=\"https:\/\/tipandtrips.es\/wp-content\/uploads\/2021\/08\/izana.jpg\" \/>\n\t<meta property=\"og:image:width\" content=\"640\" \/>\n\t<meta property=\"og:image:height\" content=\"640\" \/>\n\t<meta property=\"og:image:type\" content=\"image\/jpeg\" \/>\n<meta name=\"twitter:card\" content=\"summary_large_image\" \/>\n<script type=\"application\/ld+json\" class=\"yoast-schema-graph\">{\"@context\":\"https:\/\/schema.org\",\"@graph\":[{\"@type\":\"Organization\",\"@id\":\"https:\/\/tipandtrips.es\/#organization\",\"name\":\"Tip And Trips\",\"url\":\"https:\/\/tipandtrips.es\/\",\"sameAs\":[],\"logo\":{\"@type\":\"ImageObject\",\"inLanguage\":\"es\",\"@id\":\"https:\/\/tipandtrips.es\/#\/schema\/logo\/image\/\",\"url\":\"https:\/\/tipandtrips.es\/wp-content\/uploads\/2021\/02\/TipTrips_Web_trans.png\",\"contentUrl\":\"https:\/\/tipandtrips.es\/wp-content\/uploads\/2021\/02\/TipTrips_Web_trans.png\",\"width\":3763,\"height\":1998,\"caption\":\"Tip And Trips\"},\"image\":{\"@id\":\"https:\/\/tipandtrips.es\/#\/schema\/logo\/image\/\"}},{\"@type\":\"WebSite\",\"@id\":\"https:\/\/tipandtrips.es\/#website\",\"url\":\"https:\/\/tipandtrips.es\/\",\"name\":\"Tip and Trips\",\"description\":\"Actividades y excursiones en las Islas Canarias\",\"publisher\":{\"@id\":\"https:\/\/tipandtrips.es\/#organization\"},\"potentialAction\":[{\"@type\":\"SearchAction\",\"target\":{\"@type\":\"EntryPoint\",\"urlTemplate\":\"https:\/\/tipandtrips.es\/?s={search_term_string}\"},\"query-input\":\"required name=search_term_string\"}],\"inLanguage\":\"es\"},{\"@type\":\"ImageObject\",\"inLanguage\":\"es\",\"@id\":\"https:\/\/tipandtrips.es\/es\/producto\/reserva-parapente-en-tenerife-ifonche\/#primaryimage\",\"url\":\"https:\/\/tipandtrips.es\/wp-content\/uploads\/2021\/08\/izana.jpg\",\"contentUrl\":\"https:\/\/tipandtrips.es\/wp-content\/uploads\/2021\/08\/izana.jpg\",\"width\":640,\"height\":640},{\"@type\":\"WebPage\",\"@id\":\"https:\/\/tipandtrips.es\/es\/producto\/reserva-parapente-en-tenerife-ifonche\/#webpage\",\"url\":\"https:\/\/tipandtrips.es\/es\/producto\/reserva-parapente-en-tenerife-ifonche\/\",\"name\":\"Reserva - Parapente en Tenerife, Ifonche - Tip and Trips\",\"isPartOf\":{\"@id\":\"https:\/\/tipandtrips.es\/#website\"},\"primaryImageOfPage\":{\"@id\":\"https:\/\/tipandtrips.es\/es\/producto\/reserva-parapente-en-tenerife-ifonche\/#primaryimage\"},\"datePublished\":\"2021-08-31T11:57:48+00:00\",\"dateModified\":\"2021-09-21T16:06:30+00:00\",\"description\":\"Prep\u00e1rate para sobrevolar el sur de Tenerife en parapente. Una experiencia \u00fanica y diferente donde descubrir\u00e1s c\u00f3mo se sientes los p\u00e1jaros.\",\"breadcrumb\":{\"@id\":\"https:\/\/tipandtrips.es\/es\/producto\/reserva-parapente-en-tenerife-ifonche\/#breadcrumb\"},\"inLanguage\":\"es\",\"potentialAction\":[{\"@type\":\"ReadAction\",\"target\":[\"https:\/\/tipandtrips.es\/es\/producto\/reserva-parapente-en-tenerife-ifonche\/\"]}]},{\"@type\":\"BreadcrumbList\",\"@id\":\"https:\/\/tipandtrips.es\/es\/producto\/reserva-parapente-en-tenerife-ifonche\/#breadcrumb\",\"itemListElement\":[{\"@type\":\"ListItem\",\"position\":1,\"name\":\"Portada\",\"item\":\"https:\/\/tipandtrips.es\/es\/\"},{\"@type\":\"ListItem\",\"position\":2,\"name\":\"Tienda\",\"item\":\"https:\/\/tipandtrips.es\/es\/tienda\/\"},{\"@type\":\"ListItem\",\"position\":3,\"name\":\"Reserva &#8211; Parapente en Tenerife, Ifonche\"}]}]}<\/script>\n<!-- \/ Yoast SEO plugin. -->","yoast_head_json":{"title":"Reserva - Parapente en Tenerife, Ifonche - Tip and Trips","description":"Prep\u00e1rate para sobrevolar el sur de Tenerife en parapente. Una experiencia \u00fanica y diferente donde descubrir\u00e1s c\u00f3mo se sientes los p\u00e1jaros.","robots":{"index":"index","follow":"follow","max-snippet":"max-snippet:-1","max-image-preview":"max-image-preview:large","max-video-preview":"max-video-preview:-1"},"canonical":"https:\/\/tipandtrips.es\/es\/producto\/reserva-parapente-en-tenerife-ifonche\/","og_locale":"es_ES","og_type":"article","og_title":"Reserva - Parapente en Tenerife, Ifonche - Tip and Trips","og_description":"Prep\u00e1rate para sobrevolar el sur de Tenerife en parapente. Una experiencia \u00fanica y diferente donde descubrir\u00e1s c\u00f3mo se sientes los p\u00e1jaros.","og_url":"https:\/\/tipandtrips.es\/es\/producto\/reserva-parapente-en-tenerife-ifonche\/","og_site_name":"Tip and Trips","article_modified_time":"2021-09-21T16:06:30+00:00","og_image":[{"width":640,"height":640,"url":"https:\/\/tipandtrips.es\/wp-content\/uploads\/2021\/08\/izana.jpg","type":"image\/jpeg"}],"twitter_card":"summary_large_image","schema":{"@context":"https:\/\/schema.org","@graph":[{"@type":"Organization","@id":"https:\/\/tipandtrips.es\/#organization","name":"Tip And Trips","url":"https:\/\/tipandtrips.es\/","sameAs":[],"logo":{"@type":"ImageObject","inLanguage":"es","@id":"https:\/\/tipandtrips.es\/#\/schema\/logo\/image\/","url":"https:\/\/tipandtrips.es\/wp-content\/uploads\/2021\/02\/TipTrips_Web_trans.png","contentUrl":"https:\/\/tipandtrips.es\/wp-content\/uploads\/2021\/02\/TipTrips_Web_trans.png","width":3763,"height":1998,"caption":"Tip And Trips"},"image":{"@id":"https:\/\/tipandtrips.es\/#\/schema\/logo\/image\/"}},{"@type":"WebSite","@id":"https:\/\/tipandtrips.es\/#website","url":"https:\/\/tipandtrips.es\/","name":"Tip and Trips","description":"Actividades y excursiones en las Islas Canarias","publisher":{"@id":"https:\/\/tipandtrips.es\/#organization"},"potentialAction":[{"@type":"SearchAction","target":{"@type":"EntryPoint","urlTemplate":"https:\/\/tipandtrips.es\/?s={search_term_string}"},"query-input":"required name=search_term_string"}],"inLanguage":"es"},{"@type":"ImageObject","inLanguage":"es","@id":"https:\/\/tipandtrips.es\/es\/producto\/reserva-parapente-en-tenerife-ifonche\/#primaryimage","url":"https:\/\/tipandtrips.es\/wp-content\/uploads\/2021\/08\/izana.jpg","contentUrl":"https:\/\/tipandtrips.es\/wp-content\/uploads\/2021\/08\/izana.jpg","width":640,"height":640},{"@type":"WebPage","@id":"https:\/\/tipandtrips.es\/es\/producto\/reserva-parapente-en-tenerife-ifonche\/#webpage","url":"https:\/\/tipandtrips.es\/es\/producto\/reserva-parapente-en-tenerife-ifonche\/","name":"Reserva - Parapente en Tenerife, Ifonche - Tip and Trips","isPartOf":{"@id":"https:\/\/tipandtrips.es\/#website"},"primaryImageOfPage":{"@id":"https:\/\/tipandtrips.es\/es\/producto\/reserva-parapente-en-tenerife-ifonche\/#primaryimage"},"datePublished":"2021-08-31T11:57:48+00:00","dateModified":"2021-09-21T16:06:30+00:00","description":"Prep\u00e1rate para sobrevolar el sur de Tenerife en parapente. Una experiencia \u00fanica y diferente donde descubrir\u00e1s c\u00f3mo se sientes los p\u00e1jaros.","breadcrumb":{"@id":"https:\/\/tipandtrips.es\/es\/producto\/reserva-parapente-en-tenerife-ifonche\/#breadcrumb"},"inLanguage":"es","potentialAction":[{"@type":"ReadAction","target":["https:\/\/tipandtrips.es\/es\/producto\/reserva-parapente-en-tenerife-ifonche\/"]}]},{"@type":"BreadcrumbList","@id":"https:\/\/tipandtrips.es\/es\/producto\/reserva-parapente-en-tenerife-ifonche\/#breadcrumb","itemListElement":[{"@type":"ListItem","position":1,"name":"Portada","item":"https:\/\/tipandtrips.es\/es\/"},{"@type":"ListItem","position":2,"name":"Tienda","item":"https:\/\/tipandtrips.es\/es\/tienda\/"},{"@type":"ListItem","position":3,"name":"Reserva &#8211; Parapente en Tenerife, Ifonche"}]}]}},"_links":{"self":[{"href":"https:\/\/tipandtrips.es\/es\/wp-json\/wp\/v2\/product\/7577"}],"collection":[{"href":"https:\/\/tipandtrips.es\/es\/wp-json\/wp\/v2\/product"}],"about":[{"href":"https:\/\/tipandtrips.es\/es\/wp-json\/wp\/v2\/types\/product"}],"wp:featuredmedia":[{"embeddable":true,"href":"https:\/\/tipandtrips.es\/es\/wp-json\/wp\/v2\/media\/7575"}],"wp:attachment":[{"href":"https:\/\/tipandtrips.es\/es\/wp-json\/wp\/v2\/media?parent=7577"}],"wp:term":[{"taxonomy":"product_cat","embeddable":true,"href":"https:\/\/tipandtrips.es\/es\/wp-json\/wp\/v2\/product_cat?post=7577"},{"taxonomy":"product_tag","embeddable":true,"href":"https:\/\/tipandtrips.es\/es\/wp-json\/wp\/v2\/product_tag?post=7577"}],"curies":[{"name":"wp","href":"https:\/\/api.w.org\/{rel}","templated":true}]}}