{"id":7616,"date":"2021-09-13T15:46:39","date_gmt":"2021-09-13T15:46:39","guid":{"rendered":"https:\/\/tipandtrips.es\/?post_type=product&#038;p=7616"},"modified":"2021-09-20T09:13:33","modified_gmt":"2021-09-20T09:13:33","slug":"reserva-kayak-en-los-acantilados-de-los-gigantes","status":"publish","type":"product","link":"https:\/\/tipandtrips.es\/es\/producto\/reserva-kayak-en-los-acantilados-de-los-gigantes\/","title":{"rendered":"Reserva &#8211; Kayak en Los Acantilados de Los Gigantes"},"content":{"rendered":"","protected":false},"excerpt":{"rendered":"<h2><span style=\"color: #00a499;\"><b>\u00bfPor qu\u00e9 hacer Kayak y snorkel en Los Gigantes?\u00a0<\/b><\/span><\/h2>\n<p><span style=\"font-weight: 400;\">Los Acantilados de los Gigantes es uno de los monumentos de la naturaleza m\u00e1s importantes e impresionantes que tienen las islas canarias. Desde sus fondos marinos hasta sus m\u00e1s de 600 metros habitan numerosas especies. Adem\u00e1s su formaci\u00f3n volc\u00e1nica har\u00e1n que te sientas muy peque\u00f1o. Remar por esas aguas, tener el acantilado, literalmente a tus pies, observar c\u00f3mo se formaron nuestras islas es una experiencia diferente y estamos seguros de que no te dejar\u00e1 de sorprender.\u00a0<\/span><\/p>\n<h3><span style=\"color: #00a499;\"><b>\u00bfQu\u00e9 vamos a hacer durante estas dos horas?<\/b><\/span><\/h3>\n<p><span style=\"font-weight: 400;\">Las aguas son tranquilas as\u00ed que no tendr\u00e1s problema en disfrutar del paisaje mientras remas. Siempre vamos acompa\u00f1ados de una lancha para cualquier tipo de percance. Adem\u00e1s, cuando lleguemos al destino<strong> nos daremos un ba\u00f1o, disfrutaremos de una bebida y nos sacar\u00e1n fotos<\/strong>. Despu\u00e9s volveremos al Puerto de Los Gigantes.<\/span><\/p>\n","protected":false},"featured_media":7605,"template":"","meta":[],"product_cat":[463],"product_tag":[460,457,497],"yoast_head":"<!-- This site is optimized with the Yoast SEO plugin v19.1 - https:\/\/yoast.com\/wordpress\/plugins\/seo\/ -->\n<title>Reserva - Kayak en Los Acantilados de Los Gigantes - Tip and Trips<\/title>\n<meta name=\"description\" content=\"\u00a1Disfruta de la experiencia del Kayak Acantilados de Los Gigantes, una aventura \u00fanica que no dejar\u00e1 de sorprenderte en Tenerife!\" \/>\n<meta name=\"robots\" content=\"index, follow, max-snippet:-1, max-image-preview:large, max-video-preview:-1\" \/>\n<link rel=\"canonical\" href=\"https:\/\/tipandtrips.es\/es\/producto\/reserva-kayak-en-los-acantilados-de-los-gigantes\/\" \/>\n<meta property=\"og:locale\" content=\"es_ES\" \/>\n<meta property=\"og:type\" content=\"article\" \/>\n<meta property=\"og:title\" content=\"Reserva - Kayak en Los Acantilados de Los Gigantes - Tip and Trips\" \/>\n<meta property=\"og:description\" content=\"\u00a1Disfruta de la experiencia del Kayak Acantilados de Los Gigantes, una aventura \u00fanica que no dejar\u00e1 de sorprenderte en Tenerife!\" \/>\n<meta property=\"og:url\" content=\"https:\/\/tipandtrips.es\/es\/producto\/reserva-kayak-en-los-acantilados-de-los-gigantes\/\" \/>\n<meta property=\"og:site_name\" content=\"Tip and Trips\" \/>\n<meta property=\"article:modified_time\" content=\"2021-09-20T09:13:33+00:00\" \/>\n<meta property=\"og:image\" content=\"https:\/\/tipandtrips.es\/wp-content\/uploads\/2021\/09\/pp.jpg\" \/>\n\t<meta property=\"og:image:width\" content=\"640\" \/>\n\t<meta property=\"og:image:height\" content=\"640\" \/>\n\t<meta property=\"og:image:type\" content=\"image\/jpeg\" \/>\n<meta name=\"twitter:card\" content=\"summary_large_image\" \/>\n<script type=\"application\/ld+json\" class=\"yoast-schema-graph\">{\"@context\":\"https:\/\/schema.org\",\"@graph\":[{\"@type\":\"Organization\",\"@id\":\"https:\/\/tipandtrips.es\/#organization\",\"name\":\"Tip And Trips\",\"url\":\"https:\/\/tipandtrips.es\/\",\"sameAs\":[],\"logo\":{\"@type\":\"ImageObject\",\"inLanguage\":\"es\",\"@id\":\"https:\/\/tipandtrips.es\/#\/schema\/logo\/image\/\",\"url\":\"https:\/\/tipandtrips.es\/wp-content\/uploads\/2021\/02\/TipTrips_Web_trans.png\",\"contentUrl\":\"https:\/\/tipandtrips.es\/wp-content\/uploads\/2021\/02\/TipTrips_Web_trans.png\",\"width\":3763,\"height\":1998,\"caption\":\"Tip And Trips\"},\"image\":{\"@id\":\"https:\/\/tipandtrips.es\/#\/schema\/logo\/image\/\"}},{\"@type\":\"WebSite\",\"@id\":\"https:\/\/tipandtrips.es\/#website\",\"url\":\"https:\/\/tipandtrips.es\/\",\"name\":\"Tip and Trips\",\"description\":\"Actividades y excursiones en las Islas Canarias\",\"publisher\":{\"@id\":\"https:\/\/tipandtrips.es\/#organization\"},\"potentialAction\":[{\"@type\":\"SearchAction\",\"target\":{\"@type\":\"EntryPoint\",\"urlTemplate\":\"https:\/\/tipandtrips.es\/?s={search_term_string}\"},\"query-input\":\"required name=search_term_string\"}],\"inLanguage\":\"es\"},{\"@type\":\"ImageObject\",\"inLanguage\":\"es\",\"@id\":\"https:\/\/tipandtrips.es\/es\/producto\/reserva-kayak-en-los-acantilados-de-los-gigantes\/#primaryimage\",\"url\":\"https:\/\/tipandtrips.es\/wp-content\/uploads\/2021\/09\/pp.jpg\",\"contentUrl\":\"https:\/\/tipandtrips.es\/wp-content\/uploads\/2021\/09\/pp.jpg\",\"width\":640,\"height\":640},{\"@type\":\"WebPage\",\"@id\":\"https:\/\/tipandtrips.es\/es\/producto\/reserva-kayak-en-los-acantilados-de-los-gigantes\/#webpage\",\"url\":\"https:\/\/tipandtrips.es\/es\/producto\/reserva-kayak-en-los-acantilados-de-los-gigantes\/\",\"name\":\"Reserva - Kayak en Los Acantilados de Los Gigantes - Tip and Trips\",\"isPartOf\":{\"@id\":\"https:\/\/tipandtrips.es\/#website\"},\"primaryImageOfPage\":{\"@id\":\"https:\/\/tipandtrips.es\/es\/producto\/reserva-kayak-en-los-acantilados-de-los-gigantes\/#primaryimage\"},\"datePublished\":\"2021-09-13T15:46:39+00:00\",\"dateModified\":\"2021-09-20T09:13:33+00:00\",\"description\":\"\u00a1Disfruta de la experiencia del Kayak Acantilados de Los Gigantes, una aventura \u00fanica que no dejar\u00e1 de sorprenderte en Tenerife!\",\"breadcrumb\":{\"@id\":\"https:\/\/tipandtrips.es\/es\/producto\/reserva-kayak-en-los-acantilados-de-los-gigantes\/#breadcrumb\"},\"inLanguage\":\"es\",\"potentialAction\":[{\"@type\":\"ReadAction\",\"target\":[\"https:\/\/tipandtrips.es\/es\/producto\/reserva-kayak-en-los-acantilados-de-los-gigantes\/\"]}]},{\"@type\":\"BreadcrumbList\",\"@id\":\"https:\/\/tipandtrips.es\/es\/producto\/reserva-kayak-en-los-acantilados-de-los-gigantes\/#breadcrumb\",\"itemListElement\":[{\"@type\":\"ListItem\",\"position\":1,\"name\":\"Portada\",\"item\":\"https:\/\/tipandtrips.es\/es\/\"},{\"@type\":\"ListItem\",\"position\":2,\"name\":\"Tienda\",\"item\":\"https:\/\/tipandtrips.es\/es\/tienda\/\"},{\"@type\":\"ListItem\",\"position\":3,\"name\":\"Reserva &#8211; Kayak en Los Acantilados de Los Gigantes\"}]}]}<\/script>\n<!-- \/ Yoast SEO plugin. -->","yoast_head_json":{"title":"Reserva - Kayak en Los Acantilados de Los Gigantes - Tip and Trips","description":"\u00a1Disfruta de la experiencia del Kayak Acantilados de Los Gigantes, una aventura \u00fanica que no dejar\u00e1 de sorprenderte en Tenerife!","robots":{"index":"index","follow":"follow","max-snippet":"max-snippet:-1","max-image-preview":"max-image-preview:large","max-video-preview":"max-video-preview:-1"},"canonical":"https:\/\/tipandtrips.es\/es\/producto\/reserva-kayak-en-los-acantilados-de-los-gigantes\/","og_locale":"es_ES","og_type":"article","og_title":"Reserva - Kayak en Los Acantilados de Los Gigantes - Tip and Trips","og_description":"\u00a1Disfruta de la experiencia del Kayak Acantilados de Los Gigantes, una aventura \u00fanica que no dejar\u00e1 de sorprenderte en Tenerife!","og_url":"https:\/\/tipandtrips.es\/es\/producto\/reserva-kayak-en-los-acantilados-de-los-gigantes\/","og_site_name":"Tip and Trips","article_modified_time":"2021-09-20T09:13:33+00:00","og_image":[{"width":640,"height":640,"url":"https:\/\/tipandtrips.es\/wp-content\/uploads\/2021\/09\/pp.jpg","type":"image\/jpeg"}],"twitter_card":"summary_large_image","schema":{"@context":"https:\/\/schema.org","@graph":[{"@type":"Organization","@id":"https:\/\/tipandtrips.es\/#organization","name":"Tip And Trips","url":"https:\/\/tipandtrips.es\/","sameAs":[],"logo":{"@type":"ImageObject","inLanguage":"es","@id":"https:\/\/tipandtrips.es\/#\/schema\/logo\/image\/","url":"https:\/\/tipandtrips.es\/wp-content\/uploads\/2021\/02\/TipTrips_Web_trans.png","contentUrl":"https:\/\/tipandtrips.es\/wp-content\/uploads\/2021\/02\/TipTrips_Web_trans.png","width":3763,"height":1998,"caption":"Tip And Trips"},"image":{"@id":"https:\/\/tipandtrips.es\/#\/schema\/logo\/image\/"}},{"@type":"WebSite","@id":"https:\/\/tipandtrips.es\/#website","url":"https:\/\/tipandtrips.es\/","name":"Tip and Trips","description":"Actividades y excursiones en las Islas Canarias","publisher":{"@id":"https:\/\/tipandtrips.es\/#organization"},"potentialAction":[{"@type":"SearchAction","target":{"@type":"EntryPoint","urlTemplate":"https:\/\/tipandtrips.es\/?s={search_term_string}"},"query-input":"required name=search_term_string"}],"inLanguage":"es"},{"@type":"ImageObject","inLanguage":"es","@id":"https:\/\/tipandtrips.es\/es\/producto\/reserva-kayak-en-los-acantilados-de-los-gigantes\/#primaryimage","url":"https:\/\/tipandtrips.es\/wp-content\/uploads\/2021\/09\/pp.jpg","contentUrl":"https:\/\/tipandtrips.es\/wp-content\/uploads\/2021\/09\/pp.jpg","width":640,"height":640},{"@type":"WebPage","@id":"https:\/\/tipandtrips.es\/es\/producto\/reserva-kayak-en-los-acantilados-de-los-gigantes\/#webpage","url":"https:\/\/tipandtrips.es\/es\/producto\/reserva-kayak-en-los-acantilados-de-los-gigantes\/","name":"Reserva - Kayak en Los Acantilados de Los Gigantes - Tip and Trips","isPartOf":{"@id":"https:\/\/tipandtrips.es\/#website"},"primaryImageOfPage":{"@id":"https:\/\/tipandtrips.es\/es\/producto\/reserva-kayak-en-los-acantilados-de-los-gigantes\/#primaryimage"},"datePublished":"2021-09-13T15:46:39+00:00","dateModified":"2021-09-20T09:13:33+00:00","description":"\u00a1Disfruta de la experiencia del Kayak Acantilados de Los Gigantes, una aventura \u00fanica que no dejar\u00e1 de sorprenderte en Tenerife!","breadcrumb":{"@id":"https:\/\/tipandtrips.es\/es\/producto\/reserva-kayak-en-los-acantilados-de-los-gigantes\/#breadcrumb"},"inLanguage":"es","potentialAction":[{"@type":"ReadAction","target":["https:\/\/tipandtrips.es\/es\/producto\/reserva-kayak-en-los-acantilados-de-los-gigantes\/"]}]},{"@type":"BreadcrumbList","@id":"https:\/\/tipandtrips.es\/es\/producto\/reserva-kayak-en-los-acantilados-de-los-gigantes\/#breadcrumb","itemListElement":[{"@type":"ListItem","position":1,"name":"Portada","item":"https:\/\/tipandtrips.es\/es\/"},{"@type":"ListItem","position":2,"name":"Tienda","item":"https:\/\/tipandtrips.es\/es\/tienda\/"},{"@type":"ListItem","position":3,"name":"Reserva &#8211; Kayak en Los Acantilados de Los Gigantes"}]}]}},"_links":{"self":[{"href":"https:\/\/tipandtrips.es\/es\/wp-json\/wp\/v2\/product\/7616"}],"collection":[{"href":"https:\/\/tipandtrips.es\/es\/wp-json\/wp\/v2\/product"}],"about":[{"href":"https:\/\/tipandtrips.es\/es\/wp-json\/wp\/v2\/types\/product"}],"wp:featuredmedia":[{"embeddable":true,"href":"https:\/\/tipandtrips.es\/es\/wp-json\/wp\/v2\/media\/7605"}],"wp:attachment":[{"href":"https:\/\/tipandtrips.es\/es\/wp-json\/wp\/v2\/media?parent=7616"}],"wp:term":[{"taxonomy":"product_cat","embeddable":true,"href":"https:\/\/tipandtrips.es\/es\/wp-json\/wp\/v2\/product_cat?post=7616"},{"taxonomy":"product_tag","embeddable":true,"href":"https:\/\/tipandtrips.es\/es\/wp-json\/wp\/v2\/product_tag?post=7616"}],"curies":[{"name":"wp","href":"https:\/\/api.w.org\/{rel}","templated":true}]}}