{"id":7694,"date":"2021-09-22T19:39:36","date_gmt":"2021-09-22T19:39:36","guid":{"rendered":"https:\/\/tipandtrips.es\/product\/book-now-electric-surfboards-in-tenerife\/"},"modified":"2021-09-22T20:07:59","modified_gmt":"2021-09-22T20:07:59","slug":"reserva-ahora-tabla-de-surf-electricas-en-tenerife","status":"publish","type":"product","link":"https:\/\/tipandtrips.es\/es\/producto\/reserva-ahora-tabla-de-surf-electricas-en-tenerife\/","title":{"rendered":"Reserva ahora &#8211; Tabla de surf el\u00e9ctricas en Tenerife"},"content":{"rendered":"","protected":false},"excerpt":{"rendered":"<h2><span style=\"color: #00a499;\">\u00bfPor qu\u00e9 subirse a una tabla de surf el\u00e9ctrica en Tenerife?<\/span><\/h2>\n<p>El surf es uno de los deportes m\u00e1s de moda en la actualidad, pero, \u00bfqu\u00e9 pasa si no hay olas? Subirse a una <a href=\"https:\/\/youtu.be\/hwnUal5F2wo\" target=\"_blank\" rel=\"noopener\">tabla de surf el\u00e9ctrica<\/a> en Tenerife y tener la sensaci\u00f3n de tener el mar a tus pies es una experiencia \u00fanica. No hace falta que hayas surfeado antes, disfruta de la costa de Tenerife como si estuvieras paseando por el mar. \u00bfNo suena bien?<\/p>\n<p style=\"text-align: center;\">\n","protected":false},"featured_media":7684,"template":"","meta":[],"product_cat":[662],"product_tag":[670,460],"yoast_head":"<!-- This site is optimized with the Yoast SEO plugin v19.1 - https:\/\/yoast.com\/wordpress\/plugins\/seo\/ -->\n<title>Reserva ahora - Tabla de surf el\u00e9ctricas en Tenerife - Tip and Trips<\/title>\n<meta name=\"description\" content=\"\u00a1Disfruta de una experiencia incre\u00edble en la costa de la isla y s\u00fabete a una tabla de surf el\u00e9ctrica en Tenerife! \u00bfEst\u00e1s preparado?\" \/>\n<meta name=\"robots\" content=\"index, follow, max-snippet:-1, max-image-preview:large, max-video-preview:-1\" \/>\n<link rel=\"canonical\" href=\"https:\/\/tipandtrips.es\/es\/producto\/reserva-ahora-tabla-de-surf-electricas-en-tenerife\/\" \/>\n<meta property=\"og:locale\" content=\"es_ES\" \/>\n<meta property=\"og:type\" content=\"article\" \/>\n<meta property=\"og:title\" content=\"Reserva ahora - Tabla de surf el\u00e9ctricas en Tenerife - Tip and Trips\" \/>\n<meta property=\"og:description\" content=\"\u00a1Disfruta de una experiencia incre\u00edble en la costa de la isla y s\u00fabete a una tabla de surf el\u00e9ctrica en Tenerife! \u00bfEst\u00e1s preparado?\" \/>\n<meta property=\"og:url\" content=\"https:\/\/tipandtrips.es\/es\/producto\/reserva-ahora-tabla-de-surf-electricas-en-tenerife\/\" \/>\n<meta property=\"og:site_name\" content=\"Tip and Trips\" \/>\n<meta property=\"article:modified_time\" content=\"2021-09-22T20:07:59+00:00\" \/>\n<meta property=\"og:image\" content=\"https:\/\/tipandtrips.es\/wp-content\/uploads\/2021\/09\/WhatsApp-Image-2021-09-06-at-15.56.17-1-1.jpeg\" \/>\n\t<meta property=\"og:image:width\" content=\"1024\" \/>\n\t<meta property=\"og:image:height\" content=\"473\" \/>\n\t<meta property=\"og:image:type\" content=\"image\/jpeg\" \/>\n<meta name=\"twitter:card\" content=\"summary_large_image\" \/>\n<script type=\"application\/ld+json\" class=\"yoast-schema-graph\">{\"@context\":\"https:\/\/schema.org\",\"@graph\":[{\"@type\":\"Organization\",\"@id\":\"https:\/\/tipandtrips.es\/#organization\",\"name\":\"Tip And Trips\",\"url\":\"https:\/\/tipandtrips.es\/\",\"sameAs\":[],\"logo\":{\"@type\":\"ImageObject\",\"inLanguage\":\"es\",\"@id\":\"https:\/\/tipandtrips.es\/#\/schema\/logo\/image\/\",\"url\":\"https:\/\/tipandtrips.es\/wp-content\/uploads\/2021\/02\/TipTrips_Web_trans.png\",\"contentUrl\":\"https:\/\/tipandtrips.es\/wp-content\/uploads\/2021\/02\/TipTrips_Web_trans.png\",\"width\":3763,\"height\":1998,\"caption\":\"Tip And Trips\"},\"image\":{\"@id\":\"https:\/\/tipandtrips.es\/#\/schema\/logo\/image\/\"}},{\"@type\":\"WebSite\",\"@id\":\"https:\/\/tipandtrips.es\/#website\",\"url\":\"https:\/\/tipandtrips.es\/\",\"name\":\"Tip and Trips\",\"description\":\"Actividades y excursiones en las Islas Canarias\",\"publisher\":{\"@id\":\"https:\/\/tipandtrips.es\/#organization\"},\"potentialAction\":[{\"@type\":\"SearchAction\",\"target\":{\"@type\":\"EntryPoint\",\"urlTemplate\":\"https:\/\/tipandtrips.es\/?s={search_term_string}\"},\"query-input\":\"required name=search_term_string\"}],\"inLanguage\":\"es\"},{\"@type\":\"ImageObject\",\"inLanguage\":\"es\",\"@id\":\"https:\/\/tipandtrips.es\/es\/producto\/reserva-ahora-tabla-de-surf-electricas-en-tenerife\/#primaryimage\",\"url\":\"https:\/\/tipandtrips.es\/wp-content\/uploads\/2021\/09\/WhatsApp-Image-2021-09-06-at-15.56.17-1-1.jpeg\",\"contentUrl\":\"https:\/\/tipandtrips.es\/wp-content\/uploads\/2021\/09\/WhatsApp-Image-2021-09-06-at-15.56.17-1-1.jpeg\",\"width\":1024,\"height\":473},{\"@type\":\"WebPage\",\"@id\":\"https:\/\/tipandtrips.es\/es\/producto\/reserva-ahora-tabla-de-surf-electricas-en-tenerife\/#webpage\",\"url\":\"https:\/\/tipandtrips.es\/es\/producto\/reserva-ahora-tabla-de-surf-electricas-en-tenerife\/\",\"name\":\"Reserva ahora - Tabla de surf el\u00e9ctricas en Tenerife - Tip and Trips\",\"isPartOf\":{\"@id\":\"https:\/\/tipandtrips.es\/#website\"},\"primaryImageOfPage\":{\"@id\":\"https:\/\/tipandtrips.es\/es\/producto\/reserva-ahora-tabla-de-surf-electricas-en-tenerife\/#primaryimage\"},\"datePublished\":\"2021-09-22T19:39:36+00:00\",\"dateModified\":\"2021-09-22T20:07:59+00:00\",\"description\":\"\u00a1Disfruta de una experiencia incre\u00edble en la costa de la isla y s\u00fabete a una tabla de surf el\u00e9ctrica en Tenerife! \u00bfEst\u00e1s preparado?\",\"breadcrumb\":{\"@id\":\"https:\/\/tipandtrips.es\/es\/producto\/reserva-ahora-tabla-de-surf-electricas-en-tenerife\/#breadcrumb\"},\"inLanguage\":\"es\",\"potentialAction\":[{\"@type\":\"ReadAction\",\"target\":[\"https:\/\/tipandtrips.es\/es\/producto\/reserva-ahora-tabla-de-surf-electricas-en-tenerife\/\"]}]},{\"@type\":\"BreadcrumbList\",\"@id\":\"https:\/\/tipandtrips.es\/es\/producto\/reserva-ahora-tabla-de-surf-electricas-en-tenerife\/#breadcrumb\",\"itemListElement\":[{\"@type\":\"ListItem\",\"position\":1,\"name\":\"Portada\",\"item\":\"https:\/\/tipandtrips.es\/es\/\"},{\"@type\":\"ListItem\",\"position\":2,\"name\":\"Tienda\",\"item\":\"https:\/\/tipandtrips.es\/es\/tienda\/\"},{\"@type\":\"ListItem\",\"position\":3,\"name\":\"Reserva ahora &#8211; Tabla de surf el\u00e9ctricas en Tenerife\"}]}]}<\/script>\n<!-- \/ Yoast SEO plugin. -->","yoast_head_json":{"title":"Reserva ahora - Tabla de surf el\u00e9ctricas en Tenerife - Tip and Trips","description":"\u00a1Disfruta de una experiencia incre\u00edble en la costa de la isla y s\u00fabete a una tabla de surf el\u00e9ctrica en Tenerife! \u00bfEst\u00e1s preparado?","robots":{"index":"index","follow":"follow","max-snippet":"max-snippet:-1","max-image-preview":"max-image-preview:large","max-video-preview":"max-video-preview:-1"},"canonical":"https:\/\/tipandtrips.es\/es\/producto\/reserva-ahora-tabla-de-surf-electricas-en-tenerife\/","og_locale":"es_ES","og_type":"article","og_title":"Reserva ahora - Tabla de surf el\u00e9ctricas en Tenerife - Tip and Trips","og_description":"\u00a1Disfruta de una experiencia incre\u00edble en la costa de la isla y s\u00fabete a una tabla de surf el\u00e9ctrica en Tenerife! \u00bfEst\u00e1s preparado?","og_url":"https:\/\/tipandtrips.es\/es\/producto\/reserva-ahora-tabla-de-surf-electricas-en-tenerife\/","og_site_name":"Tip and Trips","article_modified_time":"2021-09-22T20:07:59+00:00","og_image":[{"width":1024,"height":473,"url":"https:\/\/tipandtrips.es\/wp-content\/uploads\/2021\/09\/WhatsApp-Image-2021-09-06-at-15.56.17-1-1.jpeg","type":"image\/jpeg"}],"twitter_card":"summary_large_image","schema":{"@context":"https:\/\/schema.org","@graph":[{"@type":"Organization","@id":"https:\/\/tipandtrips.es\/#organization","name":"Tip And Trips","url":"https:\/\/tipandtrips.es\/","sameAs":[],"logo":{"@type":"ImageObject","inLanguage":"es","@id":"https:\/\/tipandtrips.es\/#\/schema\/logo\/image\/","url":"https:\/\/tipandtrips.es\/wp-content\/uploads\/2021\/02\/TipTrips_Web_trans.png","contentUrl":"https:\/\/tipandtrips.es\/wp-content\/uploads\/2021\/02\/TipTrips_Web_trans.png","width":3763,"height":1998,"caption":"Tip And Trips"},"image":{"@id":"https:\/\/tipandtrips.es\/#\/schema\/logo\/image\/"}},{"@type":"WebSite","@id":"https:\/\/tipandtrips.es\/#website","url":"https:\/\/tipandtrips.es\/","name":"Tip and Trips","description":"Actividades y excursiones en las Islas Canarias","publisher":{"@id":"https:\/\/tipandtrips.es\/#organization"},"potentialAction":[{"@type":"SearchAction","target":{"@type":"EntryPoint","urlTemplate":"https:\/\/tipandtrips.es\/?s={search_term_string}"},"query-input":"required name=search_term_string"}],"inLanguage":"es"},{"@type":"ImageObject","inLanguage":"es","@id":"https:\/\/tipandtrips.es\/es\/producto\/reserva-ahora-tabla-de-surf-electricas-en-tenerife\/#primaryimage","url":"https:\/\/tipandtrips.es\/wp-content\/uploads\/2021\/09\/WhatsApp-Image-2021-09-06-at-15.56.17-1-1.jpeg","contentUrl":"https:\/\/tipandtrips.es\/wp-content\/uploads\/2021\/09\/WhatsApp-Image-2021-09-06-at-15.56.17-1-1.jpeg","width":1024,"height":473},{"@type":"WebPage","@id":"https:\/\/tipandtrips.es\/es\/producto\/reserva-ahora-tabla-de-surf-electricas-en-tenerife\/#webpage","url":"https:\/\/tipandtrips.es\/es\/producto\/reserva-ahora-tabla-de-surf-electricas-en-tenerife\/","name":"Reserva ahora - Tabla de surf el\u00e9ctricas en Tenerife - Tip and Trips","isPartOf":{"@id":"https:\/\/tipandtrips.es\/#website"},"primaryImageOfPage":{"@id":"https:\/\/tipandtrips.es\/es\/producto\/reserva-ahora-tabla-de-surf-electricas-en-tenerife\/#primaryimage"},"datePublished":"2021-09-22T19:39:36+00:00","dateModified":"2021-09-22T20:07:59+00:00","description":"\u00a1Disfruta de una experiencia incre\u00edble en la costa de la isla y s\u00fabete a una tabla de surf el\u00e9ctrica en Tenerife! \u00bfEst\u00e1s preparado?","breadcrumb":{"@id":"https:\/\/tipandtrips.es\/es\/producto\/reserva-ahora-tabla-de-surf-electricas-en-tenerife\/#breadcrumb"},"inLanguage":"es","potentialAction":[{"@type":"ReadAction","target":["https:\/\/tipandtrips.es\/es\/producto\/reserva-ahora-tabla-de-surf-electricas-en-tenerife\/"]}]},{"@type":"BreadcrumbList","@id":"https:\/\/tipandtrips.es\/es\/producto\/reserva-ahora-tabla-de-surf-electricas-en-tenerife\/#breadcrumb","itemListElement":[{"@type":"ListItem","position":1,"name":"Portada","item":"https:\/\/tipandtrips.es\/es\/"},{"@type":"ListItem","position":2,"name":"Tienda","item":"https:\/\/tipandtrips.es\/es\/tienda\/"},{"@type":"ListItem","position":3,"name":"Reserva ahora &#8211; Tabla de surf el\u00e9ctricas en Tenerife"}]}]}},"_links":{"self":[{"href":"https:\/\/tipandtrips.es\/es\/wp-json\/wp\/v2\/product\/7694"}],"collection":[{"href":"https:\/\/tipandtrips.es\/es\/wp-json\/wp\/v2\/product"}],"about":[{"href":"https:\/\/tipandtrips.es\/es\/wp-json\/wp\/v2\/types\/product"}],"wp:featuredmedia":[{"embeddable":true,"href":"https:\/\/tipandtrips.es\/es\/wp-json\/wp\/v2\/media\/7684"}],"wp:attachment":[{"href":"https:\/\/tipandtrips.es\/es\/wp-json\/wp\/v2\/media?parent=7694"}],"wp:term":[{"taxonomy":"product_cat","embeddable":true,"href":"https:\/\/tipandtrips.es\/es\/wp-json\/wp\/v2\/product_cat?post=7694"},{"taxonomy":"product_tag","embeddable":true,"href":"https:\/\/tipandtrips.es\/es\/wp-json\/wp\/v2\/product_tag?post=7694"}],"curies":[{"name":"wp","href":"https:\/\/api.w.org\/{rel}","templated":true}]}}