{"id":7733,"date":"2021-09-27T11:40:36","date_gmt":"2021-09-27T11:40:36","guid":{"rendered":"https:\/\/tipandtrips.es\/?post_type=product&#038;p=7733"},"modified":"2021-09-27T11:37:31","modified_gmt":"2021-09-27T11:37:31","slug":"reserva-ahora-surf-en-playa-las-americas","status":"publish","type":"product","link":"https:\/\/tipandtrips.es\/es\/producto\/reserva-ahora-surf-en-playa-las-americas\/","title":{"rendered":"Reserva ahora &#8211; Surf en Playa Las Americas"},"content":{"rendered":"","protected":false},"excerpt":{"rendered":"<h2><span style=\"color: #00a499;\">\u00bfPor qu\u00e9 hacer surf en Playa Las Americas?<\/span><\/h2>\n<p>Hacer surf en Playa de Las Americas es una experiencia \u00fanica para todos los surferos. El surf es uno de los deportes m\u00e1s de moda en la actualidad. Y Playa de las Am\u00e9ricas es el mejor lugar para aprender a surfear en Tenerife. La calidad de las olas y la temperatura hacen que esta zona sea perfecta para aprender a surfear. Adem\u00e1s, si quieres perfeccionar tu surf hay diferentes playas en los alrededores donde tambi\u00e9n puedes ir. Tambi\u00e9n disponemos de <strong>tablas de surf adaptadas<\/strong>. \u00bfEst\u00e1s preparado para hacer surf en <a href=\"https:\/\/www.youtube.com\/watch?v=BXbhUIctRmA\" target=\"_blank\" rel=\"noopener\">Playa Las Am\u00e9rica<\/a>s?<\/p>\n","protected":false},"featured_media":7718,"template":"","meta":[],"product_cat":[599],"product_tag":[673,460,674,603],"yoast_head":"<!-- This site is optimized with the Yoast SEO plugin v19.1 - https:\/\/yoast.com\/wordpress\/plugins\/seo\/ -->\n<title>Reserva ahora - Surf en Playa Las Americas - Tip and Trips<\/title>\n<meta name=\"description\" content=\"Surf en Playa Las Am\u00e9ricas es el mejor lugar para surfear en Tenerife. \u00a1Tambi\u00e9n tenemos tablas de surf adaptadas! \u00bfEst\u00e1s preparado?\" \/>\n<meta name=\"robots\" content=\"index, follow, max-snippet:-1, max-image-preview:large, max-video-preview:-1\" \/>\n<link rel=\"canonical\" href=\"https:\/\/tipandtrips.es\/es\/producto\/reserva-ahora-surf-en-playa-las-americas\/\" \/>\n<meta property=\"og:locale\" content=\"es_ES\" \/>\n<meta property=\"og:type\" content=\"article\" \/>\n<meta property=\"og:title\" content=\"Reserva ahora - Surf en Playa Las Americas - Tip and Trips\" \/>\n<meta property=\"og:description\" content=\"Surf en Playa Las Am\u00e9ricas es el mejor lugar para surfear en Tenerife. \u00a1Tambi\u00e9n tenemos tablas de surf adaptadas! \u00bfEst\u00e1s preparado?\" \/>\n<meta property=\"og:url\" content=\"https:\/\/tipandtrips.es\/es\/producto\/reserva-ahora-surf-en-playa-las-americas\/\" \/>\n<meta property=\"og:site_name\" content=\"Tip and Trips\" \/>\n<meta property=\"article:modified_time\" content=\"2021-09-27T11:37:31+00:00\" \/>\n<meta property=\"og:image\" content=\"https:\/\/tipandtrips.es\/wp-content\/uploads\/2021\/09\/kontrolas.jpg\" \/>\n\t<meta property=\"og:image:width\" content=\"1700\" \/>\n\t<meta property=\"og:image:height\" content=\"1130\" \/>\n\t<meta property=\"og:image:type\" content=\"image\/jpeg\" \/>\n<meta name=\"twitter:card\" content=\"summary_large_image\" \/>\n<script type=\"application\/ld+json\" class=\"yoast-schema-graph\">{\"@context\":\"https:\/\/schema.org\",\"@graph\":[{\"@type\":\"Organization\",\"@id\":\"https:\/\/tipandtrips.es\/#organization\",\"name\":\"Tip And Trips\",\"url\":\"https:\/\/tipandtrips.es\/\",\"sameAs\":[],\"logo\":{\"@type\":\"ImageObject\",\"inLanguage\":\"es\",\"@id\":\"https:\/\/tipandtrips.es\/#\/schema\/logo\/image\/\",\"url\":\"https:\/\/tipandtrips.es\/wp-content\/uploads\/2021\/02\/TipTrips_Web_trans.png\",\"contentUrl\":\"https:\/\/tipandtrips.es\/wp-content\/uploads\/2021\/02\/TipTrips_Web_trans.png\",\"width\":3763,\"height\":1998,\"caption\":\"Tip And Trips\"},\"image\":{\"@id\":\"https:\/\/tipandtrips.es\/#\/schema\/logo\/image\/\"}},{\"@type\":\"WebSite\",\"@id\":\"https:\/\/tipandtrips.es\/#website\",\"url\":\"https:\/\/tipandtrips.es\/\",\"name\":\"Tip and Trips\",\"description\":\"Actividades y excursiones en las Islas Canarias\",\"publisher\":{\"@id\":\"https:\/\/tipandtrips.es\/#organization\"},\"potentialAction\":[{\"@type\":\"SearchAction\",\"target\":{\"@type\":\"EntryPoint\",\"urlTemplate\":\"https:\/\/tipandtrips.es\/?s={search_term_string}\"},\"query-input\":\"required name=search_term_string\"}],\"inLanguage\":\"es\"},{\"@type\":\"ImageObject\",\"inLanguage\":\"es\",\"@id\":\"https:\/\/tipandtrips.es\/es\/producto\/reserva-ahora-surf-en-playa-las-americas\/#primaryimage\",\"url\":\"https:\/\/tipandtrips.es\/wp-content\/uploads\/2021\/09\/kontrolas.jpg\",\"contentUrl\":\"https:\/\/tipandtrips.es\/wp-content\/uploads\/2021\/09\/kontrolas.jpg\",\"width\":1700,\"height\":1130},{\"@type\":\"WebPage\",\"@id\":\"https:\/\/tipandtrips.es\/es\/producto\/reserva-ahora-surf-en-playa-las-americas\/#webpage\",\"url\":\"https:\/\/tipandtrips.es\/es\/producto\/reserva-ahora-surf-en-playa-las-americas\/\",\"name\":\"Reserva ahora - Surf en Playa Las Americas - Tip and Trips\",\"isPartOf\":{\"@id\":\"https:\/\/tipandtrips.es\/#website\"},\"primaryImageOfPage\":{\"@id\":\"https:\/\/tipandtrips.es\/es\/producto\/reserva-ahora-surf-en-playa-las-americas\/#primaryimage\"},\"datePublished\":\"2021-09-27T11:40:36+00:00\",\"dateModified\":\"2021-09-27T11:37:31+00:00\",\"description\":\"Surf en Playa Las Am\u00e9ricas es el mejor lugar para surfear en Tenerife. \u00a1Tambi\u00e9n tenemos tablas de surf adaptadas! \u00bfEst\u00e1s preparado?\",\"breadcrumb\":{\"@id\":\"https:\/\/tipandtrips.es\/es\/producto\/reserva-ahora-surf-en-playa-las-americas\/#breadcrumb\"},\"inLanguage\":\"es\",\"potentialAction\":[{\"@type\":\"ReadAction\",\"target\":[\"https:\/\/tipandtrips.es\/es\/producto\/reserva-ahora-surf-en-playa-las-americas\/\"]}]},{\"@type\":\"BreadcrumbList\",\"@id\":\"https:\/\/tipandtrips.es\/es\/producto\/reserva-ahora-surf-en-playa-las-americas\/#breadcrumb\",\"itemListElement\":[{\"@type\":\"ListItem\",\"position\":1,\"name\":\"Portada\",\"item\":\"https:\/\/tipandtrips.es\/es\/\"},{\"@type\":\"ListItem\",\"position\":2,\"name\":\"Tienda\",\"item\":\"https:\/\/tipandtrips.es\/es\/tienda\/\"},{\"@type\":\"ListItem\",\"position\":3,\"name\":\"Reserva ahora &#8211; Surf en Playa Las Americas\"}]}]}<\/script>\n<!-- \/ Yoast SEO plugin. -->","yoast_head_json":{"title":"Reserva ahora - Surf en Playa Las Americas - Tip and Trips","description":"Surf en Playa Las Am\u00e9ricas es el mejor lugar para surfear en Tenerife. \u00a1Tambi\u00e9n tenemos tablas de surf adaptadas! \u00bfEst\u00e1s preparado?","robots":{"index":"index","follow":"follow","max-snippet":"max-snippet:-1","max-image-preview":"max-image-preview:large","max-video-preview":"max-video-preview:-1"},"canonical":"https:\/\/tipandtrips.es\/es\/producto\/reserva-ahora-surf-en-playa-las-americas\/","og_locale":"es_ES","og_type":"article","og_title":"Reserva ahora - Surf en Playa Las Americas - Tip and Trips","og_description":"Surf en Playa Las Am\u00e9ricas es el mejor lugar para surfear en Tenerife. \u00a1Tambi\u00e9n tenemos tablas de surf adaptadas! \u00bfEst\u00e1s preparado?","og_url":"https:\/\/tipandtrips.es\/es\/producto\/reserva-ahora-surf-en-playa-las-americas\/","og_site_name":"Tip and Trips","article_modified_time":"2021-09-27T11:37:31+00:00","og_image":[{"width":1700,"height":1130,"url":"https:\/\/tipandtrips.es\/wp-content\/uploads\/2021\/09\/kontrolas.jpg","type":"image\/jpeg"}],"twitter_card":"summary_large_image","schema":{"@context":"https:\/\/schema.org","@graph":[{"@type":"Organization","@id":"https:\/\/tipandtrips.es\/#organization","name":"Tip And Trips","url":"https:\/\/tipandtrips.es\/","sameAs":[],"logo":{"@type":"ImageObject","inLanguage":"es","@id":"https:\/\/tipandtrips.es\/#\/schema\/logo\/image\/","url":"https:\/\/tipandtrips.es\/wp-content\/uploads\/2021\/02\/TipTrips_Web_trans.png","contentUrl":"https:\/\/tipandtrips.es\/wp-content\/uploads\/2021\/02\/TipTrips_Web_trans.png","width":3763,"height":1998,"caption":"Tip And Trips"},"image":{"@id":"https:\/\/tipandtrips.es\/#\/schema\/logo\/image\/"}},{"@type":"WebSite","@id":"https:\/\/tipandtrips.es\/#website","url":"https:\/\/tipandtrips.es\/","name":"Tip and Trips","description":"Actividades y excursiones en las Islas Canarias","publisher":{"@id":"https:\/\/tipandtrips.es\/#organization"},"potentialAction":[{"@type":"SearchAction","target":{"@type":"EntryPoint","urlTemplate":"https:\/\/tipandtrips.es\/?s={search_term_string}"},"query-input":"required name=search_term_string"}],"inLanguage":"es"},{"@type":"ImageObject","inLanguage":"es","@id":"https:\/\/tipandtrips.es\/es\/producto\/reserva-ahora-surf-en-playa-las-americas\/#primaryimage","url":"https:\/\/tipandtrips.es\/wp-content\/uploads\/2021\/09\/kontrolas.jpg","contentUrl":"https:\/\/tipandtrips.es\/wp-content\/uploads\/2021\/09\/kontrolas.jpg","width":1700,"height":1130},{"@type":"WebPage","@id":"https:\/\/tipandtrips.es\/es\/producto\/reserva-ahora-surf-en-playa-las-americas\/#webpage","url":"https:\/\/tipandtrips.es\/es\/producto\/reserva-ahora-surf-en-playa-las-americas\/","name":"Reserva ahora - Surf en Playa Las Americas - Tip and Trips","isPartOf":{"@id":"https:\/\/tipandtrips.es\/#website"},"primaryImageOfPage":{"@id":"https:\/\/tipandtrips.es\/es\/producto\/reserva-ahora-surf-en-playa-las-americas\/#primaryimage"},"datePublished":"2021-09-27T11:40:36+00:00","dateModified":"2021-09-27T11:37:31+00:00","description":"Surf en Playa Las Am\u00e9ricas es el mejor lugar para surfear en Tenerife. \u00a1Tambi\u00e9n tenemos tablas de surf adaptadas! \u00bfEst\u00e1s preparado?","breadcrumb":{"@id":"https:\/\/tipandtrips.es\/es\/producto\/reserva-ahora-surf-en-playa-las-americas\/#breadcrumb"},"inLanguage":"es","potentialAction":[{"@type":"ReadAction","target":["https:\/\/tipandtrips.es\/es\/producto\/reserva-ahora-surf-en-playa-las-americas\/"]}]},{"@type":"BreadcrumbList","@id":"https:\/\/tipandtrips.es\/es\/producto\/reserva-ahora-surf-en-playa-las-americas\/#breadcrumb","itemListElement":[{"@type":"ListItem","position":1,"name":"Portada","item":"https:\/\/tipandtrips.es\/es\/"},{"@type":"ListItem","position":2,"name":"Tienda","item":"https:\/\/tipandtrips.es\/es\/tienda\/"},{"@type":"ListItem","position":3,"name":"Reserva ahora &#8211; Surf en Playa Las Americas"}]}]}},"_links":{"self":[{"href":"https:\/\/tipandtrips.es\/es\/wp-json\/wp\/v2\/product\/7733"}],"collection":[{"href":"https:\/\/tipandtrips.es\/es\/wp-json\/wp\/v2\/product"}],"about":[{"href":"https:\/\/tipandtrips.es\/es\/wp-json\/wp\/v2\/types\/product"}],"wp:featuredmedia":[{"embeddable":true,"href":"https:\/\/tipandtrips.es\/es\/wp-json\/wp\/v2\/media\/7718"}],"wp:attachment":[{"href":"https:\/\/tipandtrips.es\/es\/wp-json\/wp\/v2\/media?parent=7733"}],"wp:term":[{"taxonomy":"product_cat","embeddable":true,"href":"https:\/\/tipandtrips.es\/es\/wp-json\/wp\/v2\/product_cat?post=7733"},{"taxonomy":"product_tag","embeddable":true,"href":"https:\/\/tipandtrips.es\/es\/wp-json\/wp\/v2\/product_tag?post=7733"}],"curies":[{"name":"wp","href":"https:\/\/api.w.org\/{rel}","templated":true}]}}