{"id":7791,"date":"2021-10-29T11:04:49","date_gmt":"2021-10-29T11:04:49","guid":{"rendered":"https:\/\/tipandtrips.es\/?post_type=product&#038;p=7791"},"modified":"2021-11-10T14:55:04","modified_gmt":"2021-11-10T14:55:04","slug":"reserva-multiaventura-tirolina-senderismo-vertical-escalada-espeleologia-y-rapel","status":"publish","type":"product","link":"https:\/\/tipandtrips.es\/es\/producto\/reserva-multiaventura-tirolina-senderismo-vertical-escalada-espeleologia-y-rapel\/","title":{"rendered":"Reserva &#8211; Multiaventura- Tirolina, senderismo vertical, escalada, espeleolog\u00eda y r\u00e1pel"},"content":{"rendered":"","protected":false},"excerpt":{"rendered":"<h2><span style=\"color: #00a499;\"><b>\u00bfPor qu\u00e9 hacer el pack multiaventura en Gran Canaria?\u00a0<\/b><\/span><\/h2>\n<p><span style=\"font-weight: 400;\">Si te gusta probar cosas nuevas y no te decides por cual te hemos preparado estos dos paquete de multiaventura en Gran Canaria para que no tengas que elegir una actividad. La \u00fanica condici\u00f3n es que te guste la adrenalina y ganas de pasarlo bien. Por un lado tenemos sencillo y por otro el completo. En los dos disfrutar\u00e1s de m\u00e1s de tres horas de adrenalina y diversi\u00f3n<\/span><\/p>\n<p style=\"text-align: center;\"><a href=\"https:\/\/tipandtrips.es\/wp-content\/uploads\/2021\/10\/DSC00751-2.jpg\"><img loading=\"lazy\" class=\"alignnone size-medium wp-image-7875\" src=\"https:\/\/tipandtrips.es\/wp-content\/uploads\/2021\/10\/DSC00751-2-300x200.jpg\" alt=\"\" width=\"300\" height=\"200\" srcset=\"https:\/\/tipandtrips.es\/wp-content\/uploads\/2021\/10\/DSC00751-2-300x200.jpg 300w, https:\/\/tipandtrips.es\/wp-content\/uploads\/2021\/10\/DSC00751-2-768x512.jpg 768w, https:\/\/tipandtrips.es\/wp-content\/uploads\/2021\/10\/DSC00751-2-600x400.jpg 600w, https:\/\/tipandtrips.es\/wp-content\/uploads\/2021\/10\/DSC00751-2.jpg 1024w\" sizes=\"(max-width: 300px) 100vw, 300px\" \/><\/a><\/p>\n<h2><span style=\"color: #00a499;\"><b>Tipos de paquetes:<\/b><\/span><\/h2>\n<h4><span style=\"color: #00a499;\"><strong>Reducida<\/strong><\/span><span style=\"font-weight: 400;\">\u00a0<\/span><\/h4>\n<p><span style=\"font-weight: 400;\">Este paquete esta dise\u00f1ado probar las principales actividades: tirolina, senderismo vertical y escalada. Durante tres horas disfruta de la naturaleza desde las alturas!<\/span><\/p>\n<h4><span style=\"color: #00a499;\"><strong>Completa<\/strong><\/span><\/h4>\n<p><span style=\"font-weight: 400;\">Si la reducida te parece poco no te preocupes que a\u00f1adimos m\u00e1s actividades y m\u00e1s horas! Adem\u00e1s de tirolinas, escala y senderismo vertical podr\u00e1s disfruta haciendo rapel y espeleolog\u00eda durante 5 horas<\/span><\/p>\n","protected":false},"featured_media":7877,"template":"","meta":[],"product_cat":[700],"product_tag":[689,701,690,691,702,703,454,704],"yoast_head":"<!-- This site is optimized with the Yoast SEO plugin v19.1 - https:\/\/yoast.com\/wordpress\/plugins\/seo\/ -->\n<title>Reserva - Multiaventura- Tirolina, senderismo vertical, escalada, espeleolog\u00eda y r\u00e1pel - Tip and Trips<\/title>\n<meta name=\"description\" content=\"Reserva - D\u00eda completo de multiaventura en Gran Canaria, con tirolina, senderismo vertical, escalada, espeleolog\u00eda, r\u00e1pel. Fotograf\u00edas incluidas.\" \/>\n<meta name=\"robots\" content=\"index, follow, max-snippet:-1, max-image-preview:large, max-video-preview:-1\" \/>\n<link rel=\"canonical\" href=\"https:\/\/tipandtrips.es\/es\/producto\/reserva-multiaventura-tirolina-senderismo-vertical-escalada-espeleologia-y-rapel\/\" \/>\n<meta property=\"og:locale\" content=\"es_ES\" \/>\n<meta property=\"og:type\" content=\"article\" \/>\n<meta property=\"og:title\" content=\"Reserva - Multiaventura- Tirolina, senderismo vertical, escalada, espeleolog\u00eda y r\u00e1pel - Tip and Trips\" \/>\n<meta property=\"og:description\" content=\"Reserva - D\u00eda completo de multiaventura en Gran Canaria, con tirolina, senderismo vertical, escalada, espeleolog\u00eda, r\u00e1pel. Fotograf\u00edas incluidas.\" \/>\n<meta property=\"og:url\" content=\"https:\/\/tipandtrips.es\/es\/producto\/reserva-multiaventura-tirolina-senderismo-vertical-escalada-espeleologia-y-rapel\/\" \/>\n<meta property=\"og:site_name\" content=\"Tip and Trips\" \/>\n<meta property=\"article:modified_time\" content=\"2021-11-10T14:55:04+00:00\" \/>\n<meta property=\"og:image\" content=\"https:\/\/tipandtrips.es\/wp-content\/uploads\/2021\/10\/DSC00849-2.jpg\" \/>\n\t<meta property=\"og:image:width\" content=\"1024\" \/>\n\t<meta property=\"og:image:height\" content=\"1535\" \/>\n\t<meta property=\"og:image:type\" content=\"image\/jpeg\" \/>\n<meta name=\"twitter:card\" content=\"summary_large_image\" \/>\n<script type=\"application\/ld+json\" class=\"yoast-schema-graph\">{\"@context\":\"https:\/\/schema.org\",\"@graph\":[{\"@type\":\"Organization\",\"@id\":\"https:\/\/tipandtrips.es\/#organization\",\"name\":\"Tip And Trips\",\"url\":\"https:\/\/tipandtrips.es\/\",\"sameAs\":[],\"logo\":{\"@type\":\"ImageObject\",\"inLanguage\":\"es\",\"@id\":\"https:\/\/tipandtrips.es\/#\/schema\/logo\/image\/\",\"url\":\"https:\/\/tipandtrips.es\/wp-content\/uploads\/2021\/02\/TipTrips_Web_trans.png\",\"contentUrl\":\"https:\/\/tipandtrips.es\/wp-content\/uploads\/2021\/02\/TipTrips_Web_trans.png\",\"width\":3763,\"height\":1998,\"caption\":\"Tip And Trips\"},\"image\":{\"@id\":\"https:\/\/tipandtrips.es\/#\/schema\/logo\/image\/\"}},{\"@type\":\"WebSite\",\"@id\":\"https:\/\/tipandtrips.es\/#website\",\"url\":\"https:\/\/tipandtrips.es\/\",\"name\":\"Tip and Trips\",\"description\":\"Actividades y excursiones en las Islas Canarias\",\"publisher\":{\"@id\":\"https:\/\/tipandtrips.es\/#organization\"},\"potentialAction\":[{\"@type\":\"SearchAction\",\"target\":{\"@type\":\"EntryPoint\",\"urlTemplate\":\"https:\/\/tipandtrips.es\/?s={search_term_string}\"},\"query-input\":\"required name=search_term_string\"}],\"inLanguage\":\"es\"},{\"@type\":\"ImageObject\",\"inLanguage\":\"es\",\"@id\":\"https:\/\/tipandtrips.es\/es\/producto\/reserva-multiaventura-tirolina-senderismo-vertical-escalada-espeleologia-y-rapel\/#primaryimage\",\"url\":\"https:\/\/tipandtrips.es\/wp-content\/uploads\/2021\/10\/DSC00849-2.jpg\",\"contentUrl\":\"https:\/\/tipandtrips.es\/wp-content\/uploads\/2021\/10\/DSC00849-2.jpg\",\"width\":1024,\"height\":1535},{\"@type\":\"WebPage\",\"@id\":\"https:\/\/tipandtrips.es\/es\/producto\/reserva-multiaventura-tirolina-senderismo-vertical-escalada-espeleologia-y-rapel\/#webpage\",\"url\":\"https:\/\/tipandtrips.es\/es\/producto\/reserva-multiaventura-tirolina-senderismo-vertical-escalada-espeleologia-y-rapel\/\",\"name\":\"Reserva - Multiaventura- Tirolina, senderismo vertical, escalada, espeleolog\u00eda y r\u00e1pel - Tip and Trips\",\"isPartOf\":{\"@id\":\"https:\/\/tipandtrips.es\/#website\"},\"primaryImageOfPage\":{\"@id\":\"https:\/\/tipandtrips.es\/es\/producto\/reserva-multiaventura-tirolina-senderismo-vertical-escalada-espeleologia-y-rapel\/#primaryimage\"},\"datePublished\":\"2021-10-29T11:04:49+00:00\",\"dateModified\":\"2021-11-10T14:55:04+00:00\",\"description\":\"Reserva - D\u00eda completo de multiaventura en Gran Canaria, con tirolina, senderismo vertical, escalada, espeleolog\u00eda, r\u00e1pel. Fotograf\u00edas incluidas.\",\"breadcrumb\":{\"@id\":\"https:\/\/tipandtrips.es\/es\/producto\/reserva-multiaventura-tirolina-senderismo-vertical-escalada-espeleologia-y-rapel\/#breadcrumb\"},\"inLanguage\":\"es\",\"potentialAction\":[{\"@type\":\"ReadAction\",\"target\":[\"https:\/\/tipandtrips.es\/es\/producto\/reserva-multiaventura-tirolina-senderismo-vertical-escalada-espeleologia-y-rapel\/\"]}]},{\"@type\":\"BreadcrumbList\",\"@id\":\"https:\/\/tipandtrips.es\/es\/producto\/reserva-multiaventura-tirolina-senderismo-vertical-escalada-espeleologia-y-rapel\/#breadcrumb\",\"itemListElement\":[{\"@type\":\"ListItem\",\"position\":1,\"name\":\"Portada\",\"item\":\"https:\/\/tipandtrips.es\/es\/\"},{\"@type\":\"ListItem\",\"position\":2,\"name\":\"Tienda\",\"item\":\"https:\/\/tipandtrips.es\/es\/tienda\/\"},{\"@type\":\"ListItem\",\"position\":3,\"name\":\"Reserva &#8211; Multiaventura- Tirolina, senderismo vertical, escalada, espeleolog\u00eda y r\u00e1pel\"}]}]}<\/script>\n<!-- \/ Yoast SEO plugin. -->","yoast_head_json":{"title":"Reserva - Multiaventura- Tirolina, senderismo vertical, escalada, espeleolog\u00eda y r\u00e1pel - Tip and Trips","description":"Reserva - D\u00eda completo de multiaventura en Gran Canaria, con tirolina, senderismo vertical, escalada, espeleolog\u00eda, r\u00e1pel. Fotograf\u00edas incluidas.","robots":{"index":"index","follow":"follow","max-snippet":"max-snippet:-1","max-image-preview":"max-image-preview:large","max-video-preview":"max-video-preview:-1"},"canonical":"https:\/\/tipandtrips.es\/es\/producto\/reserva-multiaventura-tirolina-senderismo-vertical-escalada-espeleologia-y-rapel\/","og_locale":"es_ES","og_type":"article","og_title":"Reserva - Multiaventura- Tirolina, senderismo vertical, escalada, espeleolog\u00eda y r\u00e1pel - Tip and Trips","og_description":"Reserva - D\u00eda completo de multiaventura en Gran Canaria, con tirolina, senderismo vertical, escalada, espeleolog\u00eda, r\u00e1pel. Fotograf\u00edas incluidas.","og_url":"https:\/\/tipandtrips.es\/es\/producto\/reserva-multiaventura-tirolina-senderismo-vertical-escalada-espeleologia-y-rapel\/","og_site_name":"Tip and Trips","article_modified_time":"2021-11-10T14:55:04+00:00","og_image":[{"width":1024,"height":1535,"url":"https:\/\/tipandtrips.es\/wp-content\/uploads\/2021\/10\/DSC00849-2.jpg","type":"image\/jpeg"}],"twitter_card":"summary_large_image","schema":{"@context":"https:\/\/schema.org","@graph":[{"@type":"Organization","@id":"https:\/\/tipandtrips.es\/#organization","name":"Tip And Trips","url":"https:\/\/tipandtrips.es\/","sameAs":[],"logo":{"@type":"ImageObject","inLanguage":"es","@id":"https:\/\/tipandtrips.es\/#\/schema\/logo\/image\/","url":"https:\/\/tipandtrips.es\/wp-content\/uploads\/2021\/02\/TipTrips_Web_trans.png","contentUrl":"https:\/\/tipandtrips.es\/wp-content\/uploads\/2021\/02\/TipTrips_Web_trans.png","width":3763,"height":1998,"caption":"Tip And Trips"},"image":{"@id":"https:\/\/tipandtrips.es\/#\/schema\/logo\/image\/"}},{"@type":"WebSite","@id":"https:\/\/tipandtrips.es\/#website","url":"https:\/\/tipandtrips.es\/","name":"Tip and Trips","description":"Actividades y excursiones en las Islas Canarias","publisher":{"@id":"https:\/\/tipandtrips.es\/#organization"},"potentialAction":[{"@type":"SearchAction","target":{"@type":"EntryPoint","urlTemplate":"https:\/\/tipandtrips.es\/?s={search_term_string}"},"query-input":"required name=search_term_string"}],"inLanguage":"es"},{"@type":"ImageObject","inLanguage":"es","@id":"https:\/\/tipandtrips.es\/es\/producto\/reserva-multiaventura-tirolina-senderismo-vertical-escalada-espeleologia-y-rapel\/#primaryimage","url":"https:\/\/tipandtrips.es\/wp-content\/uploads\/2021\/10\/DSC00849-2.jpg","contentUrl":"https:\/\/tipandtrips.es\/wp-content\/uploads\/2021\/10\/DSC00849-2.jpg","width":1024,"height":1535},{"@type":"WebPage","@id":"https:\/\/tipandtrips.es\/es\/producto\/reserva-multiaventura-tirolina-senderismo-vertical-escalada-espeleologia-y-rapel\/#webpage","url":"https:\/\/tipandtrips.es\/es\/producto\/reserva-multiaventura-tirolina-senderismo-vertical-escalada-espeleologia-y-rapel\/","name":"Reserva - Multiaventura- Tirolina, senderismo vertical, escalada, espeleolog\u00eda y r\u00e1pel - Tip and Trips","isPartOf":{"@id":"https:\/\/tipandtrips.es\/#website"},"primaryImageOfPage":{"@id":"https:\/\/tipandtrips.es\/es\/producto\/reserva-multiaventura-tirolina-senderismo-vertical-escalada-espeleologia-y-rapel\/#primaryimage"},"datePublished":"2021-10-29T11:04:49+00:00","dateModified":"2021-11-10T14:55:04+00:00","description":"Reserva - D\u00eda completo de multiaventura en Gran Canaria, con tirolina, senderismo vertical, escalada, espeleolog\u00eda, r\u00e1pel. Fotograf\u00edas incluidas.","breadcrumb":{"@id":"https:\/\/tipandtrips.es\/es\/producto\/reserva-multiaventura-tirolina-senderismo-vertical-escalada-espeleologia-y-rapel\/#breadcrumb"},"inLanguage":"es","potentialAction":[{"@type":"ReadAction","target":["https:\/\/tipandtrips.es\/es\/producto\/reserva-multiaventura-tirolina-senderismo-vertical-escalada-espeleologia-y-rapel\/"]}]},{"@type":"BreadcrumbList","@id":"https:\/\/tipandtrips.es\/es\/producto\/reserva-multiaventura-tirolina-senderismo-vertical-escalada-espeleologia-y-rapel\/#breadcrumb","itemListElement":[{"@type":"ListItem","position":1,"name":"Portada","item":"https:\/\/tipandtrips.es\/es\/"},{"@type":"ListItem","position":2,"name":"Tienda","item":"https:\/\/tipandtrips.es\/es\/tienda\/"},{"@type":"ListItem","position":3,"name":"Reserva &#8211; Multiaventura- Tirolina, senderismo vertical, escalada, espeleolog\u00eda y r\u00e1pel"}]}]}},"_links":{"self":[{"href":"https:\/\/tipandtrips.es\/es\/wp-json\/wp\/v2\/product\/7791"}],"collection":[{"href":"https:\/\/tipandtrips.es\/es\/wp-json\/wp\/v2\/product"}],"about":[{"href":"https:\/\/tipandtrips.es\/es\/wp-json\/wp\/v2\/types\/product"}],"wp:featuredmedia":[{"embeddable":true,"href":"https:\/\/tipandtrips.es\/es\/wp-json\/wp\/v2\/media\/7877"}],"wp:attachment":[{"href":"https:\/\/tipandtrips.es\/es\/wp-json\/wp\/v2\/media?parent=7791"}],"wp:term":[{"taxonomy":"product_cat","embeddable":true,"href":"https:\/\/tipandtrips.es\/es\/wp-json\/wp\/v2\/product_cat?post=7791"},{"taxonomy":"product_tag","embeddable":true,"href":"https:\/\/tipandtrips.es\/es\/wp-json\/wp\/v2\/product_tag?post=7791"}],"curies":[{"name":"wp","href":"https:\/\/api.w.org\/{rel}","templated":true}]}}