{"id":7845,"date":"2021-11-05T13:38:00","date_gmt":"2021-11-05T13:38:00","guid":{"rendered":"https:\/\/tipandtrips.es\/?post_type=product&#038;p=7845"},"modified":"2021-11-05T16:31:18","modified_gmt":"2021-11-05T16:31:18","slug":"reserva-parapente-principiantes","status":"publish","type":"product","link":"https:\/\/tipandtrips.es\/es\/producto\/reserva-parapente-principiantes\/","title":{"rendered":"Reserva &#8211; Parapente para principiantes en Tenerife"},"content":{"rendered":"","protected":false},"excerpt":{"rendered":"<h2><span style=\"color: #00a499;\"><b>\u00bfTe atreves a probar el parapente?\u00a0<\/b><\/span><\/h2>\n<p>Tenerife es especial por sus aguas cristalinas, eso ya lo sabemos. Pero, \u00bfy si descubrimos el cielo? Atr\u00e9vete a ver la isla desde un punto de vista completamente nuevo. Este salto es muy especial. Salto desde los 800 metros en Adeje, en el Sur de Tenerife.<strong><br \/>\n<\/strong><\/p>\n","protected":false},"featured_media":7849,"template":"","meta":[],"product_cat":[661],"product_tag":[584,460],"yoast_head":"<!-- This site is optimized with the Yoast SEO plugin v19.1 - https:\/\/yoast.com\/wordpress\/plugins\/seo\/ -->\n<title>Reserva - Parapente para principiantes en Tenerife - Tip and Trips<\/title>\n<meta name=\"description\" content=\"Parapente para principiantes. Una experiencia \u00fanica y diferente donde descubrir\u00e1s c\u00f3mo se sietes los pajaros.\" \/>\n<meta name=\"robots\" content=\"index, follow, max-snippet:-1, max-image-preview:large, max-video-preview:-1\" \/>\n<link rel=\"canonical\" href=\"https:\/\/tipandtrips.es\/es\/producto\/reserva-parapente-principiantes\/\" \/>\n<meta property=\"og:locale\" content=\"es_ES\" \/>\n<meta property=\"og:type\" content=\"article\" \/>\n<meta property=\"og:title\" content=\"Reserva - Parapente para principiantes en Tenerife - Tip and Trips\" \/>\n<meta property=\"og:description\" content=\"Parapente para principiantes. Una experiencia \u00fanica y diferente donde descubrir\u00e1s c\u00f3mo se sietes los pajaros.\" \/>\n<meta property=\"og:url\" content=\"https:\/\/tipandtrips.es\/es\/producto\/reserva-parapente-principiantes\/\" \/>\n<meta property=\"og:site_name\" content=\"Tip and Trips\" \/>\n<meta property=\"article:modified_time\" content=\"2021-11-05T16:31:18+00:00\" \/>\n<meta property=\"og:image\" content=\"https:\/\/tipandtrips.es\/wp-content\/uploads\/2021\/11\/Vuelo-ba\u0301sico_opt.jpg\" \/>\n\t<meta property=\"og:image:width\" content=\"500\" \/>\n\t<meta property=\"og:image:height\" content=\"281\" \/>\n\t<meta property=\"og:image:type\" content=\"image\/jpeg\" \/>\n<meta name=\"twitter:card\" content=\"summary_large_image\" \/>\n<script type=\"application\/ld+json\" class=\"yoast-schema-graph\">{\"@context\":\"https:\/\/schema.org\",\"@graph\":[{\"@type\":\"Organization\",\"@id\":\"https:\/\/tipandtrips.es\/#organization\",\"name\":\"Tip And Trips\",\"url\":\"https:\/\/tipandtrips.es\/\",\"sameAs\":[],\"logo\":{\"@type\":\"ImageObject\",\"inLanguage\":\"es\",\"@id\":\"https:\/\/tipandtrips.es\/#\/schema\/logo\/image\/\",\"url\":\"https:\/\/tipandtrips.es\/wp-content\/uploads\/2021\/02\/TipTrips_Web_trans.png\",\"contentUrl\":\"https:\/\/tipandtrips.es\/wp-content\/uploads\/2021\/02\/TipTrips_Web_trans.png\",\"width\":3763,\"height\":1998,\"caption\":\"Tip And Trips\"},\"image\":{\"@id\":\"https:\/\/tipandtrips.es\/#\/schema\/logo\/image\/\"}},{\"@type\":\"WebSite\",\"@id\":\"https:\/\/tipandtrips.es\/#website\",\"url\":\"https:\/\/tipandtrips.es\/\",\"name\":\"Tip and Trips\",\"description\":\"Actividades y excursiones en las Islas Canarias\",\"publisher\":{\"@id\":\"https:\/\/tipandtrips.es\/#organization\"},\"potentialAction\":[{\"@type\":\"SearchAction\",\"target\":{\"@type\":\"EntryPoint\",\"urlTemplate\":\"https:\/\/tipandtrips.es\/?s={search_term_string}\"},\"query-input\":\"required name=search_term_string\"}],\"inLanguage\":\"es\"},{\"@type\":\"ImageObject\",\"inLanguage\":\"es\",\"@id\":\"https:\/\/tipandtrips.es\/es\/producto\/reserva-parapente-principiantes\/#primaryimage\",\"url\":\"https:\/\/tipandtrips.es\/wp-content\/uploads\/2021\/11\/Vuelo-ba\u0301sico_opt.jpg\",\"contentUrl\":\"https:\/\/tipandtrips.es\/wp-content\/uploads\/2021\/11\/Vuelo-ba\u0301sico_opt.jpg\",\"width\":500,\"height\":281},{\"@type\":\"WebPage\",\"@id\":\"https:\/\/tipandtrips.es\/es\/producto\/reserva-parapente-principiantes\/#webpage\",\"url\":\"https:\/\/tipandtrips.es\/es\/producto\/reserva-parapente-principiantes\/\",\"name\":\"Reserva - Parapente para principiantes en Tenerife - Tip and Trips\",\"isPartOf\":{\"@id\":\"https:\/\/tipandtrips.es\/#website\"},\"primaryImageOfPage\":{\"@id\":\"https:\/\/tipandtrips.es\/es\/producto\/reserva-parapente-principiantes\/#primaryimage\"},\"datePublished\":\"2021-11-05T13:38:00+00:00\",\"dateModified\":\"2021-11-05T16:31:18+00:00\",\"description\":\"Parapente para principiantes. Una experiencia \u00fanica y diferente donde descubrir\u00e1s c\u00f3mo se sietes los pajaros.\",\"breadcrumb\":{\"@id\":\"https:\/\/tipandtrips.es\/es\/producto\/reserva-parapente-principiantes\/#breadcrumb\"},\"inLanguage\":\"es\",\"potentialAction\":[{\"@type\":\"ReadAction\",\"target\":[\"https:\/\/tipandtrips.es\/es\/producto\/reserva-parapente-principiantes\/\"]}]},{\"@type\":\"BreadcrumbList\",\"@id\":\"https:\/\/tipandtrips.es\/es\/producto\/reserva-parapente-principiantes\/#breadcrumb\",\"itemListElement\":[{\"@type\":\"ListItem\",\"position\":1,\"name\":\"Portada\",\"item\":\"https:\/\/tipandtrips.es\/es\/\"},{\"@type\":\"ListItem\",\"position\":2,\"name\":\"Tienda\",\"item\":\"https:\/\/tipandtrips.es\/es\/tienda\/\"},{\"@type\":\"ListItem\",\"position\":3,\"name\":\"Reserva &#8211; Parapente para principiantes en Tenerife\"}]}]}<\/script>\n<!-- \/ Yoast SEO plugin. -->","yoast_head_json":{"title":"Reserva - Parapente para principiantes en Tenerife - Tip and Trips","description":"Parapente para principiantes. Una experiencia \u00fanica y diferente donde descubrir\u00e1s c\u00f3mo se sietes los pajaros.","robots":{"index":"index","follow":"follow","max-snippet":"max-snippet:-1","max-image-preview":"max-image-preview:large","max-video-preview":"max-video-preview:-1"},"canonical":"https:\/\/tipandtrips.es\/es\/producto\/reserva-parapente-principiantes\/","og_locale":"es_ES","og_type":"article","og_title":"Reserva - Parapente para principiantes en Tenerife - Tip and Trips","og_description":"Parapente para principiantes. Una experiencia \u00fanica y diferente donde descubrir\u00e1s c\u00f3mo se sietes los pajaros.","og_url":"https:\/\/tipandtrips.es\/es\/producto\/reserva-parapente-principiantes\/","og_site_name":"Tip and Trips","article_modified_time":"2021-11-05T16:31:18+00:00","og_image":[{"width":500,"height":281,"url":"https:\/\/tipandtrips.es\/wp-content\/uploads\/2021\/11\/Vuelo-ba\u0301sico_opt.jpg","type":"image\/jpeg"}],"twitter_card":"summary_large_image","schema":{"@context":"https:\/\/schema.org","@graph":[{"@type":"Organization","@id":"https:\/\/tipandtrips.es\/#organization","name":"Tip And Trips","url":"https:\/\/tipandtrips.es\/","sameAs":[],"logo":{"@type":"ImageObject","inLanguage":"es","@id":"https:\/\/tipandtrips.es\/#\/schema\/logo\/image\/","url":"https:\/\/tipandtrips.es\/wp-content\/uploads\/2021\/02\/TipTrips_Web_trans.png","contentUrl":"https:\/\/tipandtrips.es\/wp-content\/uploads\/2021\/02\/TipTrips_Web_trans.png","width":3763,"height":1998,"caption":"Tip And Trips"},"image":{"@id":"https:\/\/tipandtrips.es\/#\/schema\/logo\/image\/"}},{"@type":"WebSite","@id":"https:\/\/tipandtrips.es\/#website","url":"https:\/\/tipandtrips.es\/","name":"Tip and Trips","description":"Actividades y excursiones en las Islas Canarias","publisher":{"@id":"https:\/\/tipandtrips.es\/#organization"},"potentialAction":[{"@type":"SearchAction","target":{"@type":"EntryPoint","urlTemplate":"https:\/\/tipandtrips.es\/?s={search_term_string}"},"query-input":"required name=search_term_string"}],"inLanguage":"es"},{"@type":"ImageObject","inLanguage":"es","@id":"https:\/\/tipandtrips.es\/es\/producto\/reserva-parapente-principiantes\/#primaryimage","url":"https:\/\/tipandtrips.es\/wp-content\/uploads\/2021\/11\/Vuelo-ba\u0301sico_opt.jpg","contentUrl":"https:\/\/tipandtrips.es\/wp-content\/uploads\/2021\/11\/Vuelo-ba\u0301sico_opt.jpg","width":500,"height":281},{"@type":"WebPage","@id":"https:\/\/tipandtrips.es\/es\/producto\/reserva-parapente-principiantes\/#webpage","url":"https:\/\/tipandtrips.es\/es\/producto\/reserva-parapente-principiantes\/","name":"Reserva - Parapente para principiantes en Tenerife - Tip and Trips","isPartOf":{"@id":"https:\/\/tipandtrips.es\/#website"},"primaryImageOfPage":{"@id":"https:\/\/tipandtrips.es\/es\/producto\/reserva-parapente-principiantes\/#primaryimage"},"datePublished":"2021-11-05T13:38:00+00:00","dateModified":"2021-11-05T16:31:18+00:00","description":"Parapente para principiantes. Una experiencia \u00fanica y diferente donde descubrir\u00e1s c\u00f3mo se sietes los pajaros.","breadcrumb":{"@id":"https:\/\/tipandtrips.es\/es\/producto\/reserva-parapente-principiantes\/#breadcrumb"},"inLanguage":"es","potentialAction":[{"@type":"ReadAction","target":["https:\/\/tipandtrips.es\/es\/producto\/reserva-parapente-principiantes\/"]}]},{"@type":"BreadcrumbList","@id":"https:\/\/tipandtrips.es\/es\/producto\/reserva-parapente-principiantes\/#breadcrumb","itemListElement":[{"@type":"ListItem","position":1,"name":"Portada","item":"https:\/\/tipandtrips.es\/es\/"},{"@type":"ListItem","position":2,"name":"Tienda","item":"https:\/\/tipandtrips.es\/es\/tienda\/"},{"@type":"ListItem","position":3,"name":"Reserva &#8211; Parapente para principiantes en Tenerife"}]}]}},"_links":{"self":[{"href":"https:\/\/tipandtrips.es\/es\/wp-json\/wp\/v2\/product\/7845"}],"collection":[{"href":"https:\/\/tipandtrips.es\/es\/wp-json\/wp\/v2\/product"}],"about":[{"href":"https:\/\/tipandtrips.es\/es\/wp-json\/wp\/v2\/types\/product"}],"wp:featuredmedia":[{"embeddable":true,"href":"https:\/\/tipandtrips.es\/es\/wp-json\/wp\/v2\/media\/7849"}],"wp:attachment":[{"href":"https:\/\/tipandtrips.es\/es\/wp-json\/wp\/v2\/media?parent=7845"}],"wp:term":[{"taxonomy":"product_cat","embeddable":true,"href":"https:\/\/tipandtrips.es\/es\/wp-json\/wp\/v2\/product_cat?post=7845"},{"taxonomy":"product_tag","embeddable":true,"href":"https:\/\/tipandtrips.es\/es\/wp-json\/wp\/v2\/product_tag?post=7845"}],"curies":[{"name":"wp","href":"https:\/\/api.w.org\/{rel}","templated":true}]}}