{"id":7897,"date":"2021-11-12T08:52:33","date_gmt":"2021-11-12T08:52:33","guid":{"rendered":"https:\/\/tipandtrips.es\/?post_type=product&#038;p=7897"},"modified":"2023-02-06T12:14:59","modified_gmt":"2023-02-06T12:14:59","slug":"reserva-barranquismo-en-gran-canaria","status":"publish","type":"product","link":"https:\/\/tipandtrips.es\/es\/producto\/reserva-barranquismo-en-gran-canaria\/","title":{"rendered":"Reserva &#8211; Barranquismo en Gran Canaria"},"content":{"rendered":"","protected":false},"excerpt":{"rendered":"<h2><span style=\"color: #00a499;\"><b>Tipos de niveles para hacer barranquismo en Gran Canaria:<\/b><\/span><\/h2>\n<p><span style=\"font-weight: 400;\">En todos los niveles est\u00e1 incluido: Todo el material espec\u00edfico de la actividad: Gu\u00edas titulados,\u00a0 seguro de RC y ACC,\u00a0 reportaje fotogr\u00e1fico, barrita de chocolate\/muesli, botella de agua individual.<\/span><\/p>\n<h3><span style=\"font-weight: 400; color: #00a499;\">Principiante<\/span><\/h3>\n<p><span style=\"font-weight: 400;\">\u00bfNo has cogido nunca una cuerda pero quieres probar que se siente descendiendo por las pareces? Este es tu sitio. Un barranco seco que tiene como finalidad conseguir la t\u00e9cnica del r\u00e1pel para bajar el barranco. Una primera toma de contacto con este deporte de aventura y naturaleza, acompa\u00f1ado por nuestros gu\u00edas en todo momento. Duraci\u00f3n 2:30 &#8211; 3 horas.<\/span><\/p>\n<h3><span style=\"font-weight: 400; color: #00a499;\">Intermedio<\/span><\/h3>\n<p><span style=\"font-weight: 400;\">Descubre las diferentes paredes de m\u00e1s de 20 metros de altura, r\u00e1pel sin pared (denominado r\u00e1pel volao), destrepes, senderos que te dejar\u00e1n sin habla, cuevas, galer\u00edas y mucho m\u00e1s. Una actividad llena de aventura y adrenalina entre la naturaleza. Se requiere buena condici\u00f3n f\u00edsica y ganas de pasarlo incre\u00edble. Duraci\u00f3n 3:30 &#8211; 4 horas<\/span><\/p>\n<h3><span style=\"font-weight: 400; color: #00a499;\">Acu\u00e1tico<\/span><\/h3>\n<p><span style=\"font-weight: 400;\">Barrancos acu\u00e1ticos con puros saltos, toboganes y r\u00e1peles. En definitiva \u00a1un parque acu\u00e1tico natural! Una actividad para todos los p\u00fablicos que tiene como finalidad pasar un rato mojado y disfrutar de la naturaleza en su m\u00e1s \u00edntima esencia. Duraci\u00f3n 3:30 &#8211; 4 horas<\/span><\/p>\n","protected":false},"featured_media":9014,"template":"","meta":[],"product_cat":[709],"product_tag":[584,710,690,691],"yoast_head":"<!-- This site is optimized with the Yoast SEO plugin v19.1 - https:\/\/yoast.com\/wordpress\/plugins\/seo\/ -->\n<title>Reserva - Barranquismo en Gran Canaria - Tip and Trips<\/title>\n<meta name=\"description\" content=\"Reserva - Barranquismo en Gran Canaria. Disfruta de un d\u00eda divertido con un poco de adrenalina, todo ello en un paisaje volc\u00e1nico.\" \/>\n<meta name=\"robots\" content=\"index, follow, max-snippet:-1, max-image-preview:large, max-video-preview:-1\" \/>\n<link rel=\"canonical\" href=\"https:\/\/tipandtrips.es\/es\/producto\/reserva-barranquismo-en-gran-canaria\/\" \/>\n<meta property=\"og:locale\" content=\"es_ES\" \/>\n<meta property=\"og:type\" content=\"article\" \/>\n<meta property=\"og:title\" content=\"Reserva - Barranquismo en Gran Canaria - Tip and Trips\" \/>\n<meta property=\"og:description\" content=\"Reserva - Barranquismo en Gran Canaria. Disfruta de un d\u00eda divertido con un poco de adrenalina, todo ello en un paisaje volc\u00e1nico.\" \/>\n<meta property=\"og:url\" content=\"https:\/\/tipandtrips.es\/es\/producto\/reserva-barranquismo-en-gran-canaria\/\" \/>\n<meta property=\"og:site_name\" content=\"Tip and Trips\" \/>\n<meta property=\"article:modified_time\" content=\"2023-02-06T12:14:59+00:00\" \/>\n<meta property=\"og:image\" content=\"https:\/\/tipandtrips.es\/wp-content\/uploads\/2021\/11\/barranquismo-2.jpg\" \/>\n\t<meta property=\"og:image:width\" content=\"365\" \/>\n\t<meta property=\"og:image:height\" content=\"464\" \/>\n\t<meta property=\"og:image:type\" content=\"image\/jpeg\" \/>\n<meta name=\"twitter:card\" content=\"summary_large_image\" \/>\n<script type=\"application\/ld+json\" class=\"yoast-schema-graph\">{\"@context\":\"https:\/\/schema.org\",\"@graph\":[{\"@type\":\"Organization\",\"@id\":\"https:\/\/tipandtrips.es\/#organization\",\"name\":\"Tip And Trips\",\"url\":\"https:\/\/tipandtrips.es\/\",\"sameAs\":[],\"logo\":{\"@type\":\"ImageObject\",\"inLanguage\":\"es\",\"@id\":\"https:\/\/tipandtrips.es\/#\/schema\/logo\/image\/\",\"url\":\"https:\/\/tipandtrips.es\/wp-content\/uploads\/2021\/02\/TipTrips_Web_trans.png\",\"contentUrl\":\"https:\/\/tipandtrips.es\/wp-content\/uploads\/2021\/02\/TipTrips_Web_trans.png\",\"width\":3763,\"height\":1998,\"caption\":\"Tip And Trips\"},\"image\":{\"@id\":\"https:\/\/tipandtrips.es\/#\/schema\/logo\/image\/\"}},{\"@type\":\"WebSite\",\"@id\":\"https:\/\/tipandtrips.es\/#website\",\"url\":\"https:\/\/tipandtrips.es\/\",\"name\":\"Tip and Trips\",\"description\":\"Actividades y excursiones en las Islas Canarias\",\"publisher\":{\"@id\":\"https:\/\/tipandtrips.es\/#organization\"},\"potentialAction\":[{\"@type\":\"SearchAction\",\"target\":{\"@type\":\"EntryPoint\",\"urlTemplate\":\"https:\/\/tipandtrips.es\/?s={search_term_string}\"},\"query-input\":\"required name=search_term_string\"}],\"inLanguage\":\"es\"},{\"@type\":\"ImageObject\",\"inLanguage\":\"es\",\"@id\":\"https:\/\/tipandtrips.es\/es\/producto\/reserva-barranquismo-en-gran-canaria\/#primaryimage\",\"url\":\"https:\/\/tipandtrips.es\/wp-content\/uploads\/2021\/11\/barranquismo-2.jpg\",\"contentUrl\":\"https:\/\/tipandtrips.es\/wp-content\/uploads\/2021\/11\/barranquismo-2.jpg\",\"width\":365,\"height\":464,\"caption\":\"water canyoning like via ferrata\"},{\"@type\":\"WebPage\",\"@id\":\"https:\/\/tipandtrips.es\/es\/producto\/reserva-barranquismo-en-gran-canaria\/#webpage\",\"url\":\"https:\/\/tipandtrips.es\/es\/producto\/reserva-barranquismo-en-gran-canaria\/\",\"name\":\"Reserva - Barranquismo en Gran Canaria - Tip and Trips\",\"isPartOf\":{\"@id\":\"https:\/\/tipandtrips.es\/#website\"},\"primaryImageOfPage\":{\"@id\":\"https:\/\/tipandtrips.es\/es\/producto\/reserva-barranquismo-en-gran-canaria\/#primaryimage\"},\"datePublished\":\"2021-11-12T08:52:33+00:00\",\"dateModified\":\"2023-02-06T12:14:59+00:00\",\"description\":\"Reserva - Barranquismo en Gran Canaria. Disfruta de un d\u00eda divertido con un poco de adrenalina, todo ello en un paisaje volc\u00e1nico.\",\"breadcrumb\":{\"@id\":\"https:\/\/tipandtrips.es\/es\/producto\/reserva-barranquismo-en-gran-canaria\/#breadcrumb\"},\"inLanguage\":\"es\",\"potentialAction\":[{\"@type\":\"ReadAction\",\"target\":[\"https:\/\/tipandtrips.es\/es\/producto\/reserva-barranquismo-en-gran-canaria\/\"]}]},{\"@type\":\"BreadcrumbList\",\"@id\":\"https:\/\/tipandtrips.es\/es\/producto\/reserva-barranquismo-en-gran-canaria\/#breadcrumb\",\"itemListElement\":[{\"@type\":\"ListItem\",\"position\":1,\"name\":\"Portada\",\"item\":\"https:\/\/tipandtrips.es\/es\/\"},{\"@type\":\"ListItem\",\"position\":2,\"name\":\"Tienda\",\"item\":\"https:\/\/tipandtrips.es\/es\/tienda\/\"},{\"@type\":\"ListItem\",\"position\":3,\"name\":\"Reserva &#8211; Barranquismo en Gran Canaria\"}]}]}<\/script>\n<!-- \/ Yoast SEO plugin. -->","yoast_head_json":{"title":"Reserva - Barranquismo en Gran Canaria - Tip and Trips","description":"Reserva - Barranquismo en Gran Canaria. Disfruta de un d\u00eda divertido con un poco de adrenalina, todo ello en un paisaje volc\u00e1nico.","robots":{"index":"index","follow":"follow","max-snippet":"max-snippet:-1","max-image-preview":"max-image-preview:large","max-video-preview":"max-video-preview:-1"},"canonical":"https:\/\/tipandtrips.es\/es\/producto\/reserva-barranquismo-en-gran-canaria\/","og_locale":"es_ES","og_type":"article","og_title":"Reserva - Barranquismo en Gran Canaria - Tip and Trips","og_description":"Reserva - Barranquismo en Gran Canaria. Disfruta de un d\u00eda divertido con un poco de adrenalina, todo ello en un paisaje volc\u00e1nico.","og_url":"https:\/\/tipandtrips.es\/es\/producto\/reserva-barranquismo-en-gran-canaria\/","og_site_name":"Tip and Trips","article_modified_time":"2023-02-06T12:14:59+00:00","og_image":[{"width":365,"height":464,"url":"https:\/\/tipandtrips.es\/wp-content\/uploads\/2021\/11\/barranquismo-2.jpg","type":"image\/jpeg"}],"twitter_card":"summary_large_image","schema":{"@context":"https:\/\/schema.org","@graph":[{"@type":"Organization","@id":"https:\/\/tipandtrips.es\/#organization","name":"Tip And Trips","url":"https:\/\/tipandtrips.es\/","sameAs":[],"logo":{"@type":"ImageObject","inLanguage":"es","@id":"https:\/\/tipandtrips.es\/#\/schema\/logo\/image\/","url":"https:\/\/tipandtrips.es\/wp-content\/uploads\/2021\/02\/TipTrips_Web_trans.png","contentUrl":"https:\/\/tipandtrips.es\/wp-content\/uploads\/2021\/02\/TipTrips_Web_trans.png","width":3763,"height":1998,"caption":"Tip And Trips"},"image":{"@id":"https:\/\/tipandtrips.es\/#\/schema\/logo\/image\/"}},{"@type":"WebSite","@id":"https:\/\/tipandtrips.es\/#website","url":"https:\/\/tipandtrips.es\/","name":"Tip and Trips","description":"Actividades y excursiones en las Islas Canarias","publisher":{"@id":"https:\/\/tipandtrips.es\/#organization"},"potentialAction":[{"@type":"SearchAction","target":{"@type":"EntryPoint","urlTemplate":"https:\/\/tipandtrips.es\/?s={search_term_string}"},"query-input":"required name=search_term_string"}],"inLanguage":"es"},{"@type":"ImageObject","inLanguage":"es","@id":"https:\/\/tipandtrips.es\/es\/producto\/reserva-barranquismo-en-gran-canaria\/#primaryimage","url":"https:\/\/tipandtrips.es\/wp-content\/uploads\/2021\/11\/barranquismo-2.jpg","contentUrl":"https:\/\/tipandtrips.es\/wp-content\/uploads\/2021\/11\/barranquismo-2.jpg","width":365,"height":464,"caption":"water canyoning like via ferrata"},{"@type":"WebPage","@id":"https:\/\/tipandtrips.es\/es\/producto\/reserva-barranquismo-en-gran-canaria\/#webpage","url":"https:\/\/tipandtrips.es\/es\/producto\/reserva-barranquismo-en-gran-canaria\/","name":"Reserva - Barranquismo en Gran Canaria - Tip and Trips","isPartOf":{"@id":"https:\/\/tipandtrips.es\/#website"},"primaryImageOfPage":{"@id":"https:\/\/tipandtrips.es\/es\/producto\/reserva-barranquismo-en-gran-canaria\/#primaryimage"},"datePublished":"2021-11-12T08:52:33+00:00","dateModified":"2023-02-06T12:14:59+00:00","description":"Reserva - Barranquismo en Gran Canaria. Disfruta de un d\u00eda divertido con un poco de adrenalina, todo ello en un paisaje volc\u00e1nico.","breadcrumb":{"@id":"https:\/\/tipandtrips.es\/es\/producto\/reserva-barranquismo-en-gran-canaria\/#breadcrumb"},"inLanguage":"es","potentialAction":[{"@type":"ReadAction","target":["https:\/\/tipandtrips.es\/es\/producto\/reserva-barranquismo-en-gran-canaria\/"]}]},{"@type":"BreadcrumbList","@id":"https:\/\/tipandtrips.es\/es\/producto\/reserva-barranquismo-en-gran-canaria\/#breadcrumb","itemListElement":[{"@type":"ListItem","position":1,"name":"Portada","item":"https:\/\/tipandtrips.es\/es\/"},{"@type":"ListItem","position":2,"name":"Tienda","item":"https:\/\/tipandtrips.es\/es\/tienda\/"},{"@type":"ListItem","position":3,"name":"Reserva &#8211; Barranquismo en Gran Canaria"}]}]}},"_links":{"self":[{"href":"https:\/\/tipandtrips.es\/es\/wp-json\/wp\/v2\/product\/7897"}],"collection":[{"href":"https:\/\/tipandtrips.es\/es\/wp-json\/wp\/v2\/product"}],"about":[{"href":"https:\/\/tipandtrips.es\/es\/wp-json\/wp\/v2\/types\/product"}],"wp:featuredmedia":[{"embeddable":true,"href":"https:\/\/tipandtrips.es\/es\/wp-json\/wp\/v2\/media\/9014"}],"wp:attachment":[{"href":"https:\/\/tipandtrips.es\/es\/wp-json\/wp\/v2\/media?parent=7897"}],"wp:term":[{"taxonomy":"product_cat","embeddable":true,"href":"https:\/\/tipandtrips.es\/es\/wp-json\/wp\/v2\/product_cat?post=7897"},{"taxonomy":"product_tag","embeddable":true,"href":"https:\/\/tipandtrips.es\/es\/wp-json\/wp\/v2\/product_tag?post=7897"}],"curies":[{"name":"wp","href":"https:\/\/api.w.org\/{rel}","templated":true}]}}