{"id":7904,"date":"2021-11-12T11:01:57","date_gmt":"2021-11-12T11:01:57","guid":{"rendered":"https:\/\/tipandtrips.es\/?post_type=product&#038;p=7904"},"modified":"2023-02-13T12:09:11","modified_gmt":"2023-02-13T12:09:11","slug":"reserva-espelologia-en-cueva-grande-gran-canaria","status":"publish","type":"product","link":"https:\/\/tipandtrips.es\/es\/producto\/reserva-espelologia-en-cueva-grande-gran-canaria\/","title":{"rendered":"Reserva &#8211; Espelolog\u00eda en Cueva Grande &#8211; Gran Canaria"},"content":{"rendered":"","protected":false},"excerpt":{"rendered":"<p>Realizar la espeleolog\u00eda en Gran Canaria es descubrir la belleza del mundo subterr\u00e1neo de nuestra isla. Una actividad que nos acerca al coraz\u00f3n de las monta\u00f1as, donde observaremos las incre\u00edbles formaciones rocosas en una galer\u00eda de 100 metros. Un lugar id\u00edlico con una gran sala gigante que nos har\u00e1 ver lo peque\u00f1os que somos en el mundo.<\/p>\n<p>Esta actividad consiste en adentrarnos en lo m\u00e1s profundo de Gran Canaria, accediendo por cuevas y galer\u00edas, progresando con t\u00e9cnicas de cuerdas. Haremos, r\u00e1pel, ascenso por cuerdas y diferentes actividades que haremos que descubran Gran Canaria desde un punto de vista completamente desconocido.<\/p>\n<h3><span style=\"color: #ed8b00;\">Condiciones<\/span><\/h3>\n<p>\u2022 Coste de 55\u20ac pers.<br \/>\n\u2022 M\u00ednimo 2 personas y m\u00e1ximo 6.<br \/>\n\u2022 Duraci\u00f3n: 4h. Aprox.<\/p>\n","protected":false},"featured_media":9058,"template":"","meta":[],"product_cat":[718],"product_tag":[584,719,701,690,720],"yoast_head":"<!-- This site is optimized with the Yoast SEO plugin v19.1 - https:\/\/yoast.com\/wordpress\/plugins\/seo\/ -->\n<title>Reserva - Espelolog\u00eda en Cueva Grande - Gran Canaria - Tip and Trips<\/title>\n<meta name=\"description\" content=\"Reserva - Espeloelog\u00eda. Visita con nosotros la Cueva Grande de Gran Canaria. Con una galer\u00eda espectacular de 100m.\" \/>\n<meta name=\"robots\" content=\"index, follow, max-snippet:-1, max-image-preview:large, max-video-preview:-1\" \/>\n<link rel=\"canonical\" href=\"https:\/\/tipandtrips.es\/es\/producto\/reserva-espelologia-en-cueva-grande-gran-canaria\/\" \/>\n<meta property=\"og:locale\" content=\"es_ES\" \/>\n<meta property=\"og:type\" content=\"article\" \/>\n<meta property=\"og:title\" content=\"Reserva - Espelolog\u00eda en Cueva Grande - Gran Canaria - Tip and Trips\" \/>\n<meta property=\"og:description\" content=\"Reserva - Espeloelog\u00eda. Visita con nosotros la Cueva Grande de Gran Canaria. Con una galer\u00eda espectacular de 100m.\" \/>\n<meta property=\"og:url\" content=\"https:\/\/tipandtrips.es\/es\/producto\/reserva-espelologia-en-cueva-grande-gran-canaria\/\" \/>\n<meta property=\"og:site_name\" content=\"Tip and Trips\" \/>\n<meta property=\"article:modified_time\" content=\"2023-02-13T12:09:11+00:00\" \/>\n<meta property=\"og:image\" content=\"https:\/\/tipandtrips.es\/wp-content\/uploads\/2021\/11\/WhatsApp-Image-2023-01-19-at-08.08.23-2.jpeg\" \/>\n\t<meta property=\"og:image:width\" content=\"967\" \/>\n\t<meta property=\"og:image:height\" content=\"1450\" \/>\n\t<meta property=\"og:image:type\" content=\"image\/jpeg\" \/>\n<meta name=\"twitter:card\" content=\"summary_large_image\" \/>\n<script type=\"application\/ld+json\" class=\"yoast-schema-graph\">{\"@context\":\"https:\/\/schema.org\",\"@graph\":[{\"@type\":\"Organization\",\"@id\":\"https:\/\/tipandtrips.es\/#organization\",\"name\":\"Tip And Trips\",\"url\":\"https:\/\/tipandtrips.es\/\",\"sameAs\":[],\"logo\":{\"@type\":\"ImageObject\",\"inLanguage\":\"es\",\"@id\":\"https:\/\/tipandtrips.es\/#\/schema\/logo\/image\/\",\"url\":\"https:\/\/tipandtrips.es\/wp-content\/uploads\/2021\/02\/TipTrips_Web_trans.png\",\"contentUrl\":\"https:\/\/tipandtrips.es\/wp-content\/uploads\/2021\/02\/TipTrips_Web_trans.png\",\"width\":3763,\"height\":1998,\"caption\":\"Tip And Trips\"},\"image\":{\"@id\":\"https:\/\/tipandtrips.es\/#\/schema\/logo\/image\/\"}},{\"@type\":\"WebSite\",\"@id\":\"https:\/\/tipandtrips.es\/#website\",\"url\":\"https:\/\/tipandtrips.es\/\",\"name\":\"Tip and Trips\",\"description\":\"Actividades y excursiones en las Islas Canarias\",\"publisher\":{\"@id\":\"https:\/\/tipandtrips.es\/#organization\"},\"potentialAction\":[{\"@type\":\"SearchAction\",\"target\":{\"@type\":\"EntryPoint\",\"urlTemplate\":\"https:\/\/tipandtrips.es\/?s={search_term_string}\"},\"query-input\":\"required name=search_term_string\"}],\"inLanguage\":\"es\"},{\"@type\":\"ImageObject\",\"inLanguage\":\"es\",\"@id\":\"https:\/\/tipandtrips.es\/es\/producto\/reserva-espelologia-en-cueva-grande-gran-canaria\/#primaryimage\",\"url\":\"https:\/\/tipandtrips.es\/wp-content\/uploads\/2021\/11\/WhatsApp-Image-2023-01-19-at-08.08.23-2.jpeg\",\"contentUrl\":\"https:\/\/tipandtrips.es\/wp-content\/uploads\/2021\/11\/WhatsApp-Image-2023-01-19-at-08.08.23-2.jpeg\",\"width\":967,\"height\":1450,\"caption\":\"Caving\"},{\"@type\":\"WebPage\",\"@id\":\"https:\/\/tipandtrips.es\/es\/producto\/reserva-espelologia-en-cueva-grande-gran-canaria\/#webpage\",\"url\":\"https:\/\/tipandtrips.es\/es\/producto\/reserva-espelologia-en-cueva-grande-gran-canaria\/\",\"name\":\"Reserva - Espelolog\u00eda en Cueva Grande - Gran Canaria - Tip and Trips\",\"isPartOf\":{\"@id\":\"https:\/\/tipandtrips.es\/#website\"},\"primaryImageOfPage\":{\"@id\":\"https:\/\/tipandtrips.es\/es\/producto\/reserva-espelologia-en-cueva-grande-gran-canaria\/#primaryimage\"},\"datePublished\":\"2021-11-12T11:01:57+00:00\",\"dateModified\":\"2023-02-13T12:09:11+00:00\",\"description\":\"Reserva - Espeloelog\u00eda. Visita con nosotros la Cueva Grande de Gran Canaria. Con una galer\u00eda espectacular de 100m.\",\"breadcrumb\":{\"@id\":\"https:\/\/tipandtrips.es\/es\/producto\/reserva-espelologia-en-cueva-grande-gran-canaria\/#breadcrumb\"},\"inLanguage\":\"es\",\"potentialAction\":[{\"@type\":\"ReadAction\",\"target\":[\"https:\/\/tipandtrips.es\/es\/producto\/reserva-espelologia-en-cueva-grande-gran-canaria\/\"]}]},{\"@type\":\"BreadcrumbList\",\"@id\":\"https:\/\/tipandtrips.es\/es\/producto\/reserva-espelologia-en-cueva-grande-gran-canaria\/#breadcrumb\",\"itemListElement\":[{\"@type\":\"ListItem\",\"position\":1,\"name\":\"Portada\",\"item\":\"https:\/\/tipandtrips.es\/es\/\"},{\"@type\":\"ListItem\",\"position\":2,\"name\":\"Tienda\",\"item\":\"https:\/\/tipandtrips.es\/es\/tienda\/\"},{\"@type\":\"ListItem\",\"position\":3,\"name\":\"Reserva &#8211; Espelolog\u00eda en Cueva Grande &#8211; Gran Canaria\"}]}]}<\/script>\n<!-- \/ Yoast SEO plugin. -->","yoast_head_json":{"title":"Reserva - Espelolog\u00eda en Cueva Grande - Gran Canaria - Tip and Trips","description":"Reserva - Espeloelog\u00eda. Visita con nosotros la Cueva Grande de Gran Canaria. Con una galer\u00eda espectacular de 100m.","robots":{"index":"index","follow":"follow","max-snippet":"max-snippet:-1","max-image-preview":"max-image-preview:large","max-video-preview":"max-video-preview:-1"},"canonical":"https:\/\/tipandtrips.es\/es\/producto\/reserva-espelologia-en-cueva-grande-gran-canaria\/","og_locale":"es_ES","og_type":"article","og_title":"Reserva - Espelolog\u00eda en Cueva Grande - Gran Canaria - Tip and Trips","og_description":"Reserva - Espeloelog\u00eda. Visita con nosotros la Cueva Grande de Gran Canaria. Con una galer\u00eda espectacular de 100m.","og_url":"https:\/\/tipandtrips.es\/es\/producto\/reserva-espelologia-en-cueva-grande-gran-canaria\/","og_site_name":"Tip and Trips","article_modified_time":"2023-02-13T12:09:11+00:00","og_image":[{"width":967,"height":1450,"url":"https:\/\/tipandtrips.es\/wp-content\/uploads\/2021\/11\/WhatsApp-Image-2023-01-19-at-08.08.23-2.jpeg","type":"image\/jpeg"}],"twitter_card":"summary_large_image","schema":{"@context":"https:\/\/schema.org","@graph":[{"@type":"Organization","@id":"https:\/\/tipandtrips.es\/#organization","name":"Tip And Trips","url":"https:\/\/tipandtrips.es\/","sameAs":[],"logo":{"@type":"ImageObject","inLanguage":"es","@id":"https:\/\/tipandtrips.es\/#\/schema\/logo\/image\/","url":"https:\/\/tipandtrips.es\/wp-content\/uploads\/2021\/02\/TipTrips_Web_trans.png","contentUrl":"https:\/\/tipandtrips.es\/wp-content\/uploads\/2021\/02\/TipTrips_Web_trans.png","width":3763,"height":1998,"caption":"Tip And Trips"},"image":{"@id":"https:\/\/tipandtrips.es\/#\/schema\/logo\/image\/"}},{"@type":"WebSite","@id":"https:\/\/tipandtrips.es\/#website","url":"https:\/\/tipandtrips.es\/","name":"Tip and Trips","description":"Actividades y excursiones en las Islas Canarias","publisher":{"@id":"https:\/\/tipandtrips.es\/#organization"},"potentialAction":[{"@type":"SearchAction","target":{"@type":"EntryPoint","urlTemplate":"https:\/\/tipandtrips.es\/?s={search_term_string}"},"query-input":"required name=search_term_string"}],"inLanguage":"es"},{"@type":"ImageObject","inLanguage":"es","@id":"https:\/\/tipandtrips.es\/es\/producto\/reserva-espelologia-en-cueva-grande-gran-canaria\/#primaryimage","url":"https:\/\/tipandtrips.es\/wp-content\/uploads\/2021\/11\/WhatsApp-Image-2023-01-19-at-08.08.23-2.jpeg","contentUrl":"https:\/\/tipandtrips.es\/wp-content\/uploads\/2021\/11\/WhatsApp-Image-2023-01-19-at-08.08.23-2.jpeg","width":967,"height":1450,"caption":"Caving"},{"@type":"WebPage","@id":"https:\/\/tipandtrips.es\/es\/producto\/reserva-espelologia-en-cueva-grande-gran-canaria\/#webpage","url":"https:\/\/tipandtrips.es\/es\/producto\/reserva-espelologia-en-cueva-grande-gran-canaria\/","name":"Reserva - Espelolog\u00eda en Cueva Grande - Gran Canaria - Tip and Trips","isPartOf":{"@id":"https:\/\/tipandtrips.es\/#website"},"primaryImageOfPage":{"@id":"https:\/\/tipandtrips.es\/es\/producto\/reserva-espelologia-en-cueva-grande-gran-canaria\/#primaryimage"},"datePublished":"2021-11-12T11:01:57+00:00","dateModified":"2023-02-13T12:09:11+00:00","description":"Reserva - Espeloelog\u00eda. Visita con nosotros la Cueva Grande de Gran Canaria. Con una galer\u00eda espectacular de 100m.","breadcrumb":{"@id":"https:\/\/tipandtrips.es\/es\/producto\/reserva-espelologia-en-cueva-grande-gran-canaria\/#breadcrumb"},"inLanguage":"es","potentialAction":[{"@type":"ReadAction","target":["https:\/\/tipandtrips.es\/es\/producto\/reserva-espelologia-en-cueva-grande-gran-canaria\/"]}]},{"@type":"BreadcrumbList","@id":"https:\/\/tipandtrips.es\/es\/producto\/reserva-espelologia-en-cueva-grande-gran-canaria\/#breadcrumb","itemListElement":[{"@type":"ListItem","position":1,"name":"Portada","item":"https:\/\/tipandtrips.es\/es\/"},{"@type":"ListItem","position":2,"name":"Tienda","item":"https:\/\/tipandtrips.es\/es\/tienda\/"},{"@type":"ListItem","position":3,"name":"Reserva &#8211; Espelolog\u00eda en Cueva Grande &#8211; Gran Canaria"}]}]}},"_links":{"self":[{"href":"https:\/\/tipandtrips.es\/es\/wp-json\/wp\/v2\/product\/7904"}],"collection":[{"href":"https:\/\/tipandtrips.es\/es\/wp-json\/wp\/v2\/product"}],"about":[{"href":"https:\/\/tipandtrips.es\/es\/wp-json\/wp\/v2\/types\/product"}],"wp:featuredmedia":[{"embeddable":true,"href":"https:\/\/tipandtrips.es\/es\/wp-json\/wp\/v2\/media\/9058"}],"wp:attachment":[{"href":"https:\/\/tipandtrips.es\/es\/wp-json\/wp\/v2\/media?parent=7904"}],"wp:term":[{"taxonomy":"product_cat","embeddable":true,"href":"https:\/\/tipandtrips.es\/es\/wp-json\/wp\/v2\/product_cat?post=7904"},{"taxonomy":"product_tag","embeddable":true,"href":"https:\/\/tipandtrips.es\/es\/wp-json\/wp\/v2\/product_tag?post=7904"}],"curies":[{"name":"wp","href":"https:\/\/api.w.org\/{rel}","templated":true}]}}