{"id":8306,"date":"2022-09-23T08:17:57","date_gmt":"2022-09-23T08:17:57","guid":{"rendered":"https:\/\/tipandtrips.es\/?post_type=product&#038;p=8306"},"modified":"2022-09-23T08:46:32","modified_gmt":"2022-09-23T08:46:32","slug":"reserva-pico-del-teide-en-tenerife","status":"publish","type":"product","link":"https:\/\/tipandtrips.es\/es\/producto\/reserva-pico-del-teide-en-tenerife\/","title":{"rendered":"Reserva &#8211; Pico del Teide en Tenerife"},"content":{"rendered":"","protected":false},"excerpt":{"rendered":"<p>El <strong>Teide<\/strong> es el pico m\u00e1s alto de Espa\u00f1a (3.718 metros) y uno de los mayores volcanes del mundo. Tener las <strong>Islas Canarias<\/strong> a tus pies y poder verlas desde all\u00ed es algo que no olvidar\u00e1s. Sube a la cima del Teide y, dependiendo de la claridad del d\u00eda y de las nubes, podr\u00e1s ver Gran Canaria, La Palma, La Gomera ,y si tienes suerte incluso El Hierro. En raras ocasiones se pueden ver las siete islas. Para subir se necesita un permiso especial que tambi\u00e9n gestionamos nosotros. Conquistar la cima nos llevar\u00e1 cinco horas y media, 1300 metros de desnivel en positivo. Para bajar: se puede bajar en telef\u00e9rico o caminando. \u00a1Recuerda llevar un bocadillo!<\/p>\n","protected":false},"featured_media":6918,"template":"","meta":[],"product_cat":[461],"product_tag":[623,460,624,530],"yoast_head":"<!-- This site is optimized with the Yoast SEO plugin v19.1 - https:\/\/yoast.com\/wordpress\/plugins\/seo\/ -->\n<title>Reserva - Pico del Teide en Tenerife - Tip and Trips<\/title>\n<meta name=\"description\" content=\"Book - Teide is the highest volcano in Spain, one of the largest in the world and one of the most visited national parks. Conquer its summit with us!\" \/>\n<meta name=\"robots\" content=\"index, follow, max-snippet:-1, max-image-preview:large, max-video-preview:-1\" \/>\n<link rel=\"canonical\" href=\"https:\/\/tipandtrips.es\/es\/producto\/reserva-pico-del-teide-en-tenerife\/\" \/>\n<meta property=\"og:locale\" content=\"es_ES\" \/>\n<meta property=\"og:type\" content=\"article\" \/>\n<meta property=\"og:title\" content=\"Reserva - Pico del Teide en Tenerife - Tip and Trips\" \/>\n<meta property=\"og:description\" content=\"Book - Teide is the highest volcano in Spain, one of the largest in the world and one of the most visited national parks. Conquer its summit with us!\" \/>\n<meta property=\"og:url\" content=\"https:\/\/tipandtrips.es\/es\/producto\/reserva-pico-del-teide-en-tenerife\/\" \/>\n<meta property=\"og:site_name\" content=\"Tip and Trips\" \/>\n<meta property=\"article:modified_time\" content=\"2022-09-23T08:46:32+00:00\" \/>\n<meta property=\"og:image\" content=\"https:\/\/tipandtrips.es\/wp-content\/uploads\/2021\/04\/20200812_121055_resized_20210427_125028685.jpg\" \/>\n\t<meta property=\"og:image:width\" content=\"2016\" \/>\n\t<meta property=\"og:image:height\" content=\"1512\" \/>\n\t<meta property=\"og:image:type\" content=\"image\/jpeg\" \/>\n<meta name=\"twitter:card\" content=\"summary_large_image\" \/>\n<script type=\"application\/ld+json\" class=\"yoast-schema-graph\">{\"@context\":\"https:\/\/schema.org\",\"@graph\":[{\"@type\":\"Organization\",\"@id\":\"https:\/\/tipandtrips.es\/#organization\",\"name\":\"Tip And Trips\",\"url\":\"https:\/\/tipandtrips.es\/\",\"sameAs\":[],\"logo\":{\"@type\":\"ImageObject\",\"inLanguage\":\"es\",\"@id\":\"https:\/\/tipandtrips.es\/#\/schema\/logo\/image\/\",\"url\":\"https:\/\/tipandtrips.es\/wp-content\/uploads\/2021\/02\/TipTrips_Web_trans.png\",\"contentUrl\":\"https:\/\/tipandtrips.es\/wp-content\/uploads\/2021\/02\/TipTrips_Web_trans.png\",\"width\":3763,\"height\":1998,\"caption\":\"Tip And Trips\"},\"image\":{\"@id\":\"https:\/\/tipandtrips.es\/#\/schema\/logo\/image\/\"}},{\"@type\":\"WebSite\",\"@id\":\"https:\/\/tipandtrips.es\/#website\",\"url\":\"https:\/\/tipandtrips.es\/\",\"name\":\"Tip and Trips\",\"description\":\"Actividades y excursiones en las Islas Canarias\",\"publisher\":{\"@id\":\"https:\/\/tipandtrips.es\/#organization\"},\"potentialAction\":[{\"@type\":\"SearchAction\",\"target\":{\"@type\":\"EntryPoint\",\"urlTemplate\":\"https:\/\/tipandtrips.es\/?s={search_term_string}\"},\"query-input\":\"required name=search_term_string\"}],\"inLanguage\":\"es\"},{\"@type\":\"ImageObject\",\"inLanguage\":\"es\",\"@id\":\"https:\/\/tipandtrips.es\/es\/producto\/reserva-pico-del-teide-en-tenerife\/#primaryimage\",\"url\":\"https:\/\/tipandtrips.es\/wp-content\/uploads\/2021\/04\/20200812_121055_resized_20210427_125028685.jpg\",\"contentUrl\":\"https:\/\/tipandtrips.es\/wp-content\/uploads\/2021\/04\/20200812_121055_resized_20210427_125028685.jpg\",\"width\":2016,\"height\":1512},{\"@type\":\"WebPage\",\"@id\":\"https:\/\/tipandtrips.es\/es\/producto\/reserva-pico-del-teide-en-tenerife\/#webpage\",\"url\":\"https:\/\/tipandtrips.es\/es\/producto\/reserva-pico-del-teide-en-tenerife\/\",\"name\":\"Reserva - Pico del Teide en Tenerife - Tip and Trips\",\"isPartOf\":{\"@id\":\"https:\/\/tipandtrips.es\/#website\"},\"primaryImageOfPage\":{\"@id\":\"https:\/\/tipandtrips.es\/es\/producto\/reserva-pico-del-teide-en-tenerife\/#primaryimage\"},\"datePublished\":\"2022-09-23T08:17:57+00:00\",\"dateModified\":\"2022-09-23T08:46:32+00:00\",\"description\":\"Book - Teide is the highest volcano in Spain, one of the largest in the world and one of the most visited national parks. Conquer its summit with us!\",\"breadcrumb\":{\"@id\":\"https:\/\/tipandtrips.es\/es\/producto\/reserva-pico-del-teide-en-tenerife\/#breadcrumb\"},\"inLanguage\":\"es\",\"potentialAction\":[{\"@type\":\"ReadAction\",\"target\":[\"https:\/\/tipandtrips.es\/es\/producto\/reserva-pico-del-teide-en-tenerife\/\"]}]},{\"@type\":\"BreadcrumbList\",\"@id\":\"https:\/\/tipandtrips.es\/es\/producto\/reserva-pico-del-teide-en-tenerife\/#breadcrumb\",\"itemListElement\":[{\"@type\":\"ListItem\",\"position\":1,\"name\":\"Portada\",\"item\":\"https:\/\/tipandtrips.es\/es\/\"},{\"@type\":\"ListItem\",\"position\":2,\"name\":\"Tienda\",\"item\":\"https:\/\/tipandtrips.es\/es\/tienda\/\"},{\"@type\":\"ListItem\",\"position\":3,\"name\":\"Reserva &#8211; Pico del Teide en Tenerife\"}]}]}<\/script>\n<!-- \/ Yoast SEO plugin. -->","yoast_head_json":{"title":"Reserva - Pico del Teide en Tenerife - Tip and Trips","description":"Book - Teide is the highest volcano in Spain, one of the largest in the world and one of the most visited national parks. Conquer its summit with us!","robots":{"index":"index","follow":"follow","max-snippet":"max-snippet:-1","max-image-preview":"max-image-preview:large","max-video-preview":"max-video-preview:-1"},"canonical":"https:\/\/tipandtrips.es\/es\/producto\/reserva-pico-del-teide-en-tenerife\/","og_locale":"es_ES","og_type":"article","og_title":"Reserva - Pico del Teide en Tenerife - Tip and Trips","og_description":"Book - Teide is the highest volcano in Spain, one of the largest in the world and one of the most visited national parks. Conquer its summit with us!","og_url":"https:\/\/tipandtrips.es\/es\/producto\/reserva-pico-del-teide-en-tenerife\/","og_site_name":"Tip and Trips","article_modified_time":"2022-09-23T08:46:32+00:00","og_image":[{"width":2016,"height":1512,"url":"https:\/\/tipandtrips.es\/wp-content\/uploads\/2021\/04\/20200812_121055_resized_20210427_125028685.jpg","type":"image\/jpeg"}],"twitter_card":"summary_large_image","schema":{"@context":"https:\/\/schema.org","@graph":[{"@type":"Organization","@id":"https:\/\/tipandtrips.es\/#organization","name":"Tip And Trips","url":"https:\/\/tipandtrips.es\/","sameAs":[],"logo":{"@type":"ImageObject","inLanguage":"es","@id":"https:\/\/tipandtrips.es\/#\/schema\/logo\/image\/","url":"https:\/\/tipandtrips.es\/wp-content\/uploads\/2021\/02\/TipTrips_Web_trans.png","contentUrl":"https:\/\/tipandtrips.es\/wp-content\/uploads\/2021\/02\/TipTrips_Web_trans.png","width":3763,"height":1998,"caption":"Tip And Trips"},"image":{"@id":"https:\/\/tipandtrips.es\/#\/schema\/logo\/image\/"}},{"@type":"WebSite","@id":"https:\/\/tipandtrips.es\/#website","url":"https:\/\/tipandtrips.es\/","name":"Tip and Trips","description":"Actividades y excursiones en las Islas Canarias","publisher":{"@id":"https:\/\/tipandtrips.es\/#organization"},"potentialAction":[{"@type":"SearchAction","target":{"@type":"EntryPoint","urlTemplate":"https:\/\/tipandtrips.es\/?s={search_term_string}"},"query-input":"required name=search_term_string"}],"inLanguage":"es"},{"@type":"ImageObject","inLanguage":"es","@id":"https:\/\/tipandtrips.es\/es\/producto\/reserva-pico-del-teide-en-tenerife\/#primaryimage","url":"https:\/\/tipandtrips.es\/wp-content\/uploads\/2021\/04\/20200812_121055_resized_20210427_125028685.jpg","contentUrl":"https:\/\/tipandtrips.es\/wp-content\/uploads\/2021\/04\/20200812_121055_resized_20210427_125028685.jpg","width":2016,"height":1512},{"@type":"WebPage","@id":"https:\/\/tipandtrips.es\/es\/producto\/reserva-pico-del-teide-en-tenerife\/#webpage","url":"https:\/\/tipandtrips.es\/es\/producto\/reserva-pico-del-teide-en-tenerife\/","name":"Reserva - Pico del Teide en Tenerife - Tip and Trips","isPartOf":{"@id":"https:\/\/tipandtrips.es\/#website"},"primaryImageOfPage":{"@id":"https:\/\/tipandtrips.es\/es\/producto\/reserva-pico-del-teide-en-tenerife\/#primaryimage"},"datePublished":"2022-09-23T08:17:57+00:00","dateModified":"2022-09-23T08:46:32+00:00","description":"Book - Teide is the highest volcano in Spain, one of the largest in the world and one of the most visited national parks. Conquer its summit with us!","breadcrumb":{"@id":"https:\/\/tipandtrips.es\/es\/producto\/reserva-pico-del-teide-en-tenerife\/#breadcrumb"},"inLanguage":"es","potentialAction":[{"@type":"ReadAction","target":["https:\/\/tipandtrips.es\/es\/producto\/reserva-pico-del-teide-en-tenerife\/"]}]},{"@type":"BreadcrumbList","@id":"https:\/\/tipandtrips.es\/es\/producto\/reserva-pico-del-teide-en-tenerife\/#breadcrumb","itemListElement":[{"@type":"ListItem","position":1,"name":"Portada","item":"https:\/\/tipandtrips.es\/es\/"},{"@type":"ListItem","position":2,"name":"Tienda","item":"https:\/\/tipandtrips.es\/es\/tienda\/"},{"@type":"ListItem","position":3,"name":"Reserva &#8211; Pico del Teide en Tenerife"}]}]}},"_links":{"self":[{"href":"https:\/\/tipandtrips.es\/es\/wp-json\/wp\/v2\/product\/8306"}],"collection":[{"href":"https:\/\/tipandtrips.es\/es\/wp-json\/wp\/v2\/product"}],"about":[{"href":"https:\/\/tipandtrips.es\/es\/wp-json\/wp\/v2\/types\/product"}],"wp:featuredmedia":[{"embeddable":true,"href":"https:\/\/tipandtrips.es\/es\/wp-json\/wp\/v2\/media\/6918"}],"wp:attachment":[{"href":"https:\/\/tipandtrips.es\/es\/wp-json\/wp\/v2\/media?parent=8306"}],"wp:term":[{"taxonomy":"product_cat","embeddable":true,"href":"https:\/\/tipandtrips.es\/es\/wp-json\/wp\/v2\/product_cat?post=8306"},{"taxonomy":"product_tag","embeddable":true,"href":"https:\/\/tipandtrips.es\/es\/wp-json\/wp\/v2\/product_tag?post=8306"}],"curies":[{"name":"wp","href":"https:\/\/api.w.org\/{rel}","templated":true}]}}