{"id":8906,"date":"2023-01-20T09:20:17","date_gmt":"2023-01-20T09:20:17","guid":{"rendered":"https:\/\/tipandtrips.es\/?post_type=product&#038;p=8906"},"modified":"2023-02-06T09:57:36","modified_gmt":"2023-02-06T09:57:36","slug":"reserva-escalada-en-gran-canaria","status":"publish","type":"product","link":"https:\/\/tipandtrips.es\/es\/producto\/reserva-escalada-en-gran-canaria\/","title":{"rendered":"Reserva &#8211; Escalada en Gran Canaria"},"content":{"rendered":"","protected":false},"excerpt":{"rendered":"<p>Hacer escalada en Gran Canaria es una forma de desconectar de nuestro d\u00eda a d\u00eda durante unas horas. Adem\u00e1s es te pones a prueba tu forma f\u00edsica y mental a la par que te diviertes y ves la isla desde una perspectiva distinta<\/p>\n<p>Conectar con la naturaleza desde una roca o subida a ella y llegar a la cima es una sensaci\u00f3n espectacular. Llena tu d\u00eda de adrenalina mientras vuelves a tus or\u00edgenes.<\/p>\n<p>Dependiendo de las nociones que tengas sobre la escalada iremos a un lugar u otro.<\/p>\n","protected":false},"featured_media":8972,"template":"","meta":[],"product_cat":[687,749],"product_tag":[584,689,690,691],"yoast_head":"<!-- This site is optimized with the Yoast SEO plugin v19.1 - https:\/\/yoast.com\/wordpress\/plugins\/seo\/ -->\n<title>Reserva - Escalada en Gran Canaria - Tip and Trips<\/title>\n<meta name=\"description\" content=\"Reserva - Via ferrata. Excursi\u00f3n de 3 - 3,5 horas en el Sur de Gran Canaria. Altura, adrenalina, r\u00e1pel, puentes de monos, etc. Fotos Incluidas.\" \/>\n<meta name=\"robots\" content=\"index, follow, max-snippet:-1, max-image-preview:large, max-video-preview:-1\" \/>\n<link rel=\"canonical\" href=\"https:\/\/tipandtrips.es\/es\/producto\/reserva-escalada-en-gran-canaria\/\" \/>\n<meta property=\"og:locale\" content=\"es_ES\" \/>\n<meta property=\"og:type\" content=\"article\" \/>\n<meta property=\"og:title\" content=\"Reserva - Escalada en Gran Canaria - Tip and Trips\" \/>\n<meta property=\"og:description\" content=\"Reserva - Via ferrata. Excursi\u00f3n de 3 - 3,5 horas en el Sur de Gran Canaria. Altura, adrenalina, r\u00e1pel, puentes de monos, etc. Fotos Incluidas.\" \/>\n<meta property=\"og:url\" content=\"https:\/\/tipandtrips.es\/es\/producto\/reserva-escalada-en-gran-canaria\/\" \/>\n<meta property=\"og:site_name\" content=\"Tip and Trips\" \/>\n<meta property=\"article:modified_time\" content=\"2023-02-06T09:57:36+00:00\" \/>\n<meta property=\"og:image\" content=\"https:\/\/tipandtrips.es\/wp-content\/uploads\/2023\/01\/WhatsApp-Image-2023-01-19-at-08.14.24.jpeg\" \/>\n\t<meta property=\"og:image:width\" content=\"967\" \/>\n\t<meta property=\"og:image:height\" content=\"1450\" \/>\n\t<meta property=\"og:image:type\" content=\"image\/jpeg\" \/>\n<meta name=\"twitter:card\" content=\"summary_large_image\" \/>\n<script type=\"application\/ld+json\" class=\"yoast-schema-graph\">{\"@context\":\"https:\/\/schema.org\",\"@graph\":[{\"@type\":\"Organization\",\"@id\":\"https:\/\/tipandtrips.es\/#organization\",\"name\":\"Tip And Trips\",\"url\":\"https:\/\/tipandtrips.es\/\",\"sameAs\":[],\"logo\":{\"@type\":\"ImageObject\",\"inLanguage\":\"es\",\"@id\":\"https:\/\/tipandtrips.es\/#\/schema\/logo\/image\/\",\"url\":\"https:\/\/tipandtrips.es\/wp-content\/uploads\/2021\/02\/TipTrips_Web_trans.png\",\"contentUrl\":\"https:\/\/tipandtrips.es\/wp-content\/uploads\/2021\/02\/TipTrips_Web_trans.png\",\"width\":3763,\"height\":1998,\"caption\":\"Tip And Trips\"},\"image\":{\"@id\":\"https:\/\/tipandtrips.es\/#\/schema\/logo\/image\/\"}},{\"@type\":\"WebSite\",\"@id\":\"https:\/\/tipandtrips.es\/#website\",\"url\":\"https:\/\/tipandtrips.es\/\",\"name\":\"Tip and Trips\",\"description\":\"Actividades y excursiones en las Islas Canarias\",\"publisher\":{\"@id\":\"https:\/\/tipandtrips.es\/#organization\"},\"potentialAction\":[{\"@type\":\"SearchAction\",\"target\":{\"@type\":\"EntryPoint\",\"urlTemplate\":\"https:\/\/tipandtrips.es\/?s={search_term_string}\"},\"query-input\":\"required name=search_term_string\"}],\"inLanguage\":\"es\"},{\"@type\":\"ImageObject\",\"inLanguage\":\"es\",\"@id\":\"https:\/\/tipandtrips.es\/es\/producto\/reserva-escalada-en-gran-canaria\/#primaryimage\",\"url\":\"https:\/\/tipandtrips.es\/wp-content\/uploads\/2023\/01\/WhatsApp-Image-2023-01-19-at-08.14.24.jpeg\",\"contentUrl\":\"https:\/\/tipandtrips.es\/wp-content\/uploads\/2023\/01\/WhatsApp-Image-2023-01-19-at-08.14.24.jpeg\",\"width\":967,\"height\":1450,\"caption\":\"Escala en gran canaria\"},{\"@type\":\"WebPage\",\"@id\":\"https:\/\/tipandtrips.es\/es\/producto\/reserva-escalada-en-gran-canaria\/#webpage\",\"url\":\"https:\/\/tipandtrips.es\/es\/producto\/reserva-escalada-en-gran-canaria\/\",\"name\":\"Reserva - Escalada en Gran Canaria - Tip and Trips\",\"isPartOf\":{\"@id\":\"https:\/\/tipandtrips.es\/#website\"},\"primaryImageOfPage\":{\"@id\":\"https:\/\/tipandtrips.es\/es\/producto\/reserva-escalada-en-gran-canaria\/#primaryimage\"},\"datePublished\":\"2023-01-20T09:20:17+00:00\",\"dateModified\":\"2023-02-06T09:57:36+00:00\",\"description\":\"Reserva - Via ferrata. Excursi\u00f3n de 3 - 3,5 horas en el Sur de Gran Canaria. Altura, adrenalina, r\u00e1pel, puentes de monos, etc. Fotos Incluidas.\",\"breadcrumb\":{\"@id\":\"https:\/\/tipandtrips.es\/es\/producto\/reserva-escalada-en-gran-canaria\/#breadcrumb\"},\"inLanguage\":\"es\",\"potentialAction\":[{\"@type\":\"ReadAction\",\"target\":[\"https:\/\/tipandtrips.es\/es\/producto\/reserva-escalada-en-gran-canaria\/\"]}]},{\"@type\":\"BreadcrumbList\",\"@id\":\"https:\/\/tipandtrips.es\/es\/producto\/reserva-escalada-en-gran-canaria\/#breadcrumb\",\"itemListElement\":[{\"@type\":\"ListItem\",\"position\":1,\"name\":\"Portada\",\"item\":\"https:\/\/tipandtrips.es\/es\/\"},{\"@type\":\"ListItem\",\"position\":2,\"name\":\"Tienda\",\"item\":\"https:\/\/tipandtrips.es\/es\/tienda\/\"},{\"@type\":\"ListItem\",\"position\":3,\"name\":\"Reserva &#8211; Escalada en Gran Canaria\"}]}]}<\/script>\n<!-- \/ Yoast SEO plugin. -->","yoast_head_json":{"title":"Reserva - Escalada en Gran Canaria - Tip and Trips","description":"Reserva - Via ferrata. Excursi\u00f3n de 3 - 3,5 horas en el Sur de Gran Canaria. Altura, adrenalina, r\u00e1pel, puentes de monos, etc. Fotos Incluidas.","robots":{"index":"index","follow":"follow","max-snippet":"max-snippet:-1","max-image-preview":"max-image-preview:large","max-video-preview":"max-video-preview:-1"},"canonical":"https:\/\/tipandtrips.es\/es\/producto\/reserva-escalada-en-gran-canaria\/","og_locale":"es_ES","og_type":"article","og_title":"Reserva - Escalada en Gran Canaria - Tip and Trips","og_description":"Reserva - Via ferrata. Excursi\u00f3n de 3 - 3,5 horas en el Sur de Gran Canaria. Altura, adrenalina, r\u00e1pel, puentes de monos, etc. Fotos Incluidas.","og_url":"https:\/\/tipandtrips.es\/es\/producto\/reserva-escalada-en-gran-canaria\/","og_site_name":"Tip and Trips","article_modified_time":"2023-02-06T09:57:36+00:00","og_image":[{"width":967,"height":1450,"url":"https:\/\/tipandtrips.es\/wp-content\/uploads\/2023\/01\/WhatsApp-Image-2023-01-19-at-08.14.24.jpeg","type":"image\/jpeg"}],"twitter_card":"summary_large_image","schema":{"@context":"https:\/\/schema.org","@graph":[{"@type":"Organization","@id":"https:\/\/tipandtrips.es\/#organization","name":"Tip And Trips","url":"https:\/\/tipandtrips.es\/","sameAs":[],"logo":{"@type":"ImageObject","inLanguage":"es","@id":"https:\/\/tipandtrips.es\/#\/schema\/logo\/image\/","url":"https:\/\/tipandtrips.es\/wp-content\/uploads\/2021\/02\/TipTrips_Web_trans.png","contentUrl":"https:\/\/tipandtrips.es\/wp-content\/uploads\/2021\/02\/TipTrips_Web_trans.png","width":3763,"height":1998,"caption":"Tip And Trips"},"image":{"@id":"https:\/\/tipandtrips.es\/#\/schema\/logo\/image\/"}},{"@type":"WebSite","@id":"https:\/\/tipandtrips.es\/#website","url":"https:\/\/tipandtrips.es\/","name":"Tip and Trips","description":"Actividades y excursiones en las Islas Canarias","publisher":{"@id":"https:\/\/tipandtrips.es\/#organization"},"potentialAction":[{"@type":"SearchAction","target":{"@type":"EntryPoint","urlTemplate":"https:\/\/tipandtrips.es\/?s={search_term_string}"},"query-input":"required name=search_term_string"}],"inLanguage":"es"},{"@type":"ImageObject","inLanguage":"es","@id":"https:\/\/tipandtrips.es\/es\/producto\/reserva-escalada-en-gran-canaria\/#primaryimage","url":"https:\/\/tipandtrips.es\/wp-content\/uploads\/2023\/01\/WhatsApp-Image-2023-01-19-at-08.14.24.jpeg","contentUrl":"https:\/\/tipandtrips.es\/wp-content\/uploads\/2023\/01\/WhatsApp-Image-2023-01-19-at-08.14.24.jpeg","width":967,"height":1450,"caption":"Escala en gran canaria"},{"@type":"WebPage","@id":"https:\/\/tipandtrips.es\/es\/producto\/reserva-escalada-en-gran-canaria\/#webpage","url":"https:\/\/tipandtrips.es\/es\/producto\/reserva-escalada-en-gran-canaria\/","name":"Reserva - Escalada en Gran Canaria - Tip and Trips","isPartOf":{"@id":"https:\/\/tipandtrips.es\/#website"},"primaryImageOfPage":{"@id":"https:\/\/tipandtrips.es\/es\/producto\/reserva-escalada-en-gran-canaria\/#primaryimage"},"datePublished":"2023-01-20T09:20:17+00:00","dateModified":"2023-02-06T09:57:36+00:00","description":"Reserva - Via ferrata. Excursi\u00f3n de 3 - 3,5 horas en el Sur de Gran Canaria. Altura, adrenalina, r\u00e1pel, puentes de monos, etc. Fotos Incluidas.","breadcrumb":{"@id":"https:\/\/tipandtrips.es\/es\/producto\/reserva-escalada-en-gran-canaria\/#breadcrumb"},"inLanguage":"es","potentialAction":[{"@type":"ReadAction","target":["https:\/\/tipandtrips.es\/es\/producto\/reserva-escalada-en-gran-canaria\/"]}]},{"@type":"BreadcrumbList","@id":"https:\/\/tipandtrips.es\/es\/producto\/reserva-escalada-en-gran-canaria\/#breadcrumb","itemListElement":[{"@type":"ListItem","position":1,"name":"Portada","item":"https:\/\/tipandtrips.es\/es\/"},{"@type":"ListItem","position":2,"name":"Tienda","item":"https:\/\/tipandtrips.es\/es\/tienda\/"},{"@type":"ListItem","position":3,"name":"Reserva &#8211; Escalada en Gran Canaria"}]}]}},"_links":{"self":[{"href":"https:\/\/tipandtrips.es\/es\/wp-json\/wp\/v2\/product\/8906"}],"collection":[{"href":"https:\/\/tipandtrips.es\/es\/wp-json\/wp\/v2\/product"}],"about":[{"href":"https:\/\/tipandtrips.es\/es\/wp-json\/wp\/v2\/types\/product"}],"wp:featuredmedia":[{"embeddable":true,"href":"https:\/\/tipandtrips.es\/es\/wp-json\/wp\/v2\/media\/8972"}],"wp:attachment":[{"href":"https:\/\/tipandtrips.es\/es\/wp-json\/wp\/v2\/media?parent=8906"}],"wp:term":[{"taxonomy":"product_cat","embeddable":true,"href":"https:\/\/tipandtrips.es\/es\/wp-json\/wp\/v2\/product_cat?post=8906"},{"taxonomy":"product_tag","embeddable":true,"href":"https:\/\/tipandtrips.es\/es\/wp-json\/wp\/v2\/product_tag?post=8906"}],"curies":[{"name":"wp","href":"https:\/\/api.w.org\/{rel}","templated":true}]}}