{"id":9643,"date":"2024-09-23T12:14:47","date_gmt":"2024-09-23T12:14:47","guid":{"rendered":"https:\/\/tipandtrips.es\/product\/book-now-paddle-surf-and-snorkel-in-tenerife\/"},"modified":"2024-10-15T12:33:23","modified_gmt":"2024-10-15T12:33:23","slug":"reserva-ahora-paddle-surf-y-snorkel-en-tenerife","status":"publish","type":"product","link":"https:\/\/tipandtrips.es\/es\/producto\/reserva-ahora-paddle-surf-y-snorkel-en-tenerife\/","title":{"rendered":"Reserva ahora &#8211; Paddle surf y Snorkel en Tenerife"},"content":{"rendered":"","protected":false},"excerpt":{"rendered":"<h3><span style=\"font-weight: 400; color: #ed8b00;\">Qu\u00e9 incluye la experiencia de Paddle Surf y snorkel en Tenerife<\/span><\/h3>\n<p><strong>Entrega de Material y Explicaci\u00f3n del Tour<\/strong>: \ud83d\udef6 Conoce todos los detalles antes de salir.<br \/>\n<strong>Teor\u00eda y T\u00e9cnica de Paddle Surf: \ud83d\udcda <\/strong>Aprende las habilidades esenciales.<br \/>\n<strong>Equipo de Snorkel:<\/strong> \ud83d\udc20 Sum\u00e9rgete y explora el fascinante mundo marino.<\/p>\n<h3><span style=\"font-weight: 400; color: #ed8b00;\">Detalles del tour<\/span><\/h3>\n<p><strong>Duraci\u00f3n<\/strong>: 2 horas<br \/>\n<strong>Horario<\/strong>: Ma\u00f1ana y tarde<br \/>\n<strong>Salida<\/strong>: Desde La Caleta<\/p>\n<h3><span style=\"font-weight: 400; color: #ed8b00;\">Requisitos<\/span><\/h3>\n<p><strong>Edad m\u00ednima:<\/strong> 8 a\u00f1os<br \/>\n<strong>Condici\u00f3n:<\/strong> Saber nadar<\/p>\n<p>* Los horarios de reserva son aproximados y pueden variar ligeramente debido a las mareas y las condiciones del mar.rife<\/p>\n<p>&nbsp;<\/p>\n","protected":false},"featured_media":9579,"template":"","meta":[],"product_cat":[687,464],"product_tag":[584,623,701,460,769,573],"yoast_head":"<!-- This site is optimized with the Yoast SEO plugin v19.1 - https:\/\/yoast.com\/wordpress\/plugins\/seo\/ -->\n<title>Reserva ahora - Paddle surf y Snorkel en Tenerife - Tip and Trips<\/title>\n<meta name=\"robots\" content=\"index, follow, max-snippet:-1, max-image-preview:large, max-video-preview:-1\" \/>\n<link rel=\"canonical\" href=\"https:\/\/tipandtrips.es\/es\/producto\/reserva-ahora-paddle-surf-y-snorkel-en-tenerife\/\" \/>\n<meta property=\"og:locale\" content=\"es_ES\" \/>\n<meta property=\"og:type\" content=\"article\" \/>\n<meta property=\"og:title\" content=\"Reserva ahora - Paddle surf y Snorkel en Tenerife - Tip and Trips\" \/>\n<meta property=\"og:description\" content=\"Qu\u00e9 incluye la experiencia de Paddle Surf y snorkel en Tenerife Entrega de Material y Explicaci\u00f3n del Tour: \ud83d\udef6 Conoce todos los detalles antes de salir. Teor\u00eda y T\u00e9cnica de Paddle Surf: \ud83d\udcda Aprende las habilidades esenciales. Equipo de Snorkel: \ud83d\udc20 Sum\u00e9rgete y explora el fascinante mundo marino. Detalles del tour Duraci\u00f3n: 2 horas Horario: Ma\u00f1ana y tarde Salida: Desde La Caleta Requisitos Edad m\u00ednima: 8 a\u00f1os Condici\u00f3n: Saber nadar  * Los horarios de reserva son aproximados y pueden variar ligeramente debido a las mareas y las condiciones del mar.rife  &nbsp;\" \/>\n<meta property=\"og:url\" content=\"https:\/\/tipandtrips.es\/es\/producto\/reserva-ahora-paddle-surf-y-snorkel-en-tenerife\/\" \/>\n<meta property=\"og:site_name\" content=\"Tip and Trips\" \/>\n<meta property=\"article:modified_time\" content=\"2024-10-15T12:33:23+00:00\" \/>\n<meta property=\"og:image\" content=\"https:\/\/tipandtrips.es\/wp-content\/uploads\/2024\/08\/3-768x768.png\" \/>\n\t<meta property=\"og:image:width\" content=\"768\" \/>\n\t<meta property=\"og:image:height\" content=\"768\" \/>\n\t<meta property=\"og:image:type\" content=\"image\/png\" \/>\n<meta name=\"twitter:card\" content=\"summary_large_image\" \/>\n<script type=\"application\/ld+json\" class=\"yoast-schema-graph\">{\"@context\":\"https:\/\/schema.org\",\"@graph\":[{\"@type\":\"Organization\",\"@id\":\"https:\/\/tipandtrips.es\/#organization\",\"name\":\"Tip And Trips\",\"url\":\"https:\/\/tipandtrips.es\/\",\"sameAs\":[],\"logo\":{\"@type\":\"ImageObject\",\"inLanguage\":\"es\",\"@id\":\"https:\/\/tipandtrips.es\/#\/schema\/logo\/image\/\",\"url\":\"https:\/\/tipandtrips.es\/wp-content\/uploads\/2021\/02\/TipTrips_Web_trans.png\",\"contentUrl\":\"https:\/\/tipandtrips.es\/wp-content\/uploads\/2021\/02\/TipTrips_Web_trans.png\",\"width\":3763,\"height\":1998,\"caption\":\"Tip And Trips\"},\"image\":{\"@id\":\"https:\/\/tipandtrips.es\/#\/schema\/logo\/image\/\"}},{\"@type\":\"WebSite\",\"@id\":\"https:\/\/tipandtrips.es\/#website\",\"url\":\"https:\/\/tipandtrips.es\/\",\"name\":\"Tip and Trips\",\"description\":\"Actividades y excursiones en las Islas Canarias\",\"publisher\":{\"@id\":\"https:\/\/tipandtrips.es\/#organization\"},\"potentialAction\":[{\"@type\":\"SearchAction\",\"target\":{\"@type\":\"EntryPoint\",\"urlTemplate\":\"https:\/\/tipandtrips.es\/?s={search_term_string}\"},\"query-input\":\"required name=search_term_string\"}],\"inLanguage\":\"es\"},{\"@type\":\"ImageObject\",\"inLanguage\":\"es\",\"@id\":\"https:\/\/tipandtrips.es\/es\/producto\/reserva-ahora-paddle-surf-y-snorkel-en-tenerife\/#primaryimage\",\"url\":\"https:\/\/tipandtrips.es\/wp-content\/uploads\/2024\/08\/3.png\",\"contentUrl\":\"https:\/\/tipandtrips.es\/wp-content\/uploads\/2024\/08\/3.png\",\"width\":1080,\"height\":1080,\"caption\":\"Padel surf en Tenerife sur\"},{\"@type\":\"WebPage\",\"@id\":\"https:\/\/tipandtrips.es\/es\/producto\/reserva-ahora-paddle-surf-y-snorkel-en-tenerife\/#webpage\",\"url\":\"https:\/\/tipandtrips.es\/es\/producto\/reserva-ahora-paddle-surf-y-snorkel-en-tenerife\/\",\"name\":\"Reserva ahora - Paddle surf y Snorkel en Tenerife - Tip and Trips\",\"isPartOf\":{\"@id\":\"https:\/\/tipandtrips.es\/#website\"},\"primaryImageOfPage\":{\"@id\":\"https:\/\/tipandtrips.es\/es\/producto\/reserva-ahora-paddle-surf-y-snorkel-en-tenerife\/#primaryimage\"},\"datePublished\":\"2024-09-23T12:14:47+00:00\",\"dateModified\":\"2024-10-15T12:33:23+00:00\",\"breadcrumb\":{\"@id\":\"https:\/\/tipandtrips.es\/es\/producto\/reserva-ahora-paddle-surf-y-snorkel-en-tenerife\/#breadcrumb\"},\"inLanguage\":\"es\",\"potentialAction\":[{\"@type\":\"ReadAction\",\"target\":[\"https:\/\/tipandtrips.es\/es\/producto\/reserva-ahora-paddle-surf-y-snorkel-en-tenerife\/\"]}]},{\"@type\":\"BreadcrumbList\",\"@id\":\"https:\/\/tipandtrips.es\/es\/producto\/reserva-ahora-paddle-surf-y-snorkel-en-tenerife\/#breadcrumb\",\"itemListElement\":[{\"@type\":\"ListItem\",\"position\":1,\"name\":\"Portada\",\"item\":\"https:\/\/tipandtrips.es\/es\/\"},{\"@type\":\"ListItem\",\"position\":2,\"name\":\"Tienda\",\"item\":\"https:\/\/tipandtrips.es\/es\/tienda\/\"},{\"@type\":\"ListItem\",\"position\":3,\"name\":\"Reserva ahora &#8211; Paddle surf y Snorkel en Tenerife\"}]}]}<\/script>\n<!-- \/ Yoast SEO plugin. -->","yoast_head_json":{"title":"Reserva ahora - Paddle surf y Snorkel en Tenerife - Tip and Trips","robots":{"index":"index","follow":"follow","max-snippet":"max-snippet:-1","max-image-preview":"max-image-preview:large","max-video-preview":"max-video-preview:-1"},"canonical":"https:\/\/tipandtrips.es\/es\/producto\/reserva-ahora-paddle-surf-y-snorkel-en-tenerife\/","og_locale":"es_ES","og_type":"article","og_title":"Reserva ahora - Paddle surf y Snorkel en Tenerife - Tip and Trips","og_description":"Qu\u00e9 incluye la experiencia de Paddle Surf y snorkel en Tenerife Entrega de Material y Explicaci\u00f3n del Tour: \ud83d\udef6 Conoce todos los detalles antes de salir. Teor\u00eda y T\u00e9cnica de Paddle Surf: \ud83d\udcda Aprende las habilidades esenciales. Equipo de Snorkel: \ud83d\udc20 Sum\u00e9rgete y explora el fascinante mundo marino. Detalles del tour Duraci\u00f3n: 2 horas Horario: Ma\u00f1ana y tarde Salida: Desde La Caleta Requisitos Edad m\u00ednima: 8 a\u00f1os Condici\u00f3n: Saber nadar  * Los horarios de reserva son aproximados y pueden variar ligeramente debido a las mareas y las condiciones del mar.rife  &nbsp;","og_url":"https:\/\/tipandtrips.es\/es\/producto\/reserva-ahora-paddle-surf-y-snorkel-en-tenerife\/","og_site_name":"Tip and Trips","article_modified_time":"2024-10-15T12:33:23+00:00","og_image":[{"width":768,"height":768,"url":"https:\/\/tipandtrips.es\/wp-content\/uploads\/2024\/08\/3-768x768.png","type":"image\/png"}],"twitter_card":"summary_large_image","schema":{"@context":"https:\/\/schema.org","@graph":[{"@type":"Organization","@id":"https:\/\/tipandtrips.es\/#organization","name":"Tip And Trips","url":"https:\/\/tipandtrips.es\/","sameAs":[],"logo":{"@type":"ImageObject","inLanguage":"es","@id":"https:\/\/tipandtrips.es\/#\/schema\/logo\/image\/","url":"https:\/\/tipandtrips.es\/wp-content\/uploads\/2021\/02\/TipTrips_Web_trans.png","contentUrl":"https:\/\/tipandtrips.es\/wp-content\/uploads\/2021\/02\/TipTrips_Web_trans.png","width":3763,"height":1998,"caption":"Tip And Trips"},"image":{"@id":"https:\/\/tipandtrips.es\/#\/schema\/logo\/image\/"}},{"@type":"WebSite","@id":"https:\/\/tipandtrips.es\/#website","url":"https:\/\/tipandtrips.es\/","name":"Tip and Trips","description":"Actividades y excursiones en las Islas Canarias","publisher":{"@id":"https:\/\/tipandtrips.es\/#organization"},"potentialAction":[{"@type":"SearchAction","target":{"@type":"EntryPoint","urlTemplate":"https:\/\/tipandtrips.es\/?s={search_term_string}"},"query-input":"required name=search_term_string"}],"inLanguage":"es"},{"@type":"ImageObject","inLanguage":"es","@id":"https:\/\/tipandtrips.es\/es\/producto\/reserva-ahora-paddle-surf-y-snorkel-en-tenerife\/#primaryimage","url":"https:\/\/tipandtrips.es\/wp-content\/uploads\/2024\/08\/3.png","contentUrl":"https:\/\/tipandtrips.es\/wp-content\/uploads\/2024\/08\/3.png","width":1080,"height":1080,"caption":"Padel surf en Tenerife sur"},{"@type":"WebPage","@id":"https:\/\/tipandtrips.es\/es\/producto\/reserva-ahora-paddle-surf-y-snorkel-en-tenerife\/#webpage","url":"https:\/\/tipandtrips.es\/es\/producto\/reserva-ahora-paddle-surf-y-snorkel-en-tenerife\/","name":"Reserva ahora - Paddle surf y Snorkel en Tenerife - Tip and Trips","isPartOf":{"@id":"https:\/\/tipandtrips.es\/#website"},"primaryImageOfPage":{"@id":"https:\/\/tipandtrips.es\/es\/producto\/reserva-ahora-paddle-surf-y-snorkel-en-tenerife\/#primaryimage"},"datePublished":"2024-09-23T12:14:47+00:00","dateModified":"2024-10-15T12:33:23+00:00","breadcrumb":{"@id":"https:\/\/tipandtrips.es\/es\/producto\/reserva-ahora-paddle-surf-y-snorkel-en-tenerife\/#breadcrumb"},"inLanguage":"es","potentialAction":[{"@type":"ReadAction","target":["https:\/\/tipandtrips.es\/es\/producto\/reserva-ahora-paddle-surf-y-snorkel-en-tenerife\/"]}]},{"@type":"BreadcrumbList","@id":"https:\/\/tipandtrips.es\/es\/producto\/reserva-ahora-paddle-surf-y-snorkel-en-tenerife\/#breadcrumb","itemListElement":[{"@type":"ListItem","position":1,"name":"Portada","item":"https:\/\/tipandtrips.es\/es\/"},{"@type":"ListItem","position":2,"name":"Tienda","item":"https:\/\/tipandtrips.es\/es\/tienda\/"},{"@type":"ListItem","position":3,"name":"Reserva ahora &#8211; Paddle surf y Snorkel en Tenerife"}]}]}},"_links":{"self":[{"href":"https:\/\/tipandtrips.es\/es\/wp-json\/wp\/v2\/product\/9643"}],"collection":[{"href":"https:\/\/tipandtrips.es\/es\/wp-json\/wp\/v2\/product"}],"about":[{"href":"https:\/\/tipandtrips.es\/es\/wp-json\/wp\/v2\/types\/product"}],"wp:featuredmedia":[{"embeddable":true,"href":"https:\/\/tipandtrips.es\/es\/wp-json\/wp\/v2\/media\/9579"}],"wp:attachment":[{"href":"https:\/\/tipandtrips.es\/es\/wp-json\/wp\/v2\/media?parent=9643"}],"wp:term":[{"taxonomy":"product_cat","embeddable":true,"href":"https:\/\/tipandtrips.es\/es\/wp-json\/wp\/v2\/product_cat?post=9643"},{"taxonomy":"product_tag","embeddable":true,"href":"https:\/\/tipandtrips.es\/es\/wp-json\/wp\/v2\/product_tag?post=9643"}],"curies":[{"name":"wp","href":"https:\/\/api.w.org\/{rel}","templated":true}]}}